{"id":3163,"date":"2013-09-24T14:07:24","date_gmt":"2013-09-09T15:19:23","guid":{"rendered":"http:\/\/www.customeeple.com\/?post_type=product&#038;p=3163"},"modified":"2016-03-31T11:21:28","modified_gmt":"2016-03-31T09:21:28","slug":"link-tokens-5-units","status":"publish","type":"product","link":"https:\/\/www.customeeple.com\/es\/producto\/link-tokens-5-units\/","title":{"rendered":"Fichas de enlace (5 unidades)"},"content":{"rendered":"<p>Mejora tus partidas de juegos de ambiente cyberpunk o de ciencia ficci\u00f3n con estos marcadores de enlace.<\/p>\n<p>El dise\u00f1o representa dos cuadrados (servidores) uni\u00e9ndose entre si. Puedes usarlos para marcar cuando conectas dos zonas en un juego como en <strong><a href=\"http:\/\/boardgamegeek.com\/boardgame\/124742\/android-netrunner\" target=\"_blank\">Android: Netrunner<\/a><\/strong>\u00a0 o <strong><a href=\"http:\/\/boardgamegeek.com\/boardgame\/1250\/hacker\">Hacker<\/a><\/strong><\/p>\n<div class=\"moreinfo\">\n<p><strong>Material:<\/strong> Metacrilato \u00a0magenta fluorescente<\/p>\n<p><strong>Espesor:<\/strong> 3mm<\/p>\n<p><strong>Tama\u00f1o:<\/strong> 1,5 x 1,5 cm de ancho<\/p>\n<p><strong>Uso:<\/strong> Dise\u00f1ados especialmente para marcar cuando se establece una conexi\u00f3n con una red.<\/p>\n<p><strong>Cantidad: <\/strong>5 unidades<\/p>\n<\/div>\n<p>\u00a0<\/p>\n<p><strong><a href=\"http:\/\/boardgamegeek.com\/boardgame\/124742\/android-netrunner\" target=\"_blank\">Android: Netrunner<\/a><\/strong>\u00a0es un juego de\u00a0<a href=\"http:\/\/boardgamegeek.com\/boardgamedesigner\/14\/richard-garfield\" target=\"_blank\">Richard Garfield<\/a>\u00a0publicado por\u00a0<a href=\"http:\/\/boardgamegeek.com\/boardgamepublisher\/2973\/edge-entertainment\" target=\"_blank\">Edge Entertainment\u00a0 <\/a><strong><a href=\"http:\/\/boardgamegeek.com\/boardgame\/1250\/hacker\">Hacker<\/a><\/strong> es un juego de <strong>Steve Jackson<\/strong> publicado por<strong><a href=\"http:\/\/www.sjgames.com\/\">Steve jackson games<\/a><\/strong> <strong>Customeeple<\/strong>\u00a0no esta asociada con estas compa\u00f1\u00edas y este producto no est\u00e1 de ninguna manera apoyado por ellas.<\/p>\n<div class=\"infopreorder\"><strong>Nota:<\/strong> Los colores de las piezas de metacrilato pueden variar ligeramente de los mostrados en la foto<\/div>\n","protected":false},"excerpt":{"rendered":"<p>5 marcadores para representar cuando se establece un enlace con una red<\/p>\n<p>&nbsp;<\/p>\n","protected":false},"featured_media":12028,"template":"","meta":{"_acf_changed":false},"product_brand":[],"product_cat":[812,78],"product_tag":[742,650,753,758,649],"class_list":{"0":"post-3163","1":"product","2":"type-product","3":"status-publish","4":"has-post-thumbnail","6":"product_cat-hacker-masterses","7":"product_cat-meeple-2","8":"product_tag-android-es-2","9":"product_tag-android-netrunner-es-2","10":"product_tag-edge-city-es-2","11":"product_tag-hacker-es-2","12":"product_tag-netrunner-es-2","13":"pa_methacrylate-colors-rojotrans-mtre","14":"pa_methacrylate-colors-magenta-fluor-mfma-es","16":"first","17":"instock","18":"taxable","19":"shipping-taxable","20":"purchasable","21":"product-type-variable"},"exclude_global_add_ons":[],"addons":[],"acf":[],"_links":{"self":[{"href":"https:\/\/www.customeeple.com\/es\/wp-json\/wp\/v2\/product\/3163","targetHints":{"allow":["GET"]}}],"collection":[{"href":"https:\/\/www.customeeple.com\/es\/wp-json\/wp\/v2\/product"}],"about":[{"href":"https:\/\/www.customeeple.com\/es\/wp-json\/wp\/v2\/types\/product"}],"wp:featuredmedia":[{"embeddable":true,"href":"https:\/\/www.customeeple.com\/es\/wp-json\/wp\/v2\/media\/12028"}],"wp:attachment":[{"href":"https:\/\/www.customeeple.com\/es\/wp-json\/wp\/v2\/media?parent=3163"}],"wp:term":[{"taxonomy":"product_brand","embeddable":true,"href":"https:\/\/www.customeeple.com\/es\/wp-json\/wp\/v2\/product_brand?post=3163"},{"taxonomy":"product_cat","embeddable":true,"href":"https:\/\/www.customeeple.com\/es\/wp-json\/wp\/v2\/product_cat?post=3163"},{"taxonomy":"product_tag","embeddable":true,"href":"https:\/\/www.customeeple.com\/es\/wp-json\/wp\/v2\/product_tag?post=3163"}],"curies":[{"name":"wp","href":"https:\/\/api.w.org\/{rel}","templated":true}]}}