{"id":31608,"date":"2017-10-14T13:51:56","date_gmt":"2017-10-14T11:51:56","guid":{"rendered":"http:\/\/www.customeeple.com\/?post_type=product&#038;p=31608\/"},"modified":"2019-09-06T10:40:16","modified_gmt":"2019-09-06T08:40:16","slug":"animal-sobre-animal-esp","status":"publish","type":"product","link":"https:\/\/www.customeeple.com\/es\/producto\/animal-sobre-animal-esp\/","title":{"rendered":"Animal sobre Animal (ESP)"},"content":{"rendered":"<div class=\"p_collection\">\n<div id=\"primary_block\" class=\"clearfix\">\n<div class=\"add-top p_collection\">\n<p>Este juego fomenta la coordinaci\u00f3n ojo-mano, la capacidad de imaginaci\u00f3n espacial y la motricidad.<\/p>\n<p>Instrucciones en castellano incluidas<\/p>\n<p>A los animales les encanta ejecutar su n\u00famero m\u00e1s espectacular: \u00a1la gran pir\u00e1mide!<br \/>\nPero deben ser muy cuidadosos.<\/p>\n<p>\u00bfQui\u00e9n conseguir\u00e1 colocar el ping\u00fcino sobre el cocodrilo, la oveja sobre el ping\u00fcino, la serpiente sobre la oveja&#8230;? Al oso le gustar\u00eda estar en lo alto de la pir\u00e1mide, pero la altura le marea.<\/p>\n<p>Un tambaleante y divertid\u00edsimo juego de habilidad que incluye variaci\u00f3n para un solo jugador.<\/p>\n<\/div>\n<\/div>\n<\/div>\n<div class=\"product_components double-top add-border\">\n<div>\n<p><strong>Cantidad de jugadores<\/strong>: 2-3-4<\/p>\n<p><strong>Duraci\u00f3n<\/strong>: 15 minutos<\/p>\n<p><strong>Edad<\/strong>: +3 a\u00f1os<\/p>\n<p><strong>Idioma<\/strong>: Espa\u00f1ol<\/p>\n<\/div>\n<div><\/div>\n<\/div>\n","protected":false},"excerpt":{"rendered":"<p>Boardgame.<\/p>\n","protected":false},"featured_media":31610,"template":"","meta":{"_acf_changed":false},"product_brand":[],"product_cat":[1991,1564,1653,1180],"product_tag":[1264,1280],"class_list":{"0":"post-31608","1":"product","2":"type-product","3":"status-publish","4":"has-post-thumbnail","6":"product_cat-ha-es","7":"product_cat-childrens-es","8":"product_cat-boardgames","9":"product_cat-retail-products-es","10":"product_tag-boardgame-es","11":"product_tag-juego-de-mesa-es","13":"first","14":"onbackorder","15":"sale","16":"taxable","17":"shipping-taxable","18":"purchasable","19":"product-type-simple"},"exclude_global_add_ons":[],"addons":[],"acf":[],"_links":{"self":[{"href":"https:\/\/www.customeeple.com\/es\/wp-json\/wp\/v2\/product\/31608","targetHints":{"allow":["GET"]}}],"collection":[{"href":"https:\/\/www.customeeple.com\/es\/wp-json\/wp\/v2\/product"}],"about":[{"href":"https:\/\/www.customeeple.com\/es\/wp-json\/wp\/v2\/types\/product"}],"wp:featuredmedia":[{"embeddable":true,"href":"https:\/\/www.customeeple.com\/es\/wp-json\/wp\/v2\/media\/31610"}],"wp:attachment":[{"href":"https:\/\/www.customeeple.com\/es\/wp-json\/wp\/v2\/media?parent=31608"}],"wp:term":[{"taxonomy":"product_brand","embeddable":true,"href":"https:\/\/www.customeeple.com\/es\/wp-json\/wp\/v2\/product_brand?post=31608"},{"taxonomy":"product_cat","embeddable":true,"href":"https:\/\/www.customeeple.com\/es\/wp-json\/wp\/v2\/product_cat?post=31608"},{"taxonomy":"product_tag","embeddable":true,"href":"https:\/\/www.customeeple.com\/es\/wp-json\/wp\/v2\/product_tag?post=31608"}],"curies":[{"name":"wp","href":"https:\/\/api.w.org\/{rel}","templated":true}]}}