{"id":31601,"date":"2017-10-14T14:41:01","date_gmt":"2017-11-06T11:41:02","guid":{"rendered":"http:\/\/www.customeeple.com\/?post_type=product&#038;p=31601\/"},"modified":"2024-05-27T10:05:50","modified_gmt":"2024-05-27T09:05:50","slug":"storytelling-esp","status":"publish","type":"product","link":"https:\/\/www.customeeple.com\/es\/producto\/storytelling-esp\/","title":{"rendered":"Storytelling (ESP)"},"content":{"rendered":"<div class=\"p_collection\">\n<div id=\"primary_block\" class=\"clearfix\">\n<div class=\"add-top p_collection\">\n<p>En Storytelling los jugadores eligen a cual de los cuatro juegos quieren jugar. Uno de los jugadores es el cuentacuentos y ser\u00e1 el que lea las cartas de historia, explicando el juego al resto de jugadores. En su turno, el jugador debe localizar las fichas con las ilustraciones que aparecen en la carta le\u00edda. Si las encuentra en el orden correcto gana esa carta que tiene indicados los puntos de victoria que confiere. Al final del juego, el jugador con mayor cantidad de puntos de victoria gana.<\/p>\n<p>Cada cuento posee reglas avanzadas que le dan un car\u00e1cter especial y distintivo. Una de las mec\u00e1nicas especiales convierte el juego en cooperativo.<\/p>\n<\/div>\n<\/div>\n<\/div>\n<div class=\"product_components double-top add-border\">\n<div>\n<p><strong>Contenido<\/strong>:<\/p>\n<ul>\n<li>64 fichas de ilustraci\u00f3n (16 por cuento: \u00abLos Tres cerditos\u00bb, \u00abCenicienta\u00bb, \u00abLa Liebre y la Tortuga\u00bb y \u00abLa Leyenda de San Jorge\u00bb.<\/li>\n<li>52 cartas de historia (13 por cuento) en espa\u00f1ol e ingl\u00e9s.<\/li>\n<li>52 cartas de historia (13 por cuento) en catal\u00e1n y alem\u00e1n.<\/li>\n<li>1 figura de resina de tortuga, 1 figura de resina de liebre, 1 ficha de cart\u00f3n de reloj<\/li>\n<li>Reglamento en espa\u00f1ol, catal\u00e1n, alem\u00e1n e ingl\u00e9s.<\/li>\n<\/ul>\n<p><strong>Cantidad de jugadores<\/strong>: 2-4<\/p>\n<p><strong>Duraci\u00f3n<\/strong>: 15\/20 minutos<\/p>\n<p><strong>Edad<\/strong>: +5 a\u00f1os<\/p>\n<p><strong>Idioma<\/strong>: Espa\u00f1ol<\/p>\n<\/div>\n<div><\/div>\n<\/div>\n","protected":false},"excerpt":{"rendered":"<p>Boardgame.<\/p>\n","protected":false},"featured_media":70802,"template":"","meta":{"_acf_changed":false},"product_brand":[],"product_cat":[1561,1564,1653,1556,1180],"product_tag":[1264,1280],"class_list":{"0":"post-31601","1":"product","2":"type-product","3":"status-publish","4":"has-post-thumbnail","6":"product_cat-familiar-es","7":"product_cat-childrens-es","8":"product_cat-boardgames","9":"product_cat-board-games-es","10":"product_cat-retail-products-es","11":"product_tag-boardgame-es","12":"product_tag-juego-de-mesa-es","14":"first","15":"outofstock","16":"sale","17":"taxable","18":"shipping-taxable","19":"purchasable","20":"product-type-simple"},"exclude_global_add_ons":[],"addons":[],"acf":[],"_links":{"self":[{"href":"https:\/\/www.customeeple.com\/es\/wp-json\/wp\/v2\/product\/31601","targetHints":{"allow":["GET"]}}],"collection":[{"href":"https:\/\/www.customeeple.com\/es\/wp-json\/wp\/v2\/product"}],"about":[{"href":"https:\/\/www.customeeple.com\/es\/wp-json\/wp\/v2\/types\/product"}],"wp:featuredmedia":[{"embeddable":true,"href":"https:\/\/www.customeeple.com\/es\/wp-json\/wp\/v2\/media\/70802"}],"wp:attachment":[{"href":"https:\/\/www.customeeple.com\/es\/wp-json\/wp\/v2\/media?parent=31601"}],"wp:term":[{"taxonomy":"product_brand","embeddable":true,"href":"https:\/\/www.customeeple.com\/es\/wp-json\/wp\/v2\/product_brand?post=31601"},{"taxonomy":"product_cat","embeddable":true,"href":"https:\/\/www.customeeple.com\/es\/wp-json\/wp\/v2\/product_cat?post=31601"},{"taxonomy":"product_tag","embeddable":true,"href":"https:\/\/www.customeeple.com\/es\/wp-json\/wp\/v2\/product_tag?post=31601"}],"curies":[{"name":"wp","href":"https:\/\/api.w.org\/{rel}","templated":true}]}}