{"id":31591,"date":"2017-10-14T12:44:00","date_gmt":"2017-10-14T11:44:00","guid":{"rendered":"http:\/\/www.customeeple.com\/?post_type=product&#038;p=31591\/"},"modified":"2021-10-11T07:34:52","modified_gmt":"2021-10-11T06:34:52","slug":"takenoko-esp","status":"publish","type":"product","link":"https:\/\/www.customeeple.com\/es\/producto\/takenoko-esp\/","title":{"rendered":"Takenoko (ESP)"},"content":{"rendered":"<div class=\"p_collection\">\n<div id=\"primary_block\" class=\"clearfix\">\n<div class=\"add-top p_collection\">\n<p>Hace mucho tiempo en el lejano oriente, los conflictos y disputas entre China y Jap\u00f3n estaban al rojo vivo, por ello para mejorar la relaciones entre ambos pa\u00edses, el Emperador de China decide realizar un presente al Emperador de Jap\u00f3n, dicho presente es un animal sagrado, es un oso panda gigante,para formalizar la paz entre ambos pa\u00edses.<\/p>\n<p>El Emperador japones ha decidido dejar ha cargo de la alimentaci\u00f3n del panda a los miembros m\u00e1s fieles de su corte (los jugadores), ellos deber\u00e1n llevar a cabo la m\u00e1s sagrada tarea de alimentar al panda, mediante el cultivo de jardines de bamb\u00fa, estos jardines pueden ser de tres clases: verde, amarillo y rosa.<\/p>\n<p>El ganador de la partida sera el jugador que consiga hacer crecer la mayor cantidad de bamb\u00fa y que administre mejor sus parcelas adem\u00e1s de saciar el apetito del panda.<\/p>\n<\/div>\n<\/div>\n<\/div>\n<div class=\"product_components double-top add-border\">\n<div>\n<p><strong>Contenido<\/strong>: 28 parcelas \u00b7 36 secciones de bamb\u00fa verde \u00b7 30 secciones de bamb\u00fa amarillo \u00b7 24 secciones de bamb\u00fa rosa \u00b7 20 canales de riego \u00b7 9 mejoras \u00b7 46 cartas de \u00abobjetivo\u00bb \u00b7 4 tableros individuales \u00b7 8 fichas de Acci\u00f3n \u00b7 1 dado de tiempo \u00b7 1 panda \u00b7 1 jardinero \u00b7 Reglas<\/p>\n<p><strong>Cantidad de jugadores<\/strong>: 2-4<\/p>\n<p><strong>Duraci\u00f3n<\/strong>: 45 minutos<\/p>\n<p><strong>Edad<\/strong>: +8 a\u00f1os<\/p>\n<p><strong>Idioma<\/strong>: Espa\u00f1ol<\/p>\n<\/div>\n<div><\/div>\n<\/div>\n","protected":false},"excerpt":{"rendered":"<p>Boardgame.<\/p>\n","protected":false},"featured_media":31593,"template":"","meta":{"_acf_changed":false},"product_brand":[],"product_cat":[1561,1653,1180],"product_tag":[1264,1280],"class_list":{"0":"post-31591","1":"product","2":"type-product","3":"status-publish","4":"has-post-thumbnail","6":"product_cat-familiar-es","7":"product_cat-boardgames","8":"product_cat-retail-products-es","9":"product_tag-boardgame-es","10":"product_tag-juego-de-mesa-es","12":"first","13":"onbackorder","14":"sale","15":"taxable","16":"shipping-taxable","17":"purchasable","18":"product-type-simple"},"exclude_global_add_ons":[],"addons":[],"acf":[],"_links":{"self":[{"href":"https:\/\/www.customeeple.com\/es\/wp-json\/wp\/v2\/product\/31591","targetHints":{"allow":["GET"]}}],"collection":[{"href":"https:\/\/www.customeeple.com\/es\/wp-json\/wp\/v2\/product"}],"about":[{"href":"https:\/\/www.customeeple.com\/es\/wp-json\/wp\/v2\/types\/product"}],"wp:featuredmedia":[{"embeddable":true,"href":"https:\/\/www.customeeple.com\/es\/wp-json\/wp\/v2\/media\/31593"}],"wp:attachment":[{"href":"https:\/\/www.customeeple.com\/es\/wp-json\/wp\/v2\/media?parent=31591"}],"wp:term":[{"taxonomy":"product_brand","embeddable":true,"href":"https:\/\/www.customeeple.com\/es\/wp-json\/wp\/v2\/product_brand?post=31591"},{"taxonomy":"product_cat","embeddable":true,"href":"https:\/\/www.customeeple.com\/es\/wp-json\/wp\/v2\/product_cat?post=31591"},{"taxonomy":"product_tag","embeddable":true,"href":"https:\/\/www.customeeple.com\/es\/wp-json\/wp\/v2\/product_tag?post=31591"}],"curies":[{"name":"wp","href":"https:\/\/api.w.org\/{rel}","templated":true}]}}