{"id":31587,"date":"2017-10-14T12:36:01","date_gmt":"2017-11-06T10:36:02","guid":{"rendered":"http:\/\/www.customeeple.com\/?post_type=product&#038;p=31587\/"},"modified":"2017-11-06T12:44:57","modified_gmt":"2017-11-06T10:44:57","slug":"flick-em-up-dead-of-winter-esp","status":"publish","type":"product","link":"https:\/\/www.customeeple.com\/es\/producto\/flick-em-up-dead-of-winter-esp\/","title":{"rendered":"Flick \u00b4em up! Dead of Winter (ESP)"},"content":{"rendered":"<div class=\"p_collection\">\n<div>Enfr\u00e9ntate a los despiadados zombies con todas las armas que encuentes.<\/div>\n<div class=\"add-top p_collection\">\n<p>Te encuentras en una tierra devastada y post-apocal\u00edptica invadida por zombis. Tu destreza y habilidad para manejar las distintas armas ser\u00e1 clave contra los zombis. Por ello, maneja como un maestro los rifles de precisi\u00f3n, el bate de b\u00e9isbol o la afilada hoja del machete antes de enfrentaros a los zombis.<\/p>\n<\/div>\n<\/div>\n<div class=\"product_components double-top add-border\">\n<div>\n<p><strong>Cantidad de jugadores<\/strong>: 2-10<\/p>\n<p><strong>Duraci\u00f3n<\/strong>: 30 minutos<\/p>\n<p><strong>Edad<\/strong>: +14 a\u00f1os<\/p>\n<\/div>\n<div><\/div>\n<\/div>\n","protected":false},"excerpt":{"rendered":"<p>Boardgame.<\/p>\n","protected":false},"featured_media":31589,"template":"","meta":{"_acf_changed":false},"product_brand":[],"product_cat":[1653,1180],"product_tag":[1264,1280],"class_list":{"0":"post-31587","1":"product","2":"type-product","3":"status-publish","4":"has-post-thumbnail","6":"product_cat-boardgames","7":"product_cat-retail-products-es","8":"product_tag-boardgame-es","9":"product_tag-juego-de-mesa-es","11":"first","12":"onbackorder","13":"taxable","14":"shipping-taxable","15":"purchasable","16":"product-type-simple"},"exclude_global_add_ons":[],"addons":[],"acf":[],"_links":{"self":[{"href":"https:\/\/www.customeeple.com\/es\/wp-json\/wp\/v2\/product\/31587","targetHints":{"allow":["GET"]}}],"collection":[{"href":"https:\/\/www.customeeple.com\/es\/wp-json\/wp\/v2\/product"}],"about":[{"href":"https:\/\/www.customeeple.com\/es\/wp-json\/wp\/v2\/types\/product"}],"wp:featuredmedia":[{"embeddable":true,"href":"https:\/\/www.customeeple.com\/es\/wp-json\/wp\/v2\/media\/31589"}],"wp:attachment":[{"href":"https:\/\/www.customeeple.com\/es\/wp-json\/wp\/v2\/media?parent=31587"}],"wp:term":[{"taxonomy":"product_brand","embeddable":true,"href":"https:\/\/www.customeeple.com\/es\/wp-json\/wp\/v2\/product_brand?post=31587"},{"taxonomy":"product_cat","embeddable":true,"href":"https:\/\/www.customeeple.com\/es\/wp-json\/wp\/v2\/product_cat?post=31587"},{"taxonomy":"product_tag","embeddable":true,"href":"https:\/\/www.customeeple.com\/es\/wp-json\/wp\/v2\/product_tag?post=31587"}],"curies":[{"name":"wp","href":"https:\/\/api.w.org\/{rel}","templated":true}]}}