{"id":31581,"date":"2017-10-14T12:28:41","date_gmt":"2017-11-06T10:28:42","guid":{"rendered":"http:\/\/www.customeeple.com\/?post_type=product&#038;p=31581\/"},"modified":"2019-09-06T10:40:35","modified_gmt":"2019-09-06T08:40:35","slug":"viva-el-rey-esp","status":"publish","type":"product","link":"https:\/\/www.customeeple.com\/es\/producto\/viva-el-rey-esp\/","title":{"rendered":"\u00a1Viva el Rey! (ESP)"},"content":{"rendered":"<div class=\"p_collection\">\n<div id=\"primary_block\" class=\"clearfix\">\n<div class=\"add-top p_collection\">\n<p>\u00a1Viva el Rey! es un juego de astucia. M\u00e1s vale que seas listo porque s\u00f3lo hay un trono y todos lo quieren.<\/p>\n<p>El Rey Vladimiro Miritiro, harto de que la Corona pese tanto, est\u00e1 buscando un sucesor. Ya sabes lo que significa eso: intrigas, peleas, collejas a traici\u00f3n&#8230; Tendr\u00e1s que proponer a tu candidato favorito y lograr que el Rey lo nombre como sucesor.<\/p>\n<\/div>\n<\/div>\n<\/div>\n<div class=\"product_components double-top add-border\">\n<div>\n<p><strong>Contenido<\/strong>: Tablero de juego \u00b7 13 fichas redondas de madera \u00b7 3 pegatinas \u00b7 6 cartas de voto \u201cS\u00ed\u201d \u00b7 12 cartas de voto \u201cNo\u201d \u00b7 26 cartas de objetivo secreto \u00b7 Una corona \u00b7 Un bloc de notas \u00b7 Un l\u00e1piz \u00b7 Reglamento<\/p>\n<p><strong>Cantidad de jugadores<\/strong>: 4-7<\/p>\n<p><strong>Duraci\u00f3n<\/strong>: 20 minutos<\/p>\n<p><strong>Edad<\/strong>: +8 a\u00f1os<\/p>\n<p><strong>Idioma<\/strong>: Espa\u00f1ol<\/p>\n<\/div>\n<div><\/div>\n<\/div>\n","protected":false},"excerpt":{"rendered":"<p>Boardgame.<\/p>\n","protected":false},"featured_media":31583,"template":"","meta":{"_acf_changed":false},"product_brand":[],"product_cat":[1561,1653,1180],"product_tag":[1264,1280],"class_list":{"0":"post-31581","1":"product","2":"type-product","3":"status-publish","4":"has-post-thumbnail","6":"product_cat-familiar-es","7":"product_cat-boardgames","8":"product_cat-retail-products-es","9":"product_tag-boardgame-es","10":"product_tag-juego-de-mesa-es","12":"first","13":"onbackorder","14":"taxable","15":"shipping-taxable","16":"purchasable","17":"product-type-simple"},"exclude_global_add_ons":[],"addons":[],"acf":[],"_links":{"self":[{"href":"https:\/\/www.customeeple.com\/es\/wp-json\/wp\/v2\/product\/31581","targetHints":{"allow":["GET"]}}],"collection":[{"href":"https:\/\/www.customeeple.com\/es\/wp-json\/wp\/v2\/product"}],"about":[{"href":"https:\/\/www.customeeple.com\/es\/wp-json\/wp\/v2\/types\/product"}],"wp:featuredmedia":[{"embeddable":true,"href":"https:\/\/www.customeeple.com\/es\/wp-json\/wp\/v2\/media\/31583"}],"wp:attachment":[{"href":"https:\/\/www.customeeple.com\/es\/wp-json\/wp\/v2\/media?parent=31581"}],"wp:term":[{"taxonomy":"product_brand","embeddable":true,"href":"https:\/\/www.customeeple.com\/es\/wp-json\/wp\/v2\/product_brand?post=31581"},{"taxonomy":"product_cat","embeddable":true,"href":"https:\/\/www.customeeple.com\/es\/wp-json\/wp\/v2\/product_cat?post=31581"},{"taxonomy":"product_tag","embeddable":true,"href":"https:\/\/www.customeeple.com\/es\/wp-json\/wp\/v2\/product_tag?post=31581"}],"curies":[{"name":"wp","href":"https:\/\/api.w.org\/{rel}","templated":true}]}}