{"id":31574,"date":"2017-10-14T12:10:19","date_gmt":"2017-11-06T10:10:20","guid":{"rendered":"http:\/\/www.customeeple.com\/?post_type=product&#038;p=31574\/"},"modified":"2017-11-06T12:28:05","modified_gmt":"2017-11-06T10:28:05","slug":"yo-fui-a-egb-esp","status":"publish","type":"product","link":"https:\/\/www.customeeple.com\/es\/producto\/yo-fui-a-egb-esp\/","title":{"rendered":"Yo Fui a EGB (ESP)"},"content":{"rendered":"<div class=\"p_collection\">\n<div id=\"primary_block\" class=\"clearfix\">\n<div class=\"add-top p_collection\">\n<p class=\"add-left claim_collection_big\">Un emocionante juego de preguntas y pruebas en la que tendr\u00e1s que recordar las tardes de s\u00e1bado delante del televisor, las canciones de Enrique y Ana y las de Parch\u00eds o imitar a D\u2019Artac\u00e1n y los tres Mosqueperros.<br \/>\nEl juego de mesa para todos los que hicimos EGB<\/p>\n<p>Con el juego de Yo fui a EGB podr\u00e9is revivir el d\u00eda a d\u00eda de nuestra infancia a trav\u00e9s de los recuerdos de la escuela, del parque y del hogar. El primer jugador en completar el recorrido\u2026 \u00a1ser\u00e1 el ganador!<\/p>\n<p>Para ello tendr\u00e9is que contestar las preguntas y realizar las pruebas que vayan apareciendo y ganar cada uno de los 5 marcadores que identifican las etapas del juego: la escuela donde aprend\u00edamos, el quiosco de las chuches, el parque donde jug\u00e1bamos, el sal\u00f3n y sus pruebas sobre programas de la tele y la habitaci\u00f3n donde jug\u00e1bamos.<\/p>\n<\/div>\n<\/div>\n<\/div>\n<div class=\"product_components double-top add-border\">\n<div>\n<p><strong>Contenido<\/strong>: Tablero de juego, 6 fichas de jugador, 1 dado, Marcadores de puntuaci\u00f3n, 165 cartas, Cartillas de examen, 10 Chuches de cart\u00f3n, Cromos de picar, TV montable, Tarjetas de programas de TV, 1 canica, Soldaditos, Reglamento<\/p>\n<p><strong>Cantidad de jugadores<\/strong>: 2<\/p>\n<p><strong>Duraci\u00f3n<\/strong>: &#8212;<\/p>\n<p><strong>Edad<\/strong>: +12 a\u00f1os<\/p>\n<p><strong>Idioma<\/strong>: Espa\u00f1ol<\/p>\n<\/div>\n<div><\/div>\n<\/div>\n","protected":false},"excerpt":{"rendered":"<p>Boardgame.<\/p>\n","protected":false},"featured_media":31576,"template":"","meta":{"_acf_changed":false},"product_brand":[],"product_cat":[1561,1653,1556,1180],"product_tag":[1264,1280],"class_list":{"0":"post-31574","1":"product","2":"type-product","3":"status-publish","4":"has-post-thumbnail","6":"product_cat-familiar-es","7":"product_cat-boardgames","8":"product_cat-board-games-es","9":"product_cat-retail-products-es","10":"product_tag-boardgame-es","11":"product_tag-juego-de-mesa-es","13":"first","14":"onbackorder","15":"sale","16":"taxable","17":"shipping-taxable","18":"purchasable","19":"product-type-simple"},"exclude_global_add_ons":[],"addons":[],"acf":[],"_links":{"self":[{"href":"https:\/\/www.customeeple.com\/es\/wp-json\/wp\/v2\/product\/31574","targetHints":{"allow":["GET"]}}],"collection":[{"href":"https:\/\/www.customeeple.com\/es\/wp-json\/wp\/v2\/product"}],"about":[{"href":"https:\/\/www.customeeple.com\/es\/wp-json\/wp\/v2\/types\/product"}],"wp:featuredmedia":[{"embeddable":true,"href":"https:\/\/www.customeeple.com\/es\/wp-json\/wp\/v2\/media\/31576"}],"wp:attachment":[{"href":"https:\/\/www.customeeple.com\/es\/wp-json\/wp\/v2\/media?parent=31574"}],"wp:term":[{"taxonomy":"product_brand","embeddable":true,"href":"https:\/\/www.customeeple.com\/es\/wp-json\/wp\/v2\/product_brand?post=31574"},{"taxonomy":"product_cat","embeddable":true,"href":"https:\/\/www.customeeple.com\/es\/wp-json\/wp\/v2\/product_cat?post=31574"},{"taxonomy":"product_tag","embeddable":true,"href":"https:\/\/www.customeeple.com\/es\/wp-json\/wp\/v2\/product_tag?post=31574"}],"curies":[{"name":"wp","href":"https:\/\/api.w.org\/{rel}","templated":true}]}}