{"id":3157,"date":"2013-09-24T13:36:33","date_gmt":"2013-09-24T14:55:24","guid":{"rendered":"http:\/\/www.customeeple.com\/?post_type=product&#038;p=3157"},"modified":"2016-03-31T11:48:41","modified_gmt":"2016-03-31T09:48:41","slug":"advance-tokens-5-units","status":"publish","type":"product","link":"https:\/\/www.customeeple.com\/es\/producto\/advance-tokens-5-units\/","title":{"rendered":"Fichas Avance (5 unidades)"},"content":{"rendered":"<p>Mejora tus partidas de juegos de ambiente cyberpunk o de ciencia ficci\u00f3n con estos marcadores de avance. Vienen presentados con una A may\u00fascula grabada y rodeada de circuitos. Puedes usarlos para indicar cuando alcanzas una meta en juegos como <strong><a href=\"http:\/\/boardgamegeek.com\/boardgame\/124742\/android-netrunner\" target=\"_blank\">Android: Netrunner, <\/a><a href=\"http:\/\/boardgamegeek.com\/boardgame\/73369\/51st-state\">51state<\/a><\/strong> o <a href=\"http:\/\/boardgamegeek.com\/boardgame\/84419\/space-empires-4x\"><strong>Space empires 4x<\/strong><\/a><\/p>\n<div class=\"moreinfo\">\n<p><strong>Material:<\/strong> Metacrilato fluorescente azul<\/p>\n<p><strong>Espesor:<\/strong> 3mm<\/p>\n<p><strong>Tama\u00f1o: <\/strong>1,4 cm de di\u00e1metro<\/p>\n<p><strong>Uso: <\/strong>Pensados especialmente para marcar avances o progresos en proyectos.<\/p>\n<p><strong>Cantidad: <\/strong>5 unidades<\/p>\n<\/div>\n<p><strong><a href=\"http:\/\/boardgamegeek.com\/boardgame\/124742\/android-netrunner\" target=\"_blank\">Android: Netrunner<\/a><\/strong>\u00a0es un juego de\u00a0<a href=\"http:\/\/boardgamegeek.com\/boardgamedesigner\/14\/richard-garfield\" target=\"_blank\">Richard Garfield<\/a>\u00a0publicado por\u00a0<a href=\"http:\/\/boardgamegeek.com\/boardgamepublisher\/2973\/edge-entertainment\" target=\"_blank\">Edge Entertainment\u00a0 <\/a><strong><a href=\"http:\/\/boardgamegeek.com\/boardgame\/73369\/51st-state\">51state<\/a><\/strong> es un juego por\u00a0 <strong>Ignazy Trewizcek <\/strong>publicado por<a href=\"http:\/\/portalgames.pl\/pl\/\"><strong>Portal Games<\/strong><\/a>, <a href=\"http:\/\/boardgamegeek.com\/boardgame\/84419\/space-empires-4x\"><strong>Space empires 4x<\/strong><\/a>\u00a0 es un juego de Jim krohn publicado por\u00a0<strong><a href=\"http:\/\/www.gmtgames.com\/\">GMT games.<\/a><\/strong> <strong>Customeeple<\/strong>\u00a0no esta asociada con estas compa\u00f1\u00edas y este producto no est\u00e1 de ninguna manera apoyado por ellas.<\/p>\n<div class=\"infopreorder\"><strong>Nota:<\/strong> Los colores de las piezas de metacrilato pueden variar ligeramente de los mostrados en la foto<\/div>\n","protected":false},"excerpt":{"rendered":"<p>5 fichas especialmente dise\u00f1ados para representar avances y progresos<\/p>\n<p><strong><strong><br \/>\n<\/strong><\/strong><\/p>\n","protected":false},"featured_media":8779,"template":"","meta":{"_acf_changed":false},"product_brand":[],"product_cat":[812,78],"product_tag":[742,650,753,758,649],"class_list":{"0":"post-3157","1":"product","2":"type-product","3":"status-publish","4":"has-post-thumbnail","6":"product_cat-hacker-masterses","7":"product_cat-meeple-2","8":"product_tag-android-es-2","9":"product_tag-android-netrunner-es-2","10":"product_tag-edge-city-es-2","11":"product_tag-hacker-es-2","12":"product_tag-netrunner-es-2","13":"pa_methacrylate-colors-amarill-fluor-mfye","14":"pa_methacrylate-colors-azul-fluor-mfbl-es","15":"pa_methacrylate-colors-smoke-grey-mtsm","17":"first","18":"instock","19":"taxable","20":"shipping-taxable","21":"purchasable","22":"product-type-variable"},"exclude_global_add_ons":[],"addons":[],"acf":[],"_links":{"self":[{"href":"https:\/\/www.customeeple.com\/es\/wp-json\/wp\/v2\/product\/3157","targetHints":{"allow":["GET"]}}],"collection":[{"href":"https:\/\/www.customeeple.com\/es\/wp-json\/wp\/v2\/product"}],"about":[{"href":"https:\/\/www.customeeple.com\/es\/wp-json\/wp\/v2\/types\/product"}],"wp:featuredmedia":[{"embeddable":true,"href":"https:\/\/www.customeeple.com\/es\/wp-json\/wp\/v2\/media\/8779"}],"wp:attachment":[{"href":"https:\/\/www.customeeple.com\/es\/wp-json\/wp\/v2\/media?parent=3157"}],"wp:term":[{"taxonomy":"product_brand","embeddable":true,"href":"https:\/\/www.customeeple.com\/es\/wp-json\/wp\/v2\/product_brand?post=3157"},{"taxonomy":"product_cat","embeddable":true,"href":"https:\/\/www.customeeple.com\/es\/wp-json\/wp\/v2\/product_cat?post=3157"},{"taxonomy":"product_tag","embeddable":true,"href":"https:\/\/www.customeeple.com\/es\/wp-json\/wp\/v2\/product_tag?post=3157"}],"curies":[{"name":"wp","href":"https:\/\/api.w.org\/{rel}","templated":true}]}}