{"id":3149,"date":"2013-09-24T12:57:01","date_gmt":"2013-09-24T14:41:20","guid":{"rendered":"http:\/\/www.customeeple.com\/?post_type=product&#038;p=3149"},"modified":"2016-03-31T11:23:02","modified_gmt":"2016-03-31T09:23:02","slug":"fichas-de-virus-informatico-5-unidades","status":"publish","type":"product","link":"https:\/\/www.customeeple.com\/es\/producto\/fichas-de-virus-informatico-5-unidades\/","title":{"rendered":"Fichas de Virus inform\u00e1tico (5 unidades)"},"content":{"rendered":"<p>Mejora tus partidas de juegos de ambiente cyberpunk o de ciencia ficci\u00f3n como <strong><a href=\"http:\/\/boardgamegeek.com\/boardgame\/124742\/android-netrunner\" target=\"_blank\">Android: Netrunner<\/a><\/strong> con estos marcadores que representan virus inform\u00e1ticos. Vienen en dos modelos diferentes: uno triangular con una V may\u00fascula y otro con la simp\u00e1tica forma de un virus. Ambos tienen grabada la palabra Virus.<\/p>\n<div class=\"moreinfo\">\n<p><strong>Material:<\/strong> Metacrilato fluorescente verde.<\/p>\n<p><strong>Espesor:<\/strong> 3mm<\/p>\n<p><strong>Tama\u00f1o:<\/strong> 1,8\/2,2 cm de ancho.<\/p>\n<p><strong>Uso: <\/strong>Especialmente dise\u00f1ados para indicar ataques de virus en una red inform\u00e1tica.<\/p>\n<p><strong>Cantidad: <\/strong>5 unidades<\/p>\n<\/div>\n<p><a href=\"http:\/\/boardgamegeek.com\/boardgame\/124742\/android-netrunner\" target=\"_blank\">Android: Netrunner<\/a>\u00a0es un juego de\u00a0<a href=\"http:\/\/boardgamegeek.com\/boardgamedesigner\/14\/richard-garfield\" target=\"_blank\">Richard Garfield<\/a>\u00a0publicado por\u00a0<a href=\"http:\/\/boardgamegeek.com\/boardgamepublisher\/2973\/edge-entertainment\" target=\"_blank\">Edge Entertainment <\/a><strong>Customeeple<\/strong>\u00a0no esta asociada con esta compa\u00f1\u00eda y este producto no est\u00e1 de ninguna manera apoyado por ella.<\/p>\n<div class=\"infopreorder\"><strong>Nota:<\/strong> Los colores de las piezas de metacrilato pueden variar ligeramente de los mostrados en la foto<\/div>\n","protected":false},"excerpt":{"rendered":"<p>5 fichas que representan virus inform\u00e1ticos.<\/p>\n","protected":false},"featured_media":12072,"template":"","meta":{"_acf_changed":false},"product_brand":[],"product_cat":[812,78],"product_tag":[742,650,753,758,649],"class_list":{"0":"post-3149","1":"product","2":"type-product","3":"status-publish","4":"has-post-thumbnail","6":"product_cat-hacker-masterses","7":"product_cat-meeple-2","8":"product_tag-android-es-2","9":"product_tag-android-netrunner-es-2","10":"product_tag-edge-city-es-2","11":"product_tag-hacker-es-2","12":"product_tag-netrunner-es-2","14":"first","15":"instock","16":"taxable","17":"shipping-taxable","18":"purchasable","19":"product-type-variable"},"exclude_global_add_ons":[],"addons":[],"acf":[],"_links":{"self":[{"href":"https:\/\/www.customeeple.com\/es\/wp-json\/wp\/v2\/product\/3149","targetHints":{"allow":["GET"]}}],"collection":[{"href":"https:\/\/www.customeeple.com\/es\/wp-json\/wp\/v2\/product"}],"about":[{"href":"https:\/\/www.customeeple.com\/es\/wp-json\/wp\/v2\/types\/product"}],"wp:featuredmedia":[{"embeddable":true,"href":"https:\/\/www.customeeple.com\/es\/wp-json\/wp\/v2\/media\/12072"}],"wp:attachment":[{"href":"https:\/\/www.customeeple.com\/es\/wp-json\/wp\/v2\/media?parent=3149"}],"wp:term":[{"taxonomy":"product_brand","embeddable":true,"href":"https:\/\/www.customeeple.com\/es\/wp-json\/wp\/v2\/product_brand?post=3149"},{"taxonomy":"product_cat","embeddable":true,"href":"https:\/\/www.customeeple.com\/es\/wp-json\/wp\/v2\/product_cat?post=3149"},{"taxonomy":"product_tag","embeddable":true,"href":"https:\/\/www.customeeple.com\/es\/wp-json\/wp\/v2\/product_tag?post=3149"}],"curies":[{"name":"wp","href":"https:\/\/api.w.org\/{rel}","templated":true}]}}