{"id":3148,"date":"2013-09-24T11:50:09","date_gmt":"2013-09-09T14:15:41","guid":{"rendered":"http:\/\/www.customeeple.com\/?post_type=product&#038;p=3148"},"modified":"2016-03-31T11:53:28","modified_gmt":"2016-03-31T09:53:28","slug":"virtual-memory-tokens-5-units","status":"publish","type":"product","link":"https:\/\/www.customeeple.com\/es\/producto\/virtual-memory-tokens-5-units\/","title":{"rendered":"Fichas de Memoria virtual (5 unidades)"},"content":{"rendered":"<p>Mejora tus partidas de juegos de ambiente cyberpunk o de ciencia ficci\u00f3n como\u00a0<strong><a href=\"http:\/\/boardgamegeek.com\/boardgame\/124742\/android-netrunner\" target=\"_blank\">Android: Netrunner<\/a><\/strong> con estos marcadores de memoria virtual. Estan dise\u00f1ados con la forma de una tarjeta de memoria para representar cualquier aumento de memoria virtual en un juego.<\/p>\n<div class=\"moreinfo\">\n<p><strong>Material:<\/strong> Metacrilato \u00a0fluorescente verde<\/p>\n<p><strong>Espesor:<\/strong> 3mm<\/p>\n<p><strong>Tama\u00f1o: <\/strong>2,4 cm de ancho x 1,4 cm de alto<strong><br \/> <\/strong><\/p>\n<p><strong>Uso: <\/strong>Dise\u00f1ados para indicar el tama\u00f1o o adicciones de memoria en cualquier juego<strong><br \/> <\/strong><\/p>\n<p><strong>Cantidad: <\/strong>5 unidades<\/p>\n<\/div>\n<p><strong><a href=\"http:\/\/boardgamegeek.com\/boardgame\/124742\/android-netrunner\" target=\"_blank\">Android: Netrunner<\/a><\/strong>\u00a0es un juego de\u00a0<a href=\"http:\/\/boardgamegeek.com\/boardgamedesigner\/14\/richard-garfield\" target=\"_blank\">Richard Garfield<\/a>\u00a0publicado por\u00a0<a href=\"http:\/\/boardgamegeek.com\/boardgamepublisher\/2973\/edge-entertainment\" target=\"_blank\">Edge Entertainment <\/a><strong>Customeeple<\/strong>\u00a0no esta asociada con esta compa\u00f1\u00eda y este producto no est\u00e1 de ninguna manera apoyado por ella.<\/p>\n<div class=\"infopreorder\"><strong>Nota:<\/strong> Los colores de las piezas de metacrilato pueden variar ligeramente de los mostrados en la foto<\/div>\n","protected":false},"excerpt":{"rendered":"<p>5 fichas para representar memoria electronicas<\/p>\n<p>&nbsp;<\/p>\n","protected":false},"featured_media":12189,"template":"","meta":{"_acf_changed":false},"product_brand":[],"product_cat":[812,78],"product_tag":[742,650,753,758,649],"class_list":{"0":"post-3148","1":"product","2":"type-product","3":"status-publish","4":"has-post-thumbnail","6":"product_cat-hacker-masterses","7":"product_cat-meeple-2","8":"product_tag-android-es-2","9":"product_tag-android-netrunner-es-2","10":"product_tag-edge-city-es-2","11":"product_tag-hacker-es-2","12":"product_tag-netrunner-es-2","13":"pa_language-in","14":"pa_language-cas","15":"pa_language-spanish","17":"first","18":"instock","19":"taxable","20":"shipping-taxable","21":"purchasable","22":"product-type-variable"},"exclude_global_add_ons":[],"addons":[],"acf":[],"_links":{"self":[{"href":"https:\/\/www.customeeple.com\/es\/wp-json\/wp\/v2\/product\/3148","targetHints":{"allow":["GET"]}}],"collection":[{"href":"https:\/\/www.customeeple.com\/es\/wp-json\/wp\/v2\/product"}],"about":[{"href":"https:\/\/www.customeeple.com\/es\/wp-json\/wp\/v2\/types\/product"}],"wp:featuredmedia":[{"embeddable":true,"href":"https:\/\/www.customeeple.com\/es\/wp-json\/wp\/v2\/media\/12189"}],"wp:attachment":[{"href":"https:\/\/www.customeeple.com\/es\/wp-json\/wp\/v2\/media?parent=3148"}],"wp:term":[{"taxonomy":"product_brand","embeddable":true,"href":"https:\/\/www.customeeple.com\/es\/wp-json\/wp\/v2\/product_brand?post=3148"},{"taxonomy":"product_cat","embeddable":true,"href":"https:\/\/www.customeeple.com\/es\/wp-json\/wp\/v2\/product_cat?post=3148"},{"taxonomy":"product_tag","embeddable":true,"href":"https:\/\/www.customeeple.com\/es\/wp-json\/wp\/v2\/product_tag?post=3148"}],"curies":[{"name":"wp","href":"https:\/\/api.w.org\/{rel}","templated":true}]}}