{"id":31219,"date":"2017-10-17T16:58:35","date_gmt":"2017-10-17T15:58:35","guid":{"rendered":"http:\/\/www.customeeple.com\/?post_type=product&#038;p=31219\/"},"modified":"2017-10-20T11:12:43","modified_gmt":"2017-10-20T09:12:43","slug":"dial-de-elementos-compatible-con-l5r","status":"publish","type":"product","link":"https:\/\/www.customeeple.com\/es\/producto\/dial-de-elementos-compatible-con-l5r\/","title":{"rendered":"Diales elemetales compatibles con L5R (5 Uds)"},"content":{"rendered":"<p>Con nuestra linea \u00abSengoku\u00bb puedes mejorar las fichas de cart\u00f3n de cualquier juego fant\u00e1stico o hist\u00f3rico de tem\u00e1tica oriental. Se honorable, forja tu propio destino y derrota a tus enemigos.<\/p>\n<p>Un pack de diales orientales grabados con simbolos que representan los cinco elementos de la filosof\u00eda japonesa\u00a0: Chi, Mizu, Ka, Kaze and Sora. Cada dial se puede poner en dos posiciones una de guerra y una de paz.<\/p>\n<p>Este producto se vende montado, como aparece en la foto.<\/p>\n<p>Este producto encaja a la perfecci\u00f3n con el juego <a href=\"https:\/\/boardgamegeek.com\/boardgame\/184151\/legend-five-rings-card-game\"><strong>Leyenda de los cinco anillos: el juego de cartas<\/strong><\/a><\/p>\n<div class=\"moreinfo\">\n<p><strong>Material:<\/strong>\u00a0Madera de balsa, DM y imanes de neodimio<\/p>\n<p><strong>Espesor:<\/strong>\u00a07 mm<\/p>\n<p><strong>Tama\u00f1o: <\/strong>4 cm de radio<\/p>\n<p><strong>Cantidad:\u00a0<\/strong>5 unidades<\/p>\n<p><strong>Uso:<\/strong> Perfecto para cualquier juego de batallas de samurais<\/p>\n<\/div>\n<p><strong><a href=\"https:\/\/boardgamegeek.com\/boardgame\/184151\/legend-five-rings-card-game\">Leyenda de los cinco anillos: el juego de cartas<\/a>\u00a0<\/strong>es un juego de\u00a0<strong>Nate French,\u00a0Brad Andres\u00a0<\/strong>and<strong>,\u00a0Erik Dahlman<\/strong>\u00a0publicado por\u00a0<strong><a href=\"https:\/\/www.fantasyflightgames.com\/en\/index\/\">Fantasy Flight Games<\/a>.<\/strong>\u00a0<strong>Customeeple<\/strong>\u00a0 no mantiene ninguna relaci\u00f3n con esa compa\u00f1\u00eda y este producto no est\u00e1 de ninguna manera patrocinado por ellos.<\/p>\n<div class=\"infopreorder\"><\/div>\n<p>&nbsp;<\/p>\n","protected":false},"excerpt":{"rendered":"<p>Diales elemtales para juegos orientales<\/p>\n","protected":false},"featured_media":31639,"template":"","meta":{"_acf_changed":false},"product_brand":[],"product_cat":[1370],"product_tag":[],"class_list":{"0":"post-31219","1":"product","2":"type-product","3":"status-publish","4":"has-post-thumbnail","6":"product_cat-customeeple-es","8":"first","9":"instock","10":"taxable","11":"shipping-taxable","12":"purchasable","13":"product-type-simple"},"exclude_global_add_ons":[],"addons":[],"acf":[],"_links":{"self":[{"href":"https:\/\/www.customeeple.com\/es\/wp-json\/wp\/v2\/product\/31219","targetHints":{"allow":["GET"]}}],"collection":[{"href":"https:\/\/www.customeeple.com\/es\/wp-json\/wp\/v2\/product"}],"about":[{"href":"https:\/\/www.customeeple.com\/es\/wp-json\/wp\/v2\/types\/product"}],"wp:featuredmedia":[{"embeddable":true,"href":"https:\/\/www.customeeple.com\/es\/wp-json\/wp\/v2\/media\/31639"}],"wp:attachment":[{"href":"https:\/\/www.customeeple.com\/es\/wp-json\/wp\/v2\/media?parent=31219"}],"wp:term":[{"taxonomy":"product_brand","embeddable":true,"href":"https:\/\/www.customeeple.com\/es\/wp-json\/wp\/v2\/product_brand?post=31219"},{"taxonomy":"product_cat","embeddable":true,"href":"https:\/\/www.customeeple.com\/es\/wp-json\/wp\/v2\/product_cat?post=31219"},{"taxonomy":"product_tag","embeddable":true,"href":"https:\/\/www.customeeple.com\/es\/wp-json\/wp\/v2\/product_tag?post=31219"}],"curies":[{"name":"wp","href":"https:\/\/api.w.org\/{rel}","templated":true}]}}