{"id":31145,"date":"2017-10-13T16:56:39","date_gmt":"2017-10-13T14:56:40","guid":{"rendered":"http:\/\/www.customeeple.com\/?post_type=product&#038;p=31145\/"},"modified":"2023-03-13T17:25:54","modified_gmt":"2023-03-13T16:25:54","slug":"organizador-compatible-con-blood-rage-pack","status":"publish","type":"product","link":"https:\/\/www.customeeple.com\/es\/producto\/organizador-compatible-con-blood-rage-pack\/","title":{"rendered":"Pack de organizadores compatible con Blood Rage (4 Uds)"},"content":{"rendered":"<p>Un pack de 4 bandejas organizadoras con bases de DM&nbsp;para llevar f\u00e1cilmente cuenta en tu tablero de juego la cuenta de tus mejoras. Con este pack tendr\u00e1s suficiente para todos los jugadores.<\/p>\n<p>Simplemente monta las dos piezas de MDF sobre la plancha de DM para crear una estructura robusta que utilizar como base para nuestra capa de metacrilato. Puedes insertar la tablero de jugador entre el metacrilato y la base de MDF. Recuerda que tambi\u00e9n puedes comprar estas bandejas <a href=\"\/?p=31138\" data-mce-href=\"\/?p=31138\"><strong>individualmente<\/strong><\/a><\/p>\n<p>La bandeja encaja perfectamente con los tableros de jugador del juego&nbsp; <a href=\"https:\/\/boardgamegeek.com\/boardgame\/170216\/blood-rage\" data-mce-href=\"https:\/\/boardgamegeek.com\/boardgame\/170216\/blood-rage\"><strong>Blood Rage<\/strong><\/a><\/p>\n<div class=\"moreinfo\">\n<p><strong>Material:<\/strong>&nbsp;Metacrilato transparente<\/p>\n<p><strong>Espesor:<\/strong> 2 mm<\/p>\n<p><strong>Cantidad:&nbsp;<\/strong>4 Unidades (4 bandejas de metacrilato y 4 bases de DM)<\/p>\n<\/div>\n<p><strong><a href=\"https:\/\/boardgamegeek.com\/boardgame\/170216\/blood-rage\" data-mce-href=\"https:\/\/boardgamegeek.com\/boardgame\/170216\/blood-rage\">Blood Rage<\/a> <\/strong>es un juego dise\u00f1ado por <strong>Eric M Lang<\/strong>&nbsp;&nbsp;publicado por <strong><a href=\"https:\/\/cmon.com\" data-mce-href=\"https:\/\/cmon.com\">CMON Limited<\/a><\/strong><strong>.<\/strong>&nbsp;<strong>Customeeple<\/strong> no mantiene ninguna relaci\u00f3n con esa compa\u00f1\u00eda y este producto no est\u00e1 de ninguna manera patrocinado por ellos.<\/p>\n<p><\/p>\n","protected":false},"excerpt":{"rendered":"<p>Bandejas organizadoras compatibles con <strong><a href=\"https:\/\/boardgamegeek.com\/boardgame\/170216\/blood-rage\" data-mce-href=\"https:\/\/boardgamegeek.com\/boardgame\/170216\/blood-rage\">Blood Rage<\/a>.<\/strong><\/p>\n","protected":false},"featured_media":30993,"template":"","meta":{"_acf_changed":false},"product_brand":[],"product_cat":[1370,1397],"product_tag":[1442],"class_list":{"0":"post-31145","1":"product","2":"type-product","3":"status-publish","4":"has-post-thumbnail","6":"product_cat-customeeple-es","7":"product_cat-overlay-es","8":"product_tag-overlay-es","10":"first","11":"instock","12":"taxable","13":"shipping-taxable","14":"purchasable","15":"product-type-variable"},"exclude_global_add_ons":[],"addons":[],"acf":[],"_links":{"self":[{"href":"https:\/\/www.customeeple.com\/es\/wp-json\/wp\/v2\/product\/31145","targetHints":{"allow":["GET"]}}],"collection":[{"href":"https:\/\/www.customeeple.com\/es\/wp-json\/wp\/v2\/product"}],"about":[{"href":"https:\/\/www.customeeple.com\/es\/wp-json\/wp\/v2\/types\/product"}],"wp:featuredmedia":[{"embeddable":true,"href":"https:\/\/www.customeeple.com\/es\/wp-json\/wp\/v2\/media\/30993"}],"wp:attachment":[{"href":"https:\/\/www.customeeple.com\/es\/wp-json\/wp\/v2\/media?parent=31145"}],"wp:term":[{"taxonomy":"product_brand","embeddable":true,"href":"https:\/\/www.customeeple.com\/es\/wp-json\/wp\/v2\/product_brand?post=31145"},{"taxonomy":"product_cat","embeddable":true,"href":"https:\/\/www.customeeple.com\/es\/wp-json\/wp\/v2\/product_cat?post=31145"},{"taxonomy":"product_tag","embeddable":true,"href":"https:\/\/www.customeeple.com\/es\/wp-json\/wp\/v2\/product_tag?post=31145"}],"curies":[{"name":"wp","href":"https:\/\/api.w.org\/{rel}","templated":true}]}}