{"id":31140,"date":"2017-10-13T15:06:07","date_gmt":"2017-10-13T13:06:09","guid":{"rendered":"http:\/\/www.customeeple.com\/?post_type=product&#038;p=31140\/"},"modified":"2021-05-14T10:54:19","modified_gmt":"2021-05-14T09:54:19","slug":"organizador-compatible-con-blood-rage","status":"publish","type":"product","link":"https:\/\/www.customeeple.com\/es\/producto\/organizador-compatible-con-blood-rage\/","title":{"rendered":"Organizador compatible con Blood Rage (1 Ud)"},"content":{"rendered":"<p>Una bandeja organizadora de metacrilato + una base de Dm para llevar f\u00e1cilmente cuenta en tu tablero de juego la cuenta de tus mejoras.<\/p>\n<p>Simplemente montar las dos piezas de MDF sobre la plancha de DM para crear una estructura robusta que utilizar como base para nuestra capa de metacrilato. Puedes insertar la tablero de jugador entre el metacrilato y la base de MDF.\u00a0Recuerda que tambi\u00e9n puedes comprar estas bandejas en un\u00a0<a href=\"\/?p=31144\"><strong>pack a un precio muy especial<\/strong><\/a>.<\/p>\n<p>La bandeja encaja perfectamente con los tableros de jugador del juego\u00a0 <a href=\"https:\/\/boardgamegeek.com\/boardgame\/170216\/blood-rage\"><strong>Blood Rage<\/strong><\/a><\/p>\n<div class=\"moreinfo\">\n<p><strong>Material:<\/strong>\u00a0Metacrilato transparente<\/p>\n<p><strong>Espesor:<\/strong> 2 mm<\/p>\n<p><strong>Cantidad:\u00a0<\/strong>1 unidad<\/p>\n<\/div>\n<p><strong><a href=\"https:\/\/boardgamegeek.com\/boardgame\/170216\/blood-rage\">Blood Rage<\/a> <\/strong>es un juego dise\u00f1ado por <strong>Eric M Lang<\/strong>\u00a0\u00a0publicado por <strong><a href=\"https:\/\/cmon.com\">CMON Limited<\/a><\/strong><strong>.<\/strong>\u00a0<strong>Customeeple<\/strong> no mantiene ninguna relaci\u00f3n con esa compa\u00f1\u00eda y este producto no est\u00e1 de ninguna manera patrocinado por ellos.<\/p>\n<p>&nbsp;<\/p>\n","protected":false},"excerpt":{"rendered":"<p>Bandejas organizadoras compatibles con <a href=\"https:\/\/boardgamegeek.com\/boardgame\/170216\/blood-rage\"><strong>Blood Rage<\/strong><\/a><\/p>\n","protected":false},"featured_media":30995,"template":"","meta":{"_acf_changed":false},"product_brand":[],"product_cat":[1370,1397],"product_tag":[1442],"class_list":{"0":"post-31140","1":"product","2":"type-product","3":"status-publish","4":"has-post-thumbnail","6":"product_cat-customeeple-es","7":"product_cat-overlay-es","8":"product_tag-overlay-es","10":"first","11":"instock","12":"taxable","13":"shipping-taxable","14":"purchasable","15":"product-type-simple"},"exclude_global_add_ons":[],"addons":[],"acf":[],"_links":{"self":[{"href":"https:\/\/www.customeeple.com\/es\/wp-json\/wp\/v2\/product\/31140","targetHints":{"allow":["GET"]}}],"collection":[{"href":"https:\/\/www.customeeple.com\/es\/wp-json\/wp\/v2\/product"}],"about":[{"href":"https:\/\/www.customeeple.com\/es\/wp-json\/wp\/v2\/types\/product"}],"wp:featuredmedia":[{"embeddable":true,"href":"https:\/\/www.customeeple.com\/es\/wp-json\/wp\/v2\/media\/30995"}],"wp:attachment":[{"href":"https:\/\/www.customeeple.com\/es\/wp-json\/wp\/v2\/media?parent=31140"}],"wp:term":[{"taxonomy":"product_brand","embeddable":true,"href":"https:\/\/www.customeeple.com\/es\/wp-json\/wp\/v2\/product_brand?post=31140"},{"taxonomy":"product_cat","embeddable":true,"href":"https:\/\/www.customeeple.com\/es\/wp-json\/wp\/v2\/product_cat?post=31140"},{"taxonomy":"product_tag","embeddable":true,"href":"https:\/\/www.customeeple.com\/es\/wp-json\/wp\/v2\/product_tag?post=31140"}],"curies":[{"name":"wp","href":"https:\/\/api.w.org\/{rel}","templated":true}]}}