{"id":30967,"date":"2017-09-27T13:19:26","date_gmt":"2017-09-27T11:19:26","guid":{"rendered":"http:\/\/www.customeeple.com\/?post_type=product&#038;p=30967\/"},"modified":"2021-10-09T11:00:13","modified_gmt":"2021-10-09T10:00:13","slug":"leyenda-de-los-cinco-anillos-lcg-pack-de-marcadoresesppre-order","status":"publish","type":"product","link":"https:\/\/www.customeeple.com\/es\/producto\/leyenda-de-los-cinco-anillos-lcg-pack-de-marcadoresesppre-order\/","title":{"rendered":"Leyenda de los Cinco Anillos: LCG + Pack de marcadores(ESP)"},"content":{"rendered":"<div class=\"p_collection\">\n<div id=\"primary_block\" class=\"clearfix\">\n<div class=\"add-top p_collection\">\n<div class=\"p_collection\">\n<div id=\"primary_block\" class=\"clearfix\">\n<div class=\"add-top p_collection\">\n<div>\n<h2>Este producto incluye un juego b\u00e1sico de Leyenda de los 5 anillos LCG y un pack de marcadores customeeple compatible con este juego:<\/h2>\n<ul>\n<li><strong><em>Juego Leyenda de los 5 anillos LCG<\/em><\/strong><\/li>\n<li><strong><em>25 Fichas de Honor<\/em><\/strong><\/li>\n<li><strong><em>20 Marcadores de destino \u201cSakura\u201d\u00a0<\/em><\/strong><\/li>\n<li><strong><em>5 Tessen Negros \u201cDeshonrado\u201d<\/em><\/strong><\/li>\n<li><strong><em>5 Tessen Blancos \u201cHonorable\u201d<\/em><\/strong><\/li>\n<li><strong><em>1 Dial de \u00abHonor\u00bb<\/em><\/strong><\/li>\n<\/ul>\n<h2>\u00a0<span style=\"font-size: 15px;\"><strong>Establece tu dinast\u00eda en la sociedad de Rokugan.<\/strong><\/span><\/h2>\n<\/div>\n<div class=\"add-top p_collection\">\n<p>Descubre el fant\u00e1stico mundo de Rokugan con La Leyenda de los Cinco Anillos: el juego de cartas, un juego de honor y conflicto para dos jugadores. Bajo el legado del juego original coleccionable Leyenda de los Cinco Anillos de AEG, se ha redise\u00f1ado con nuevas mec\u00e1nicas, historias y aspecto. Te invitamos a unirte a los Grandes Clanes, mantener el bushido, cumplir tu deber con tu daimyo y el Emperador en un mundo que cambia con la historia que los jugadores van creando.<\/p>\n<p>Rokugan, el Imperio Esmeralda, es una tierra de honor, gloria y destino. Ponte al mando de uno de los siete Grandes Clanes, Cangrejo, Grulla, Drag\u00f3n, Le\u00f3n, F\u00e9nix, Escorpi\u00f3n y Unicornio, y da la mejor de ti para dominar los campos de batalla y la corte.<\/p>\n<p>Pero \u00a1ten cuidado! Al buscar la victoria un samur\u00e1i debe vivir y morir siguiendo los principios del Bushido, no sea que se deshonre ante el Emperador. La Leyenda de los Cinco Anillos: el juego de cartas es un juego para dos jugadores de guerras, intriga, deber y magia. En cada ronda, los jugadores se enzarzan en conflictos militares y pol\u00edticos en las provincias del oponente, enfrentando su honor entre ellos para conseguir ventaja. Se pondr\u00e1n a la venta nuevas cartas con regularidad, lo que permitir\u00e1 a los jugadores personalizar el contenido de la caja b\u00e1sica y crear sus propios mazos.<\/p>\n<p>\u00bfTienes el valor y la sabidur\u00eda para llevar a tu clan hacia una gloriosa victoria? Tu destino te espera.<\/p>\n<\/div>\n<\/div>\n<\/div>\n<\/div>\n<div class=\"product_components double-top add-border\">\n<div>\n<div class=\"moreinfo\"><strong>Contenido<\/strong>:\u00a0<strong>Juego basico Leyenda de los 5 anillos<\/strong>\u00a0(7 cartas de Fortaleza, 17 cartas de Provincia, 117 cartas de Dinast\u00eda, 98 cartas de Conflicto, 5 cartas de Personalidad, 20 fichas de Estado, 2 cartas de referencia, 40 fichas de Destino, 50 fichas de Honor, 1 carta de Favor Imperial, 1 ficha de Jugador Inicial, 2 diales de Honor, 5 fichas de Anillo, 1 libro Aprende a Jugar) + Pack de marcadores (25 Fichas de Honor,\u00a020 Marcadores de destino \u201cSakura\u201d, 5 Tessen Negros \u201cDeshonrado\u201d, 5 Tessen Blancos \u201cHonorable\u201d)<strong>Cantidad de jugadores<\/strong>: 2<\/p>\n<p><strong>Duraci\u00f3n<\/strong>: 45-90&#8242;<\/p>\n<p><strong>Edad<\/strong>: +14 a\u00f1os<\/p>\n<p><strong>Idioma<\/strong>: Espa\u00f1ol<\/p>\n<\/div>\n<div class=\"infopreorder\"><strong>Note:<\/strong>\u00a0*Pre-order: Este pedido ser\u00e1 servido cuando est\u00e9 disponible en el distribuidor.\/This product will be served when\u00a0it is available at the distributor.<\/div>\n<\/div>\n<div><\/div>\n<\/div>\n<\/div>\n<\/div>\n<\/div>\n","protected":false},"excerpt":{"rendered":"<p>Boardgame.<\/p>\n","protected":false},"featured_media":30965,"template":"","meta":{"_acf_changed":false},"product_brand":[],"product_cat":[1180],"product_tag":[1286,1264,1280],"class_list":{"0":"post-30967","1":"product","2":"type-product","3":"status-publish","4":"has-post-thumbnail","6":"product_cat-retail-products-es","7":"product_tag-asmodee-es","8":"product_tag-boardgame-es","9":"product_tag-juego-de-mesa-es","11":"first","12":"outofstock","13":"taxable","14":"shipping-taxable","15":"purchasable","16":"product-type-simple"},"exclude_global_add_ons":[],"addons":[],"acf":[],"_links":{"self":[{"href":"https:\/\/www.customeeple.com\/es\/wp-json\/wp\/v2\/product\/30967","targetHints":{"allow":["GET"]}}],"collection":[{"href":"https:\/\/www.customeeple.com\/es\/wp-json\/wp\/v2\/product"}],"about":[{"href":"https:\/\/www.customeeple.com\/es\/wp-json\/wp\/v2\/types\/product"}],"wp:featuredmedia":[{"embeddable":true,"href":"https:\/\/www.customeeple.com\/es\/wp-json\/wp\/v2\/media\/30965"}],"wp:attachment":[{"href":"https:\/\/www.customeeple.com\/es\/wp-json\/wp\/v2\/media?parent=30967"}],"wp:term":[{"taxonomy":"product_brand","embeddable":true,"href":"https:\/\/www.customeeple.com\/es\/wp-json\/wp\/v2\/product_brand?post=30967"},{"taxonomy":"product_cat","embeddable":true,"href":"https:\/\/www.customeeple.com\/es\/wp-json\/wp\/v2\/product_cat?post=30967"},{"taxonomy":"product_tag","embeddable":true,"href":"https:\/\/www.customeeple.com\/es\/wp-json\/wp\/v2\/product_tag?post=30967"}],"curies":[{"name":"wp","href":"https:\/\/api.w.org\/{rel}","templated":true}]}}