{"id":30803,"date":"2017-09-12T14:06:15","date_gmt":"2017-09-12T12:06:17","guid":{"rendered":"http:\/\/www.customeeple.com\/?post_type=product&#038;p=30803\/"},"modified":"2019-07-24T15:51:44","modified_gmt":"2019-07-24T13:51:44","slug":"organizador-compatible-con-massive-darkness-6ud","status":"publish","type":"product","link":"https:\/\/www.customeeple.com\/es\/producto\/organizador-compatible-con-massive-darkness-6ud\/","title":{"rendered":"Pack organizadores compatibles con Massive Darkness (6 Ud)"},"content":{"rendered":"<p>pack de 6 \u00a0Overlays compuesto de acr\u00edlico transparente + marcadores de acr\u00edlico de color + base de MDF para hacer m\u00e1s f\u00e1cil realizar un seguimiento de su personaje y agilizar el juego de Massive Darkness. El metacrilato tiene peque\u00f1os orificios para insertar los marcadores que se deben guardar.<\/p>\n<p>Los marcadores son: 6 fluor rojo, 6 fluor anaranjado, 6 fluor amarillo, 6 fluor azul, 6 fluor verde y 6 fluoruro violeta. puedes comprobar los colores aqu\u00ed:<br \/>\n<a href=\"\/?page_id=8154\"><strong>http:\/\/www.customeeple.com\/materials<\/strong><\/a><\/p>\n<p>Montar las dos piezas peque\u00f1as de MDF sobre la pieza grande para crear una estructura robusta para utilizar como base para nuestra capa de acr\u00edlico. Puede insertar la alfombra del jugador entre el acr\u00edlico y la pieza de MDF.<\/p>\n<p>La bandeja encaja perfectamente con las hojas del aventurero para cada jugador del juego <strong><a href=\"https:\/\/boardgamegeek.com\/boardgame\/197070\/massive-darkness\">Massive Darkness<\/a>.<\/strong><\/p>\n<div class=\"moreinfo\">\n<p><strong>Material:<\/strong> 6 x metacrilatos transparente + 6 x bases de DM + 36 x marcadores de metacrilato.<\/p>\n<p><strong>Espesor:<\/strong> 2 mm<\/p>\n<p><strong>Cantidad:\u00a0<\/strong>1 unidad<\/p>\n<\/div>\n<p><strong><a href=\"https:\/\/cmon.com\/product\/massive-darkness\/massive-darkness-49d6eb3a-e7a7-4e08-9ed9-5ba83ead8de3\">Massive Darkness<\/a>\u00a0 <\/strong>es un juego dise\u00f1ado por <strong>Rapha\u00ebl Guiton, Jean-Baptiste Lullien, Nicolas Raoult<\/strong>\u00a0\u00a0publicado por \u00a0<strong><a href=\"https:\/\/cmon.com\">CMON Limited<\/a><\/strong><strong>.<\/strong>\u00a0<strong>Customeeple<\/strong> no mantiene ninguna relaci\u00f3n con esa compa\u00f1\u00eda y este producto no est\u00e1 de ninguna manera patrocinado por ellos.<\/p>\n<p>&nbsp;<\/p>\n","protected":false},"excerpt":{"rendered":"<p>Bandejas organizadoras compatibles con\u00a0<strong><a href=\"https:\/\/boardgamegeek.com\/boardgame\/197070\/massive-darkness\">Massive Darkness<\/a>.<\/strong><\/p>\n","protected":false},"featured_media":30807,"template":"","meta":{"_acf_changed":false},"product_brand":[],"product_cat":[1370,1397],"product_tag":[],"class_list":{"0":"post-30803","1":"product","2":"type-product","3":"status-publish","4":"has-post-thumbnail","6":"product_cat-customeeple-es","7":"product_cat-overlay-es","8":"pa_methacrylate-colors-amarill-fluor-mfye","9":"pa_methacrylate-colors-amarillo-moye","10":"pa_methacrylate-colors-azul-mobl","11":"pa_methacrylate-colors-azul-fluor-mfbl-es","12":"pa_methacrylate-colors-azul-trans-mtbl","13":"pa_methacrylate-colors-blancohielo-mtiw","14":"pa_methacrylate-colors-balnco-mowh","15":"pa_methacrylate-colors-mdf-vanilla-version-es","16":"pa_methacrylate-colors-humo-trans-mtsm","17":"pa_methacrylate-colors-gris-mogy","18":"pa_methacrylate-colors-naranja-fluor-mfor","19":"pa_methacrylate-colors-naranja-fluor-mfor-es","20":"pa_methacrylate-colors-naranja-trans-mtor","21":"pa_methacrylate-colors-negro-moba","22":"pa_methacrylate-colors-rojo-more","23":"pa_methacrylate-colors-rojotrans-mtre","24":"pa_methacrylate-colors-magenta-fluor-mfma-es","25":"pa_methacrylate-colors-smoke-grey-mtsm","26":"pa_methacrylate-colors-verde-trans-mtgr","27":"pa_methacrylate-colors-verde-fluor-mfgr","28":"pa_methacrylate-colors-verde-mogr","29":"pa_methacrylate-colors-violeta-movi","31":"first","32":"instock","33":"taxable","34":"shipping-taxable","35":"purchasable","36":"product-type-simple"},"exclude_global_add_ons":[],"addons":[],"acf":[],"_links":{"self":[{"href":"https:\/\/www.customeeple.com\/es\/wp-json\/wp\/v2\/product\/30803","targetHints":{"allow":["GET"]}}],"collection":[{"href":"https:\/\/www.customeeple.com\/es\/wp-json\/wp\/v2\/product"}],"about":[{"href":"https:\/\/www.customeeple.com\/es\/wp-json\/wp\/v2\/types\/product"}],"wp:featuredmedia":[{"embeddable":true,"href":"https:\/\/www.customeeple.com\/es\/wp-json\/wp\/v2\/media\/30807"}],"wp:attachment":[{"href":"https:\/\/www.customeeple.com\/es\/wp-json\/wp\/v2\/media?parent=30803"}],"wp:term":[{"taxonomy":"product_brand","embeddable":true,"href":"https:\/\/www.customeeple.com\/es\/wp-json\/wp\/v2\/product_brand?post=30803"},{"taxonomy":"product_cat","embeddable":true,"href":"https:\/\/www.customeeple.com\/es\/wp-json\/wp\/v2\/product_cat?post=30803"},{"taxonomy":"product_tag","embeddable":true,"href":"https:\/\/www.customeeple.com\/es\/wp-json\/wp\/v2\/product_tag?post=30803"}],"curies":[{"name":"wp","href":"https:\/\/api.w.org\/{rel}","templated":true}]}}