{"id":3062,"date":"2014-03-10T12:11:59","date_gmt":"2013-09-04T11:11:59","guid":{"rendered":"http:\/\/www.customeeple.com\/?post_type=product&#038;p=3062"},"modified":"2025-01-28T17:05:29","modified_gmt":"2025-01-28T16:05:29","slug":"futuristic-credit-point-chits","status":"publish","type":"product","link":"https:\/\/www.customeeple.com\/es\/producto\/futuristic-credit-point-chits\/","title":{"rendered":"Monedas de cr\u00e9dito futuristas (Hexagonales)"},"content":{"rendered":"<p>Alcanza una nueva dimensi\u00f3n con estos marcadores futuristas hexagonales, pueden ser usados como moneda de da\u00f1o o puntos de victoria, pero su dise\u00f1o en metacrilato transparente y fluorescente las hace perfectas para juegos de tem\u00e1tica futurista, como:\u00a0<strong><a href=\"http:\/\/boardgamegeek.com\/boardgame\/124742\/android-netrunner\" target=\"_blank\">Android: Netrunner<\/a><\/strong>,\u00a0<strong><a href=\"http:\/\/boardgamegeek.com\/boardgame\/28143\/race-for-the-galaxy\">Race for the galaxy <\/a><\/strong>o<strong>\u00a0<a href=\"http:\/\/boardgamegeek.com\/boardgame\/48726\/alien-frontiers\">Alien frontiers.<\/a><\/strong><\/p>\n<p>Todas las piezas esta\u00b4na fabricadas en metacrilato fluorescente. Puedes comprar los cr\u00e9ditos en las siguientes variedades:<\/p>\n<ul>\n<li><strong>1 Cr\u00e9dito, \u00a05 Unidades, Azul\u00a0<\/strong><\/li>\n<li><strong>2 Cr\u00e9ditos, 5 Unidades, Verde<\/strong><\/li>\n<li><strong>3 <strong>Cr\u00e9ditos<\/strong>, 5 <strong>Unidadad<\/strong>, Magenta<\/strong><\/li>\n<li><strong>5 <strong>Cr\u00e9ditos<\/strong>, 1 <strong>Unidadad<\/strong>, Naranja<\/strong><\/li>\n<li><strong>10 <strong>Cr\u00e9ditos<\/strong>,1 <strong>Unidadad<\/strong>, Amarillo<\/strong><\/li>\n<\/ul>\n<p>&nbsp;<\/p>\n<div class=\"moreinfo\">\n<p><strong>Material:<\/strong>\u00a0Metacrilato transparente fluorescente<\/p>\n<p><strong>Grosor:<\/strong>\u00a03mm<\/p>\n<p><strong>Tama\u00f1o: <\/strong>Varia<\/p>\n<p><strong>Uso: <\/strong>Dise\u00f1ado para ser usado como una moneda en cualquier juego futurista<strong>. <\/strong><\/p>\n<p><strong>Cantidad: <\/strong>Varia<\/p>\n<\/div>\n<p><strong><a href=\"http:\/\/boardgamegeek.com\/boardgame\/28143\/race-for-the-galaxy\">Race for the galaxy<\/a><\/strong><strong>\u00a0<\/strong>es un juego de<strong>\u00a0<\/strong>\u00a0<a href=\"http:\/\/boardgamegeek.com\/boardgamedesigner\/150\/thomas-lehmann\">Thomas Lehmann<\/a>\u00a0publicado por <a href=\"http:\/\/boardgamegeek.com\/boardgamepublisher\/3\/rio-grande-games\">Rio Grande Games<\/a>,\u00a0<strong><a href=\"http:\/\/boardgamegeek.com\/boardgame\/124742\/android-netrunner\" target=\"_blank\">Android: Netrunner<\/a><\/strong>\u00a0es un juego de\u00a0<a href=\"http:\/\/boardgamegeek.com\/boardgamedesigner\/14\/richard-garfield\" target=\"_blank\">Richard Garfield<\/a>\u00a0publicado por <a href=\"http:\/\/boardgamegeek.com\/boardgamepublisher\/2973\/edge-entertainment\" target=\"_blank\">Edge Entertainment<\/a>,\u00a0<strong><a href=\"http:\/\/boardgamegeek.com\/boardgame\/48726\/alien-frontiers\">Alien frontiers<\/a>\u00a0<\/strong>es un juego de\u00a0<a href=\"http:\/\/boardgamegeek.com\/boardgamedesigner\/18320\/tory-niemann\">Tory Nieman<\/a> publicado por\u00a0<a href=\"http:\/\/boardgamegeek.com\/boardgamepublisher\/9695\/clever-mojo-games\">Clever Mojo Games<\/a>. <strong>Customeeple<\/strong>\u00a0no esta asociada con ninguna de estas compa\u00f1ias y este producto no tiene nada que ver con ellas.<\/p>\n","protected":false},"excerpt":{"rendered":"<p>Fichas hexagonales de puntos de cr\u00e9ditos futuristas en valores diferentes. \u00a1Mejora todos tus juegos futuristas.<\/p>\n<p><strong>\u00a0<\/strong><\/p>\n","protected":false},"featured_media":4015,"template":"","meta":{"_acf_changed":false},"product_brand":[],"product_cat":[78],"product_tag":[677,2006,742,746,692,753,701,702,758,712,775,649,716,723,725,731,735,738,761,740],"class_list":{"0":"post-3062","1":"product","2":"type-product","3":"status-publish","4":"has-post-thumbnail","6":"product_cat-meeple-2","7":"product_tag-ad-astra-es","8":"product_tag-alien-frontiers-es-2","9":"product_tag-android-es-2","10":"product_tag-battlestations-es","11":"product_tag-cosmic-encounter-es-2","12":"product_tag-edge-city-es-2","13":"product_tag-empires-of-the-void-es","14":"product_tag-galactic-emperor-es","15":"product_tag-hacker-es-2","16":"product_tag-mecanisburgo-es","17":"product_tag-merchants-of-venus-es","18":"product_tag-netrunner-es-2","19":"product_tag-nexus-ops-es","20":"product_tag-race-for-the-galaxy","21":"product_tag-rex-es","22":"product_tag-space-alert-es","23":"product_tag-target-earth-es","24":"product_tag-twilight-imperium-es-2","25":"product_tag-infiltracion-es-2","26":"product_tag-xia-legends-of-a-drift-system-es","28":"first","29":"instock","30":"taxable","31":"shipping-taxable","32":"purchasable","33":"product-type-variable"},"exclude_global_add_ons":[],"addons":[],"acf":[],"_links":{"self":[{"href":"https:\/\/www.customeeple.com\/es\/wp-json\/wp\/v2\/product\/3062","targetHints":{"allow":["GET"]}}],"collection":[{"href":"https:\/\/www.customeeple.com\/es\/wp-json\/wp\/v2\/product"}],"about":[{"href":"https:\/\/www.customeeple.com\/es\/wp-json\/wp\/v2\/types\/product"}],"wp:featuredmedia":[{"embeddable":true,"href":"https:\/\/www.customeeple.com\/es\/wp-json\/wp\/v2\/media\/4015"}],"wp:attachment":[{"href":"https:\/\/www.customeeple.com\/es\/wp-json\/wp\/v2\/media?parent=3062"}],"wp:term":[{"taxonomy":"product_brand","embeddable":true,"href":"https:\/\/www.customeeple.com\/es\/wp-json\/wp\/v2\/product_brand?post=3062"},{"taxonomy":"product_cat","embeddable":true,"href":"https:\/\/www.customeeple.com\/es\/wp-json\/wp\/v2\/product_cat?post=3062"},{"taxonomy":"product_tag","embeddable":true,"href":"https:\/\/www.customeeple.com\/es\/wp-json\/wp\/v2\/product_tag?post=3062"}],"curies":[{"name":"wp","href":"https:\/\/api.w.org\/{rel}","templated":true}]}}