{"id":30574,"date":"2017-08-31T15:54:22","date_gmt":"2017-08-31T13:54:25","guid":{"rendered":"http:\/\/www.customeeple.com\/?post_type=product&#038;p=30574\/"},"modified":"2017-09-05T20:20:50","modified_gmt":"2017-09-05T18:20:50","slug":"sengoku-se-es","status":"publish","type":"product","link":"https:\/\/www.customeeple.com\/es\/producto\/sengoku-se-es\/","title":{"rendered":"Set de fichas compatible con L5R"},"content":{"rendered":"<p>Con nuestra linea \u00abSengoku\u00bb puedes mejorar las fichas de cart\u00f3n de cualquier juego fant\u00e1stico o hist\u00f3rico de tem\u00e1tica oriental. Se honorable, forja tu propio destino y derrota a tus enemigos.<\/p>\n<p>Un pack completo de nuestra l\u00ednea Sengoku El set contiene.<\/p>\n<ul>\n<li><strong><em>25 Fichas de Honor<\/em><\/strong><\/li>\n<li><strong><em>20 Marcadores de destino \u00abSakura\u00bb\u00a0<\/em><\/strong><\/li>\n<li><strong><em>5 Tessen Negros \u00abDeshonrado\u00bb<\/em><\/strong><\/li>\n<li><strong><em>5 Tessen Blancos \u00abHonorable\u00bb<\/em><\/strong><\/li>\n<\/ul>\n<p>Este producto encaja a la perfecci\u00f3n con el juego <a href=\"https:\/\/boardgamegeek.com\/boardgame\/184151\/legend-five-rings-card-game\"><strong>Leyenda de los cinco anillos: el juego de cartas<\/strong><\/a><\/p>\n<div class=\"moreinfo\">\n<p><strong>Material:<\/strong>\u00a0Metacrilato fluorescente y transparente<\/p>\n<p><strong>Espesor:<\/strong>\u00a03mm<\/p>\n<p><strong>Tama\u00f1o:<\/strong> Varia<\/p>\n<p><strong>Cantidad:\u00a0<\/strong>55 unidades<\/p>\n<p><strong>Uso:<\/strong> Perfecto para cualquier juego de batallas de samurais<\/p>\n<\/div>\n<p><strong><a href=\"https:\/\/boardgamegeek.com\/boardgame\/184151\/legend-five-rings-card-game\">Leyenda de los cinco anillos: el juego de cartas<\/a>\u00a0<\/strong>es un juego de<strong>Nate French,\u00a0Brad Andres\u00a0<\/strong>and<strong>,\u00a0Erik Dahlman<\/strong>\u00a0publicado por\u00a0<strong><a href=\"https:\/\/www.fantasyflightgames.com\/en\/index\/\">Fantasy Flight Games<\/a>.<\/strong>\u00a0<strong>Customeeple<\/strong>\u00a0 no mantiene ninguna relaci\u00f3n con esa compa\u00f1\u00eda y este producto no est\u00e1 de ninguna manera patrocinado por ellos.<\/p>\n<p>&nbsp;<\/p>\n<div class=\"infopreorder\"><strong>Nota:<\/strong>\u00a0Los colores de las piezas de metacrilato pueden variar ligeramente de las mostradas en la fotos<\/div>\n<p>&nbsp;<\/p>\n","protected":false},"excerpt":{"rendered":"<p>Set de piezas para juegos orientales<\/p>\n","protected":false},"featured_media":30691,"template":"","meta":{"_acf_changed":false},"product_brand":[],"product_cat":[1177],"product_tag":[],"class_list":{"0":"post-30574","1":"product","2":"type-product","3":"status-publish","4":"has-post-thumbnail","6":"product_cat-games-workshop-es","8":"first","9":"instock","10":"taxable","11":"shipping-taxable","12":"purchasable","13":"product-type-simple"},"exclude_global_add_ons":[],"addons":[],"acf":[],"_links":{"self":[{"href":"https:\/\/www.customeeple.com\/es\/wp-json\/wp\/v2\/product\/30574","targetHints":{"allow":["GET"]}}],"collection":[{"href":"https:\/\/www.customeeple.com\/es\/wp-json\/wp\/v2\/product"}],"about":[{"href":"https:\/\/www.customeeple.com\/es\/wp-json\/wp\/v2\/types\/product"}],"wp:featuredmedia":[{"embeddable":true,"href":"https:\/\/www.customeeple.com\/es\/wp-json\/wp\/v2\/media\/30691"}],"wp:attachment":[{"href":"https:\/\/www.customeeple.com\/es\/wp-json\/wp\/v2\/media?parent=30574"}],"wp:term":[{"taxonomy":"product_brand","embeddable":true,"href":"https:\/\/www.customeeple.com\/es\/wp-json\/wp\/v2\/product_brand?post=30574"},{"taxonomy":"product_cat","embeddable":true,"href":"https:\/\/www.customeeple.com\/es\/wp-json\/wp\/v2\/product_cat?post=30574"},{"taxonomy":"product_tag","embeddable":true,"href":"https:\/\/www.customeeple.com\/es\/wp-json\/wp\/v2\/product_tag?post=30574"}],"curies":[{"name":"wp","href":"https:\/\/api.w.org\/{rel}","templated":true}]}}