{"id":30383,"date":"2017-08-23T17:06:20","date_gmt":"2017-08-23T16:06:20","guid":{"rendered":"http:\/\/www.customeeple.com\/?post_type=product&#038;p=30383\/"},"modified":"2017-08-28T17:29:39","modified_gmt":"2017-08-28T15:29:39","slug":"dial-compatible-con-star-realms","status":"publish","type":"product","link":"https:\/\/www.customeeple.com\/es\/producto\/dial-compatible-con-star-realms\/","title":{"rendered":"Dial compatible con Star Realms"},"content":{"rendered":"<p>Un dial de DM que marca del 00 al 99. Puedes utilizarlo para anotar cualquier cosa en un juego de mesa: Da\u00f1o, puntos de vida, autoridad, influencia&#8230; El producto contiene 4 imanes de neodimio para que los diales se pegan a la cubierta de DM y podr rotarlos con facilidad.<\/p>\n<p>Este producto encajar\u00e1\u00a0a la perfecci\u00f3n con el\u00a0\u00a0juego\u00a0<a href=\"https:\/\/boardgamegeek.com\/boardgame\/147020\/star-realms\"><strong>Star Realms<\/strong><\/a><\/p>\n<div class=\"moreinfo\">\n<p><strong>Material:<\/strong>\u00a0DM e imanes de neodimio<\/p>\n<p><strong>Espesor:<\/strong>\u00a03mm<\/p>\n<p><strong>Tama\u00f1o:<\/strong> 8 x 5,5 cm<\/p>\n<p><strong>Cantidad:\u00a0<\/strong>1 dial<\/p>\n<\/div>\n<p><strong><a href=\"https:\/\/boardgamegeek.com\/boardgame\/147020\/star-realms\">Star Realms<\/a><\/strong>es un juego dise\u00f1ado por \u00a0<strong><a title=\"Robert Dougherty\" href=\"https:\/\/boardgamegeek.com\/boardgamedesigner\/4113\/robert-dougherty\">Robert Dougherty <\/a><\/strong>y\u00a0\u00a0<strong><a title=\"Darwin Kastle\" href=\"https:\/\/boardgamegeek.com\/boardgamedesigner\/4059\/darwin-kastle\">Darwin Kastle<\/a><\/strong>\u00a0publicado por\u00a0<strong><a href=\"http:\/\/www.whitewizardgames.com\/\">white wizard games<\/a><\/strong><strong>.<\/strong>\u00a0<strong>Customeeple<\/strong> no mantiene ninguna relaci\u00f3n con esa compa\u00f1\u00eda y este producto no est\u00e1 de ninguna manera patrocinado por ellos.<\/p>\n<p>&nbsp;<\/p>\n","protected":false},"excerpt":{"rendered":"<p>Dial de Dm desde el 00 al 99<\/p>\n","protected":false},"featured_media":30483,"template":"","meta":{"_acf_changed":false},"product_brand":[],"product_cat":[1370],"product_tag":[],"class_list":{"0":"post-30383","1":"product","2":"type-product","3":"status-publish","4":"has-post-thumbnail","6":"product_cat-customeeple-es","8":"first","9":"instock","10":"taxable","11":"shipping-taxable","12":"purchasable","13":"product-type-simple"},"exclude_global_add_ons":[],"addons":[],"acf":[],"_links":{"self":[{"href":"https:\/\/www.customeeple.com\/es\/wp-json\/wp\/v2\/product\/30383","targetHints":{"allow":["GET"]}}],"collection":[{"href":"https:\/\/www.customeeple.com\/es\/wp-json\/wp\/v2\/product"}],"about":[{"href":"https:\/\/www.customeeple.com\/es\/wp-json\/wp\/v2\/types\/product"}],"wp:featuredmedia":[{"embeddable":true,"href":"https:\/\/www.customeeple.com\/es\/wp-json\/wp\/v2\/media\/30483"}],"wp:attachment":[{"href":"https:\/\/www.customeeple.com\/es\/wp-json\/wp\/v2\/media?parent=30383"}],"wp:term":[{"taxonomy":"product_brand","embeddable":true,"href":"https:\/\/www.customeeple.com\/es\/wp-json\/wp\/v2\/product_brand?post=30383"},{"taxonomy":"product_cat","embeddable":true,"href":"https:\/\/www.customeeple.com\/es\/wp-json\/wp\/v2\/product_cat?post=30383"},{"taxonomy":"product_tag","embeddable":true,"href":"https:\/\/www.customeeple.com\/es\/wp-json\/wp\/v2\/product_tag?post=30383"}],"curies":[{"name":"wp","href":"https:\/\/api.w.org\/{rel}","templated":true}]}}