{"id":30137,"date":"2017-08-14T16:26:48","date_gmt":"2017-08-14T14:26:49","guid":{"rendered":"http:\/\/www.customeeple.com\/?post_type=product&#038;p=30137\/"},"modified":"2017-09-01T12:51:16","modified_gmt":"2017-09-01T10:51:16","slug":"arcane-adventure-marcadores-de-pista","status":"publish","type":"product","link":"https:\/\/www.customeeple.com\/es\/producto\/arcane-adventure-marcadores-de-pista\/","title":{"rendered":"\u00abArcane Adventure\u00bb Marcadores de lupa (5 Uds)"},"content":{"rendered":"<p>Nuestra linea \u00abArcane Adventure\u00bb te ayudar\u00e1 a mejorar los componentes de cualquier juego de investigaci\u00f3n y misterio. Encuentra las pistas para ayudarte a luchar contra los horrores m\u00e1s all\u00e1 de nuestra compresi\u00f3n.<\/p>\n<p>Un pack de fichas para indicar tus pistas o avance en la investogaci\u00f3n en cualquier juego. El set contiene 5 piezas. Puedes elegir entre dos dise\u00f1os diferentes de lupas.<\/p>\n<p>&nbsp;<\/p>\n<div class=\"moreinfo\">\n<p><strong>Material:<\/strong>\u00a0Metacrilato transparente verde<\/p>\n<p><strong>Espesor:<\/strong>\u00a03mm<\/p>\n<p><strong>Tama\u00f1o:<\/strong> 2 mm<\/p>\n<p><strong>Cantidad:\u00a0<\/strong>5 unidades<\/p>\n<p><strong>Uso:<\/strong> Perfecto para cualquier juego de misterio y terror<\/p>\n<\/div>\n<div class=\"infopreorder\"><strong>Nota:<\/strong>\u00a0Los colores de las piezas de metacrilato pueden variar ligeramente de las mostradas en la fotos<\/div>\n<p>&nbsp;<\/p>\n","protected":false},"excerpt":{"rendered":"<p>Marca tus pistas en cualquier juego<\/p>\n","protected":false},"featured_media":30140,"template":"","meta":{"_acf_changed":false},"product_brand":[],"product_cat":[1303],"product_tag":[656,1310,641],"class_list":{"0":"post-30137","1":"product","2":"type-product","3":"status-publish","4":"has-post-thumbnail","6":"product_cat-ada","7":"product_tag-arkham-horror-es-2","8":"product_tag-arkham-horror-lcg-es","9":"product_tag-eldrich-horror","11":"first","12":"instock","13":"taxable","14":"shipping-taxable","15":"purchasable","16":"product-type-variable"},"exclude_global_add_ons":[],"addons":[],"acf":[],"_links":{"self":[{"href":"https:\/\/www.customeeple.com\/es\/wp-json\/wp\/v2\/product\/30137","targetHints":{"allow":["GET"]}}],"collection":[{"href":"https:\/\/www.customeeple.com\/es\/wp-json\/wp\/v2\/product"}],"about":[{"href":"https:\/\/www.customeeple.com\/es\/wp-json\/wp\/v2\/types\/product"}],"wp:featuredmedia":[{"embeddable":true,"href":"https:\/\/www.customeeple.com\/es\/wp-json\/wp\/v2\/media\/30140"}],"wp:attachment":[{"href":"https:\/\/www.customeeple.com\/es\/wp-json\/wp\/v2\/media?parent=30137"}],"wp:term":[{"taxonomy":"product_brand","embeddable":true,"href":"https:\/\/www.customeeple.com\/es\/wp-json\/wp\/v2\/product_brand?post=30137"},{"taxonomy":"product_cat","embeddable":true,"href":"https:\/\/www.customeeple.com\/es\/wp-json\/wp\/v2\/product_cat?post=30137"},{"taxonomy":"product_tag","embeddable":true,"href":"https:\/\/www.customeeple.com\/es\/wp-json\/wp\/v2\/product_tag?post=30137"}],"curies":[{"name":"wp","href":"https:\/\/api.w.org\/{rel}","templated":true}]}}