{"id":30118,"date":"2021-11-08T16:00:58","date_gmt":"2021-11-08T15:00:58","guid":{"rendered":"http:\/\/www.customeeple.com\/?post_type=product&#038;p=30118\/"},"modified":"2017-09-19T14:03:59","modified_gmt":"2017-09-19T12:03:59","slug":"arcane-adventure-modificadores-set","status":"publish","type":"product","link":"https:\/\/www.customeeple.com\/es\/producto\/arcane-adventure-modificadores-set\/","title":{"rendered":"\u00abArcane Adventure\u00bb Modificadores Set completo (44 Uds)"},"content":{"rendered":"<p>Nuestra linea \u00abArcane Adventure\u00bb te ayudar\u00e1 a mejorar los componentes de cualquier juego de investigaci\u00f3n y misterio. Encuentra las pistas para ayudarte a luchar contra los horrores m\u00e1s all\u00e1 de nuestra compresi\u00f3n.<\/p>\n<p>Estos marcadores puedes ayudarte a recordad cualquier modificador \u00a0positivo o negativo que sufran tus personajes, o bien utilizarlos para remplazar las tiradas de dados. Est\u00e1n grabados con n\u00fameros e iconos variados de horror.<\/p>\n<p>Las piezas est\u00e1n fabricadas en DM o metacrilato y est\u00e1n pensadas para resistir incluso despu\u00e9s de muchas partidas.<\/p>\n<p>Este set contiene todas las piezas que puedas necesitar para tus juegos. Puedes comprarlas en Dm o diferentes colores de metacrilato<\/p>\n<p>El set contiene: Calavera x 4, Encapuchado x 4, Tableta rota x 4, Antiguo x 4, Tent\u00e1culos x 1, Arcano x 1, (-8) x 1, (-7) x 1, (-6) x 1, (-5) x 2, (-4) x 2, (-3) x 3, (-2) x 4, (-1) x 5, (0) x 4, (+1) x 3<\/p>\n<p>Pecuerda que si quieres en vez de comprar el set puedes personalizarlo\u00a0<a href=\"\/?p=29849\"><strong>comprando las fichas individualmente<\/strong><\/a><\/p>\n<p>Este producto encaja a la perfecci\u00f3n con el juego \u00a0<a href=\"https:\/\/boardgamegeek.com\/boardgame\/205637\/arkham-horror-card-game\"><strong>Arkham horror Lcg<\/strong><\/a><\/p>\n<div class=\"moreinfo\">\n<p><strong>Material:<\/strong>\u00a0Metacrilato<\/p>\n<p><strong>Espesor:<\/strong>\u00a03mm<\/p>\n<p><strong>Tama\u00f1o:<\/strong> 2,5 cm<\/p>\n<p><strong>Cantidad:\u00a0<\/strong>44 unidades<\/p>\n<p><strong>Uso:<\/strong> Perfecto para cualquier juego de misterio y terror<\/p>\n<\/div>\n<p><strong><a href=\"https:\/\/boardgamegeek.com\/boardgame\/205637\/arkham-horror-card-game\">Arkham horror Lcg<\/a> <\/strong>es un juego de\u00a0<strong>Nate French<\/strong> y <strong>Matthew Newman<\/strong>\u00a0publicado por\u00a0<strong><a href=\"https:\/\/www.fantasyflightgames.com\/en\/index\/\">Fantasy Flight Games<\/a>.<\/strong>\u00a0<strong>Customeeple<\/strong>\u00a0 no mantiene ninguna relaci\u00f3n con esa compa\u00f1\u00eda y este producto no est\u00e1 de ninguna manera patrocinado por ellos.<\/p>\n<p>&nbsp;<\/p>\n","protected":false},"excerpt":{"rendered":"<p>Set de piezas compatible con\u00a0<a href=\"https:\/\/boardgamegeek.com\/boardgame\/205637\/arkham-horror-card-game\"><strong>Arkham horror Lcg<\/strong><\/a><\/p>\n","protected":false},"featured_media":60485,"template":"","meta":{"_acf_changed":false},"product_brand":[],"product_cat":[191,1303,1370,78],"product_tag":[656,1310,641],"class_list":{"0":"post-30118","1":"product","2":"type-product","3":"status-publish","4":"has-post-thumbnail","6":"product_cat-accesorios","7":"product_cat-ada","8":"product_cat-customeeple-es","9":"product_cat-meeple-2","10":"product_tag-arkham-horror-es-2","11":"product_tag-arkham-horror-lcg-es","12":"product_tag-eldrich-horror","13":"pa_methacrylate-colors-azul-fluor-mfbl-es","14":"pa_methacrylate-colors-roble","15":"pa_methacrylate-colors-naranja-fluor-mfor-es","16":"pa_methacrylate-colors-verde-fluor-mfgr","17":"pa_methacrylate-colors-amarill-fluor-mfye","18":"pa_methacrylate-colors-magenta-fluor-mfma-es","19":"pa_methacrylate-colors-transparente-mttr","21":"first","22":"instock","23":"taxable","24":"shipping-taxable","25":"purchasable","26":"product-type-variable"},"exclude_global_add_ons":[],"addons":[],"acf":[],"_links":{"self":[{"href":"https:\/\/www.customeeple.com\/es\/wp-json\/wp\/v2\/product\/30118","targetHints":{"allow":["GET"]}}],"collection":[{"href":"https:\/\/www.customeeple.com\/es\/wp-json\/wp\/v2\/product"}],"about":[{"href":"https:\/\/www.customeeple.com\/es\/wp-json\/wp\/v2\/types\/product"}],"wp:featuredmedia":[{"embeddable":true,"href":"https:\/\/www.customeeple.com\/es\/wp-json\/wp\/v2\/media\/60485"}],"wp:attachment":[{"href":"https:\/\/www.customeeple.com\/es\/wp-json\/wp\/v2\/media?parent=30118"}],"wp:term":[{"taxonomy":"product_brand","embeddable":true,"href":"https:\/\/www.customeeple.com\/es\/wp-json\/wp\/v2\/product_brand?post=30118"},{"taxonomy":"product_cat","embeddable":true,"href":"https:\/\/www.customeeple.com\/es\/wp-json\/wp\/v2\/product_cat?post=30118"},{"taxonomy":"product_tag","embeddable":true,"href":"https:\/\/www.customeeple.com\/es\/wp-json\/wp\/v2\/product_tag?post=30118"}],"curies":[{"name":"wp","href":"https:\/\/api.w.org\/{rel}","templated":true}]}}