{"id":29985,"date":"2017-08-25T10:36:17","date_gmt":"2017-08-25T09:36:17","guid":{"rendered":"http:\/\/www.customeeple.com\/?post_type=product&#038;p=29985\/"},"modified":"2022-09-19T10:42:11","modified_gmt":"2022-09-19T09:42:11","slug":"fantasy-footbal-activation-markers-markers","status":"publish","type":"product","link":"https:\/\/www.customeeple.com\/es\/producto\/fantasy-footbal-activation-markers-markers\/","title":{"rendered":"Marcadores de Activado Fantasy Football (12 Uds)"},"content":{"rendered":"<p>Mejora la calidad de tus partidos usando las fichas de nuestra l\u00ednea de productos \u00abFantasy Football\u00bb. Puedes emplearlos en cualquier juego de deportes de fantas\u00eda.<\/p>\n<p>Este pack de piezas sirve para indicar que jugadores has movido ya este turno, tan solo coloca la pieza al lado de cada jugador. El set incluye una pieza adicional, para indicar cargas o movimientos especiales.<\/p>\n<p>Puedes elegir el logo de la raza de tu equipo favorito: Orcos, Humanos, elfos&#8230;<\/p>\n<p><strong>Material:<\/strong>\u00a0Metacrilato<\/p>\n<div class=\"moreinfo\">\n<p><strong>Espesor:<\/strong>\u00a03mm<\/p>\n<p><strong>Tama\u00f1o:<\/strong>\u00a01,3 cm di\u00e1metro<\/p>\n<p><strong>Cantidad:\u00a0<\/strong>12 unidades<\/p>\n<p><strong>Uso:<\/strong> Perfecto Para cualquier juego de f\u00fatbol fant\u00e1stico<\/p>\n<\/div>\n<p>&nbsp;<\/p>\n<div class=\"infopreorder\"><strong>Note:<\/strong>\u00a0El color de las piezas de metacrilato puede varia ligeramente del de las fotos.<\/div>\n<p>&nbsp;<\/p>\n","protected":false},"excerpt":{"rendered":"<p>Marcadores de activaci\u00f3n para juegos de f\u00fatbol fant\u00e1stico<\/p>\n","protected":false},"featured_media":30420,"template":"","meta":{"_acf_changed":false},"product_brand":[],"product_cat":[1258,1370,1308,78],"product_tag":[1250],"class_list":{"0":"post-29985","1":"product","2":"type-product","3":"status-publish","4":"has-post-thumbnail","6":"product_cat-blood-bowl-es","7":"product_cat-customeeple-es","8":"product_cat-ffbb-es","9":"product_cat-meeple-2","10":"product_tag-blood-bowl-es","11":"pa_methacrylate-colors-amarill-fluor-mfye","12":"pa_methacrylate-colors-azul-fluor-mfbl-es","13":"pa_methacrylate-colors-azul-trans-mtbl","14":"pa_methacrylate-colors-blancohielo-mtiw","15":"pa_methacrylate-colors-humo-trans-mtsm","16":"pa_methacrylate-colors-naranja-fluor-mfor-es","17":"pa_methacrylate-colors-naranja-trans-mtor","18":"pa_methacrylate-colors-rojotrans-mtre","19":"pa_methacrylate-colors-magenta-fluor-mfma-es","20":"pa_methacrylate-colors-transparente-mttr","21":"pa_methacrylate-colors-verde-trans-mtgr","22":"pa_methacrylate-colors-verde-fluor-mfgr","23":"pa_methacrylate-colors-violeta-movi","25":"first","26":"instock","27":"taxable","28":"shipping-taxable","29":"purchasable","30":"product-type-variable"},"exclude_global_add_ons":[],"addons":[],"acf":[],"_links":{"self":[{"href":"https:\/\/www.customeeple.com\/es\/wp-json\/wp\/v2\/product\/29985","targetHints":{"allow":["GET"]}}],"collection":[{"href":"https:\/\/www.customeeple.com\/es\/wp-json\/wp\/v2\/product"}],"about":[{"href":"https:\/\/www.customeeple.com\/es\/wp-json\/wp\/v2\/types\/product"}],"wp:featuredmedia":[{"embeddable":true,"href":"https:\/\/www.customeeple.com\/es\/wp-json\/wp\/v2\/media\/30420"}],"wp:attachment":[{"href":"https:\/\/www.customeeple.com\/es\/wp-json\/wp\/v2\/media?parent=29985"}],"wp:term":[{"taxonomy":"product_brand","embeddable":true,"href":"https:\/\/www.customeeple.com\/es\/wp-json\/wp\/v2\/product_brand?post=29985"},{"taxonomy":"product_cat","embeddable":true,"href":"https:\/\/www.customeeple.com\/es\/wp-json\/wp\/v2\/product_cat?post=29985"},{"taxonomy":"product_tag","embeddable":true,"href":"https:\/\/www.customeeple.com\/es\/wp-json\/wp\/v2\/product_tag?post=29985"}],"curies":[{"name":"wp","href":"https:\/\/api.w.org\/{rel}","templated":true}]}}