{"id":29964,"date":"2017-08-11T17:52:18","date_gmt":"2017-08-11T15:52:18","guid":{"rendered":"http:\/\/www.customeeple.com\/?post_type=product&#038;p=29964\/"},"modified":"2017-08-11T17:52:18","modified_gmt":"2017-08-11T15:52:18","slug":"arcane-adventure-health","status":"publish","type":"product","link":"https:\/\/www.customeeple.com\/es\/producto\/arcane-adventure-health\/","title":{"rendered":"\u00abArcane Adventure\u00bb Marcadores de salud (13 Uds)"},"content":{"rendered":"<p>Nuestra linea \u00abArcane Adventure\u00bb te ayudar\u00e1 a mejorar los componentes de cualquier juego de investigaci\u00f3n y misterio. Encuentra las pistas para ayudarte a luchar contra los horrores m\u00e1s all\u00e1 de nuestra compresi\u00f3n.<\/p>\n<p>Un pack de fichas para indicar tu salud o llevar la cuenta del da\u00f1o en cualquier juego. El set contiene 10 fichas de valor 1 y 3 de valor 3.<\/p>\n<p>&nbsp;<\/p>\n<div class=\"moreinfo\">\n<p><strong>Material:<\/strong>\u00a0Metacrilato transparente rojo<\/p>\n<p><strong>Espesor:<\/strong>\u00a03mm<\/p>\n<p><strong>Tama\u00f1o:<\/strong> Varia<\/p>\n<p><strong>Cantidad:\u00a0<\/strong>13 unidades<\/p>\n<p><strong>Uso:<\/strong> Perfecto para cualquier juego de misterio y terror<\/p>\n<\/div>\n<div class=\"infopreorder\"><strong>Nota:<\/strong>\u00a0Los colores de las piezas de metacrilato pueden variar ligeramente de las mostradas en la fotos<\/div>\n<p>&nbsp;<\/p>\n","protected":false},"excerpt":{"rendered":"<p>Marca tu salud\/da\u00f1o en cualquier juego<\/p>\n","protected":false},"featured_media":30025,"template":"","meta":{"_acf_changed":false},"product_brand":[],"product_cat":[1303],"product_tag":[656,1310,641],"class_list":{"0":"post-29964","1":"product","2":"type-product","3":"status-publish","4":"has-post-thumbnail","6":"product_cat-ada","7":"product_tag-arkham-horror-es-2","8":"product_tag-arkham-horror-lcg-es","9":"product_tag-eldrich-horror","11":"first","12":"instock","13":"taxable","14":"shipping-taxable","15":"purchasable","16":"product-type-simple"},"exclude_global_add_ons":[],"addons":[],"acf":[],"_links":{"self":[{"href":"https:\/\/www.customeeple.com\/es\/wp-json\/wp\/v2\/product\/29964","targetHints":{"allow":["GET"]}}],"collection":[{"href":"https:\/\/www.customeeple.com\/es\/wp-json\/wp\/v2\/product"}],"about":[{"href":"https:\/\/www.customeeple.com\/es\/wp-json\/wp\/v2\/types\/product"}],"wp:featuredmedia":[{"embeddable":true,"href":"https:\/\/www.customeeple.com\/es\/wp-json\/wp\/v2\/media\/30025"}],"wp:attachment":[{"href":"https:\/\/www.customeeple.com\/es\/wp-json\/wp\/v2\/media?parent=29964"}],"wp:term":[{"taxonomy":"product_brand","embeddable":true,"href":"https:\/\/www.customeeple.com\/es\/wp-json\/wp\/v2\/product_brand?post=29964"},{"taxonomy":"product_cat","embeddable":true,"href":"https:\/\/www.customeeple.com\/es\/wp-json\/wp\/v2\/product_cat?post=29964"},{"taxonomy":"product_tag","embeddable":true,"href":"https:\/\/www.customeeple.com\/es\/wp-json\/wp\/v2\/product_tag?post=29964"}],"curies":[{"name":"wp","href":"https:\/\/api.w.org\/{rel}","templated":true}]}}