{"id":29762,"date":"2017-08-04T11:30:26","date_gmt":"2017-08-04T10:30:26","guid":{"rendered":"http:\/\/www.customeeple.com\/product\/malifaux-airbrush-stencil-building-painting-aid\/"},"modified":"2017-08-11T17:55:36","modified_gmt":"2017-08-11T15:55:36","slug":"malifaux-airbrush-stencil-building-painting-aid","status":"publish","type":"product","link":"https:\/\/www.customeeple.com\/es\/producto\/malifaux-airbrush-stencil-building-painting-aid\/","title":{"rendered":"Malifaux plantilla de estarcido \u00abayuda de pintado de edificios\u00bb"},"content":{"rendered":"<p>Indicado para trabajar con areografo nuestras plantillas de estarcido te ayudar\u00e1n a imprimir detalles o hacer mas r\u00e1pido el pintado.<\/p>\n<p>Esta plantilla esta fabricada en Cart\u00f3n de alta densidad, un material resistente para modelismo. Su plantilla y dise\u00f1o te ayudar\u00e1n a pintar mas r\u00e1pidamente las esquinas de edificios como nuestras casas modulares\u00a0<strong><a href=\"\/?p=22796\">Millbank street<\/a><\/strong>\u00a0\u00a0o\u00a0<strong><a href=\"\/?p=26021\">Stonewall place<\/a><\/strong><\/p>\n<p>Todas las piezas han sido dise\u00f1adas en colaboraci\u00f3n con\u00a0<strong><a href=\"http:\/\/www.wyrd-games.net\/\">Wyrd games<\/a><\/strong>\u00a0para ser totalmente compatibles con\u00a0<strong><a href=\"http:\/\/www.wyrd-games.net\/malifaux\">Malifaux<\/a>.<\/strong><\/p>\n<div class=\"moreinfo\">\n<p><strong>Material:<\/strong>\u00a0Cart\u00f3n de alta densidad<\/p>\n<p dir=\"ltr\"><strong>Espesor:<\/strong>\u00a03 mm<\/p>\n<p dir=\"ltr\"><strong>Cantidad:\u00a0<\/strong>2 plantillas<\/p>\n<p><strong>Uso: <\/strong>Plantilla de are\u00f3grafo para detalles<\/p>\n<\/div>\n<div class=\"infopreorder\"><\/div>\n","protected":false},"excerpt":{"rendered":"<p>Plantilla de imprimaci\u00f3n para decoraciones, perfecto para\u00a0<strong><a href=\"http:\/\/www.wyrd-games.net\/malifaux\">Malifaux<\/a>.<\/strong><\/p>\n","protected":false},"featured_media":29673,"template":"","meta":{"_acf_changed":false},"product_brand":[],"product_cat":[191,1370,926,1399,1400,1671,1425,2360],"product_tag":[1652],"class_list":{"0":"post-29762","1":"product","2":"type-product","3":"status-publish","4":"has-post-thumbnail","6":"product_cat-accesorios","7":"product_cat-customeeple-es","8":"product_cat-escenografia-es-2","9":"product_cat-escenografia-es","10":"product_cat-fantasia","11":"product_cat-malifaux-es-3","12":"product_cat-malifaux-es-2","13":"product_cat-productos-oficiales","14":"product_tag-malifaux-es-2","16":"first","17":"instock","18":"taxable","19":"shipping-taxable","20":"purchasable","21":"product-type-simple"},"exclude_global_add_ons":[],"addons":[],"acf":[],"_links":{"self":[{"href":"https:\/\/www.customeeple.com\/es\/wp-json\/wp\/v2\/product\/29762","targetHints":{"allow":["GET"]}}],"collection":[{"href":"https:\/\/www.customeeple.com\/es\/wp-json\/wp\/v2\/product"}],"about":[{"href":"https:\/\/www.customeeple.com\/es\/wp-json\/wp\/v2\/types\/product"}],"wp:featuredmedia":[{"embeddable":true,"href":"https:\/\/www.customeeple.com\/es\/wp-json\/wp\/v2\/media\/29673"}],"wp:attachment":[{"href":"https:\/\/www.customeeple.com\/es\/wp-json\/wp\/v2\/media?parent=29762"}],"wp:term":[{"taxonomy":"product_brand","embeddable":true,"href":"https:\/\/www.customeeple.com\/es\/wp-json\/wp\/v2\/product_brand?post=29762"},{"taxonomy":"product_cat","embeddable":true,"href":"https:\/\/www.customeeple.com\/es\/wp-json\/wp\/v2\/product_cat?post=29762"},{"taxonomy":"product_tag","embeddable":true,"href":"https:\/\/www.customeeple.com\/es\/wp-json\/wp\/v2\/product_tag?post=29762"}],"curies":[{"name":"wp","href":"https:\/\/api.w.org\/{rel}","templated":true}]}}