{"id":29568,"date":"2017-08-04T10:05:41","date_gmt":"2017-08-02T14:07:41","guid":{"rendered":"http:\/\/www.customeeple.com\/product\/malifaux-wall-template\/"},"modified":"2017-08-11T18:00:14","modified_gmt":"2017-08-11T16:00:14","slug":"malifaux-wall-template","status":"publish","type":"product","link":"https:\/\/www.customeeple.com\/es\/producto\/malifaux-wall-template\/","title":{"rendered":"Malifaux Plantilla de muro"},"content":{"rendered":"<p>Una \u00fatil plantilla de muro para\u00a0<strong><a href=\"http:\/\/www.wyrd-games.net\/malifaux\">Malifaux<\/a>. <\/strong>Tiene el mismo diametro que los efectos de muro en el juego. Como los pilares de hielo del\u00a0<strong><a href=\"https:\/\/www.wyrd-games.net\/rasputina\/\">Wendigo<\/a>\u00a0<\/strong>o el muro de viento de\u00a0<strong>\u00a0<a href=\"https:\/\/www.wyrd-games.net\/malifaux-henchmen\/2017\/5\/11\/the-captain\">The captain<\/a><\/strong><\/p>\n<p>Puedes elegir el color de tu plantilla. Si no estas seguro de que color elegir para tus piezas puedes consultar nuestra p\u00e1gina de\u00a0<em><a href=\"\/?page_id=8154\"><strong>materiales<\/strong><\/a><\/em><\/p>\n<p>Nota: La versi\u00f3n de DM de la plantilla es mas simple que las otras y no tiene el logo de <strong><a href=\"http:\/\/www.wyrd-games.net\/malifaux\">Malifaux<\/a><\/strong>\u00a0 grabado. Esta pensada para usarse como una versi\u00f3n b\u00e1sica con solo el contorno al que despu\u00e9s puedes personalizar a tu antojo a\u00f1adiendole escenograf\u00eda: Llamas, hielo, un bosque&#8230;<\/p>\n<p>Si estas interesado en un modelo m\u00e1s especifico para representar un muro de hielo puedes comprar nuestra versi\u00f3n de la plantilla <strong><a href=\"\/?p=29545\">Pilares de hielo<\/a><\/strong><\/p>\n<p>Todas las piezas han sido dise\u00f1adas en colaboraci\u00f3n con\u00a0<strong><a href=\"http:\/\/www.wyrd-games.net\/\">Wyrd games<\/a><\/strong>\u00a0para ser totalmente compatibles con\u00a0<strong><a href=\"http:\/\/www.wyrd-games.net\/malifaux\">Malifaux<\/a>.<\/strong><\/p>\n<p>&nbsp;<\/p>\n<div class=\"moreinfo\">\n<p><strong>Material:<\/strong> Metacrilato fluorescente, DM<\/p>\n<p dir=\"ltr\"><strong>Espesor:<\/strong>\u00a03 mm<\/p>\n<p dir=\"ltr\"><strong>Tama\u00f1o:\u00a0<\/strong>10 x 5 cm<\/p>\n<p dir=\"ltr\"><strong><br \/>\n<\/strong><strong>Cantidad:\u00a0<\/strong>1 plantilla de muro<\/p>\n<p><strong>Uso: <\/strong>Marca el efecto de muros m\u00e1gicos en tus partidas de\u00a0<strong><a href=\"http:\/\/www.wyrd-games.net\/malifaux\">Malifaux<\/a><\/strong><strong><a href=\"http:\/\/www.manticgames.com\/mantic-shop\/kings-of-war.html\">\u00a0<\/a>\u00a0<\/strong><\/p>\n<\/div>\n<div class=\"infopreorder\"><strong>Nota:<\/strong>\u00a0Los colores de las piezas de metacrilato puede variar ligeramente del de las fotos<\/div>\n<p>&nbsp;<\/p>\n","protected":false},"excerpt":{"rendered":"<p>Plantilla de muro para\u00a0<strong><a href=\"http:\/\/www.wyrd-games.net\/malifaux\">Malifaux<\/a><\/strong><\/p>\n","protected":false},"featured_media":29633,"template":"","meta":{"_acf_changed":false},"product_brand":[],"product_cat":[191,1370,1400,1425,1671,922,925,78],"product_tag":[1652,932],"class_list":{"0":"post-29568","1":"product","2":"type-product","3":"status-publish","4":"has-post-thumbnail","6":"product_cat-accesorios","7":"product_cat-customeeple-es","8":"product_cat-fantasia","9":"product_cat-malifaux-es-2","10":"product_cat-malifaux-es-3","11":"product_cat-malifaux-es","12":"product_cat-markerstokens-es-2","13":"product_cat-meeple-2","14":"product_tag-malifaux-es-2","15":"product_tag-malifaux-es","16":"pa_methacrylate-colors-amarill-fluor-mfye","17":"pa_methacrylate-colors-azul-fluor-mfbl-es","18":"pa_methacrylate-colors-mdf-vanilla-version-es","19":"pa_methacrylate-colors-humo-trans-mtsm","20":"pa_methacrylate-colors-naranja-fluor-mfor-es","21":"pa_methacrylate-colors-naranja-fluor-mfor","22":"pa_methacrylate-colors-magenta-fluor-mfma-es","23":"pa_methacrylate-colors-smoke-grey-mtsm","24":"pa_methacrylate-colors-transparente-mttr","25":"pa_methacrylate-colors-verde-fluor-mfgr","26":"pa_methacrylate-colors-violeta-movi","28":"first","29":"instock","30":"taxable","31":"shipping-taxable","32":"purchasable","33":"product-type-variable"},"exclude_global_add_ons":[],"addons":[],"acf":[],"_links":{"self":[{"href":"https:\/\/www.customeeple.com\/es\/wp-json\/wp\/v2\/product\/29568","targetHints":{"allow":["GET"]}}],"collection":[{"href":"https:\/\/www.customeeple.com\/es\/wp-json\/wp\/v2\/product"}],"about":[{"href":"https:\/\/www.customeeple.com\/es\/wp-json\/wp\/v2\/types\/product"}],"wp:featuredmedia":[{"embeddable":true,"href":"https:\/\/www.customeeple.com\/es\/wp-json\/wp\/v2\/media\/29633"}],"wp:attachment":[{"href":"https:\/\/www.customeeple.com\/es\/wp-json\/wp\/v2\/media?parent=29568"}],"wp:term":[{"taxonomy":"product_brand","embeddable":true,"href":"https:\/\/www.customeeple.com\/es\/wp-json\/wp\/v2\/product_brand?post=29568"},{"taxonomy":"product_cat","embeddable":true,"href":"https:\/\/www.customeeple.com\/es\/wp-json\/wp\/v2\/product_cat?post=29568"},{"taxonomy":"product_tag","embeddable":true,"href":"https:\/\/www.customeeple.com\/es\/wp-json\/wp\/v2\/product_tag?post=29568"}],"curies":[{"name":"wp","href":"https:\/\/api.w.org\/{rel}","templated":true}]}}