{"id":29083,"date":"2017-07-28T10:33:13","date_gmt":"2017-07-28T09:33:13","guid":{"rendered":"http:\/\/www.customeeple.com\/product\/infinity-table-airbrush-stencil\/"},"modified":"2017-07-26T19:50:03","modified_gmt":"2017-07-26T17:50:03","slug":"infinity-table-airbrush-stencil","status":"publish","type":"product","link":"https:\/\/www.customeeple.com\/es\/producto\/infinity-table-airbrush-stencil\/","title":{"rendered":"Neon City streets Plantilla de estarcido"},"content":{"rendered":"<p>Pintar puede ser un problema, pero con esta plantilla de estarcido puedes acelerar el tiempo de pintado de la superficie de nuestros <a href=\"\/?p=28934\"><strong>Suelos neon City<\/strong><\/a><\/p>\n<p><b>La plantilla est\u00e1 fabricada en cart\u00f3n de alta densidad, un material duradero para modelismo. Incluye muchos perfiles utiles para pintar los suelos como: Hexagonos, calles, muros&#8230;<\/b><\/p>\n<p>&nbsp;<\/p>\n<p>Todas las piezas est\u00e1n dise\u00f1adas en colaboraci\u00f3n con\u00a0<strong><a href=\"http:\/\/www.corvusbelli.com\/\">Corvus Belli<\/a><\/strong>\u00a0para ser totalmente compatibles con\u00a0<strong><a href=\"http:\/\/infinitythegame.com\/\" target=\"_blank\" rel=\"noopener\">Infinity the game<\/a>.<\/strong><\/p>\n<p>&nbsp;<\/p>\n<div class=\"moreinfo\">\n<p><strong>Material: C<\/strong>art\u00f3n de alta densidad<\/p>\n<p dir=\"ltr\"><strong>Espesor:<\/strong>\u00a0N\/A<\/p>\n<p><strong>Uso:<\/strong>\u00a0Pinta mas r\u00e1pidamente nuestros\u00a0<a href=\"\/?p=28934\"><strong>Suelos neon City<\/strong><\/a><\/p>\n<\/div>\n<div class=\"infopreorder\"><strong>Nota:<\/strong> Miniaturas y edificios no incluidos.<\/div>\n","protected":false},"excerpt":{"rendered":"<p>Plantilla para pintar m\u00e1s r\u00e1pidamente los\u00a0<a href=\"\/?p=28934\"><strong>Suelos neon City<\/strong><\/a><\/p>\n","protected":false},"featured_media":29219,"template":"","meta":{"_acf_changed":false},"product_brand":[],"product_cat":[191,1370,346,291,1394,2360,1372],"product_tag":[646,306],"class_list":{"0":"post-29083","1":"product","2":"type-product","3":"status-publish","4":"has-post-thumbnail","6":"product_cat-accesorios","7":"product_cat-customeeple-es","8":"product_cat-escenografia","9":"product_cat-infinity-es-2","10":"product_cat-infinity-es","11":"product_cat-productos-oficiales","12":"product_cat-sci-fi-es","13":"product_tag-infinity-es-2","14":"product_tag-infinity-the-game-es-2","16":"first","17":"instock","18":"taxable","19":"shipping-taxable","20":"purchasable","21":"product-type-simple"},"exclude_global_add_ons":[],"addons":[],"acf":[],"_links":{"self":[{"href":"https:\/\/www.customeeple.com\/es\/wp-json\/wp\/v2\/product\/29083","targetHints":{"allow":["GET"]}}],"collection":[{"href":"https:\/\/www.customeeple.com\/es\/wp-json\/wp\/v2\/product"}],"about":[{"href":"https:\/\/www.customeeple.com\/es\/wp-json\/wp\/v2\/types\/product"}],"wp:featuredmedia":[{"embeddable":true,"href":"https:\/\/www.customeeple.com\/es\/wp-json\/wp\/v2\/media\/29219"}],"wp:attachment":[{"href":"https:\/\/www.customeeple.com\/es\/wp-json\/wp\/v2\/media?parent=29083"}],"wp:term":[{"taxonomy":"product_brand","embeddable":true,"href":"https:\/\/www.customeeple.com\/es\/wp-json\/wp\/v2\/product_brand?post=29083"},{"taxonomy":"product_cat","embeddable":true,"href":"https:\/\/www.customeeple.com\/es\/wp-json\/wp\/v2\/product_cat?post=29083"},{"taxonomy":"product_tag","embeddable":true,"href":"https:\/\/www.customeeple.com\/es\/wp-json\/wp\/v2\/product_tag?post=29083"}],"curies":[{"name":"wp","href":"https:\/\/api.w.org\/{rel}","templated":true}]}}