{"id":29014,"date":"2017-07-28T10:02:44","date_gmt":"2017-07-28T09:02:44","guid":{"rendered":"http:\/\/www.customeeple.com\/product\/neon-city-streets-mk2-1unit\/"},"modified":"2017-08-01T11:38:24","modified_gmt":"2017-08-01T09:38:24","slug":"neon-city-streets-mk2-1unit","status":"publish","type":"product","link":"https:\/\/www.customeeple.com\/es\/producto\/neon-city-streets-mk2-1unit\/","title":{"rendered":"Calles Neon City Mk2 (1 Uds)"},"content":{"rendered":"<p>Si nuestros edificios <strong><a href=\"http:\/\/www.customeeple.com\/?s=neon+city\">NEON CITY<\/a>\u00a0<\/strong>Te permitian construir tus propias calles en tus partidas de\u00a0<a href=\"http:\/\/infinitythegame.com\/\" target=\"_blank\" rel=\"noopener\"><strong>Infinity<\/strong>, <\/a>ahora puedes a\u00f1adir mas vida a tus mesas de juego a\u00f1adiendo los suelos.<\/p>\n<p>Con nuestras calles\u00a0<strong><a href=\"http:\/\/www.customeeple.com\/?s=neon+city\">NEON CITY\u00a0<\/a><\/strong>puedes crear un area completa de juego para tus partidas de<strong>\u00a0<\/strong><strong><a href=\"http:\/\/infinitythegame.com\/\" target=\"_blank\" rel=\"noopener\">Infinity<\/a><\/strong>. Este producto incluye una loseta de 30 x 30 cm grabada con un patr\u00f3n de calle. Hay diferentes modelos a elegir y puedes combinarlos de la manera que quieras para crear un area de juego de\u00a0<strong><a href=\"http:\/\/infinitythegame.com\/\" target=\"_blank\" rel=\"noopener\">Infinity<\/a><\/strong><\/p>\n<p>Puedes comprar este producto en 8 modelos diferentes:<\/p>\n<ul>\n<li><strong><em>Cruce de carretera<\/em><\/strong><\/li>\n<li><strong><em>Carretera Curva<\/em><\/strong><\/li>\n<li><strong><em>Carretera recta<\/em><\/strong><\/li>\n<li><strong><em>Lisa<\/em><\/strong><\/li>\n<li><strong><em>Elevaci\u00f3n\u00a0menor<\/em><\/strong><\/li>\n<li><strong><em>Elevaci\u00f3n mayor<\/em><\/strong><\/li>\n<li><strong><em>Elevaci\u00f3n triangular<\/em><\/strong><\/li>\n<li><strong><em>Elevaci\u00f3n con escalera<\/em><\/strong><\/li>\n<\/ul>\n<p>Todas las losetas pueden juntarse para crear \u00a0una mesa completa de juego. Pero recuerda que en lugar de comprarlas por separado puedes comprar un set <a href=\"http:\/\/www.customeeple.com\/product\/neon-city-streetsmk2t\/\"><strong>completo<\/strong> <\/a>de nuestras losetas de calle aun precio muy especial para crear un \u00e1rea completa de juego de 120 x 120 cm.<\/p>\n<p>&nbsp;<\/p>\n<p>Todas las piezas est\u00e1n dise\u00f1adas en colaboraci\u00f3n con\u00a0<strong><a href=\"http:\/\/www.corvusbelli.com\/\">Corvus Belli<\/a><\/strong>\u00a0para ser totalmente compatibles con\u00a0<strong><a href=\"http:\/\/infinitythegame.com\/\" target=\"_blank\" rel=\"noopener\">Infinity the game<\/a>.<\/strong><\/p>\n<div class=\"moreinfo\">\n<p><strong>Material:\u00a0<\/strong>Dm y Metacrilato<\/p>\n<p dir=\"ltr\"><strong>Espesor:<\/strong>\u00a02,5 mm \/ 3 mm base del suelo<\/p>\n<p dir=\"ltr\"><strong>Tama\u00f1o: <\/strong>1 lsoeta de\u00a0<strong>\u00a0<\/strong>30 x 30 cm<\/p>\n<p dir=\"ltr\"><strong><br \/>\n<\/strong><strong>Cantidad: <\/strong>1 loseta de calle<\/p>\n<p><strong>Uso:<\/strong>\u00a0escenograf\u00eda compatible con nuestros productos\u00a0<strong>NEON CITY<\/strong> para\u00a0<strong><a href=\"http:\/\/infinitythegame.com\/\" target=\"_blank\" rel=\"noopener\">Infinity the game<\/a>\u00a0<\/strong><\/p>\n<\/div>\n<p>&nbsp;<\/p>\n<div class=\"infopreorder\"><strong>Nota:<\/strong> Miniaturas y accesorios no incluidos. Este producto se vende sin montar ni pintar, necesitar\u00e1s pegamento para ensamblarlo.<\/div>\n<p>&nbsp;<\/p>\n","protected":false},"excerpt":{"rendered":"<p>Loseta de suelo modular para\u00a0<strong><a href=\"http:\/\/www.infinitythegame.com\/infinity\/en\">Infinity the game\u00a0<\/a><\/strong><\/p>\n","protected":false},"featured_media":29175,"template":"","meta":{"_acf_changed":false},"product_brand":[],"product_cat":[191,346,1399,291,1394,2360,1372],"product_tag":[646,306],"class_list":{"0":"post-29014","1":"product","2":"type-product","3":"status-publish","4":"has-post-thumbnail","6":"product_cat-accesorios","7":"product_cat-escenografia","8":"product_cat-escenografia-es","9":"product_cat-infinity-es-2","10":"product_cat-infinity-es","11":"product_cat-productos-oficiales","12":"product_cat-sci-fi-es","13":"product_tag-infinity-es-2","14":"product_tag-infinity-the-game-es-2","16":"first","17":"instock","18":"taxable","19":"shipping-taxable","20":"purchasable","21":"product-type-variable"},"exclude_global_add_ons":[],"addons":[],"acf":[],"_links":{"self":[{"href":"https:\/\/www.customeeple.com\/es\/wp-json\/wp\/v2\/product\/29014","targetHints":{"allow":["GET"]}}],"collection":[{"href":"https:\/\/www.customeeple.com\/es\/wp-json\/wp\/v2\/product"}],"about":[{"href":"https:\/\/www.customeeple.com\/es\/wp-json\/wp\/v2\/types\/product"}],"wp:featuredmedia":[{"embeddable":true,"href":"https:\/\/www.customeeple.com\/es\/wp-json\/wp\/v2\/media\/29175"}],"wp:attachment":[{"href":"https:\/\/www.customeeple.com\/es\/wp-json\/wp\/v2\/media?parent=29014"}],"wp:term":[{"taxonomy":"product_brand","embeddable":true,"href":"https:\/\/www.customeeple.com\/es\/wp-json\/wp\/v2\/product_brand?post=29014"},{"taxonomy":"product_cat","embeddable":true,"href":"https:\/\/www.customeeple.com\/es\/wp-json\/wp\/v2\/product_cat?post=29014"},{"taxonomy":"product_tag","embeddable":true,"href":"https:\/\/www.customeeple.com\/es\/wp-json\/wp\/v2\/product_tag?post=29014"}],"curies":[{"name":"wp","href":"https:\/\/api.w.org\/{rel}","templated":true}]}}