{"id":29009,"date":"2017-07-13T13:28:51","date_gmt":"2017-07-13T12:28:51","guid":{"rendered":"http:\/\/www.customeeple.com\/product\/neon-city-sidewalk\/"},"modified":"2017-07-28T17:44:58","modified_gmt":"2017-07-28T15:44:58","slug":"neon-city-sidewalk","status":"publish","type":"product","link":"https:\/\/www.customeeple.com\/es\/producto\/neon-city-sidewalk\/","title":{"rendered":"Aceras Neon City (2 Uds)"},"content":{"rendered":"<p>Un pack de dos aceras para la escenograf\u00eda de tus partidas. Construye tus propia calle y a\u00f1ade mas vida y variedad a tus edificios\u00a0<strong><a href=\"http:\/\/www.customeeple.com\/?s=neon+city\">Neon city<\/a>\u00a0<\/strong>en tus mesas de juego de<strong>\u00a0<a href=\"http:\/\/infinitythegame.com\/\" target=\"_blank\" rel=\"noopener\">Infinity<\/a>\u00a0<\/strong><\/p>\n<p>Este pack es completamente compatible con nuestros edificios\u00a0<strong><a href=\"http:\/\/www.customeeple.com\/?s=neon+city\">Neon city<\/a>\u00a0<\/strong>ya que encajan perfectamente en ellas. Puedes comprar las aceras en dos tama\u00f1os diferentes para nuestros edificios\u00a0<strong><a href=\"http:\/\/www.customeeple.com\/?s=neon+city\">Neon city<\/a>\u00a0<\/strong>grandes o peque\u00f1o. Adem\u00e1s puedes combinar varias de ellas ya que encajan y crear una acera mas larga.<\/p>\n<p>Todas als piezas est\u00e1n dise\u00f1adas en colaboraci\u00f3n con\u00a0<strong><a href=\"http:\/\/www.corvusbelli.com\/\">Corvus Belli<\/a><\/strong>\u00a0para ser totalmente compatibles con\u00a0<strong><a href=\"http:\/\/infinitythegame.com\/\" target=\"_blank\" rel=\"noopener\">Infinity the game<\/a>.<\/strong><\/p>\n<p>&nbsp;<\/p>\n<p><strong style=\"font-size: 14px; line-height: 1.5em;\">Material: <\/strong><span style=\"font-size: 14px; line-height: 1.5em;\">DM<\/span><\/p>\n<div class=\"moreinfo\">\n<p dir=\"ltr\"><strong>Espesor:<\/strong>\u00a02,5 cm<\/p>\n<p dir=\"ltr\"><strong>Tama\u00f1o: <\/strong>16,4 x 16,4 cm (small) 27,9 x 16, 4 (Big)<strong><br \/>\n<\/strong><\/p>\n<p dir=\"ltr\"><strong>Cantidad: <\/strong>2 aceras<\/p>\n<p><strong>Uso:<\/strong>\u00a0Acera para los edificios\u00a0<strong><a href=\"http:\/\/www.customeeple.com\/?s=neon+city\">Neon City<\/a>\u00a0<\/strong><\/p>\n<\/div>\n<div class=\"infopreorder\"><strong>Nota:<\/strong>\u00a0Miniaturas y acesorios no incluidos. Este producto se vende sin pintar ni montar y necesitaras pegamento para ensamblarlo.<\/div>\n","protected":false},"excerpt":{"rendered":"<p>Escenograf\u00eda de Aceras para\u00a0<strong><a href=\"http:\/\/www.infinitythegame.com\/infinity\/en\">Infinity the game\u00a0<\/a><\/strong><\/p>\n","protected":false},"featured_media":29089,"template":"","meta":{"_acf_changed":false},"product_brand":[],"product_cat":[191,1399,346,291,1394,2360,1372],"product_tag":[646,306],"class_list":{"0":"post-29009","1":"product","2":"type-product","3":"status-publish","4":"has-post-thumbnail","6":"product_cat-accesorios","7":"product_cat-escenografia-es","8":"product_cat-escenografia","9":"product_cat-infinity-es-2","10":"product_cat-infinity-es","11":"product_cat-productos-oficiales","12":"product_cat-sci-fi-es","13":"product_tag-infinity-es-2","14":"product_tag-infinity-the-game-es-2","16":"first","17":"instock","18":"taxable","19":"shipping-taxable","20":"purchasable","21":"product-type-variable"},"exclude_global_add_ons":[],"addons":[],"acf":[],"_links":{"self":[{"href":"https:\/\/www.customeeple.com\/es\/wp-json\/wp\/v2\/product\/29009","targetHints":{"allow":["GET"]}}],"collection":[{"href":"https:\/\/www.customeeple.com\/es\/wp-json\/wp\/v2\/product"}],"about":[{"href":"https:\/\/www.customeeple.com\/es\/wp-json\/wp\/v2\/types\/product"}],"wp:featuredmedia":[{"embeddable":true,"href":"https:\/\/www.customeeple.com\/es\/wp-json\/wp\/v2\/media\/29089"}],"wp:attachment":[{"href":"https:\/\/www.customeeple.com\/es\/wp-json\/wp\/v2\/media?parent=29009"}],"wp:term":[{"taxonomy":"product_brand","embeddable":true,"href":"https:\/\/www.customeeple.com\/es\/wp-json\/wp\/v2\/product_brand?post=29009"},{"taxonomy":"product_cat","embeddable":true,"href":"https:\/\/www.customeeple.com\/es\/wp-json\/wp\/v2\/product_cat?post=29009"},{"taxonomy":"product_tag","embeddable":true,"href":"https:\/\/www.customeeple.com\/es\/wp-json\/wp\/v2\/product_tag?post=29009"}],"curies":[{"name":"wp","href":"https:\/\/api.w.org\/{rel}","templated":true}]}}