{"id":28996,"date":"2017-07-19T14:11:57","date_gmt":"2017-07-19T12:11:57","guid":{"rendered":"http:\/\/www.customeeple.com\/product\/hassassin-ayyar-ho\/"},"modified":"2020-01-09T11:17:35","modified_gmt":"2020-01-09T10:17:35","slug":"hassassin-ayyar-ho","status":"publish","type":"product","link":"https:\/\/www.customeeple.com\/es\/producto\/hassassin-ayyar-ho\/","title":{"rendered":"Holoecos Hassassin Ayyar"},"content":{"rendered":"<p>Nuestras siluetas de holoecos oficiales est\u00e1n dise\u00f1adas para ser usadas\u00a0con las miniaturas de\u00a0<a href=\"http:\/\/www.infinitythegame.com\/infinity\/es\"><strong>Infinity<\/strong><\/a>\u00a0con el poder de la Holoproyecci\u00f3n. Las piezas son de metacrilato fluorescente y puedes usarlas para representar las dos resonancias falsas de las miniaturas \u00bfCual ser\u00e1 la verdadera?<\/p>\n<p>Estas siluetas est\u00e1n fabricadas bas\u00e1ndose en la miniatura <strong><a href=\"https:\/\/store.corvusbelli.com\/products\/haqqislam\/280488-0636-hassassin-ayyar-viral-pistols\">Hassassin Ayyar<\/a>\u00a0<\/strong>de la facci\u00f3n <a href=\"http:\/\/www.infinitythegame.com\/infinity\/en\/category\/haqq\/\"><strong>Haqqislam<\/strong>\u00a0<\/a><strong>,\u00a0<\/strong>siendo<strong>\u00a0<\/strong>de la misma altura y contorno. Adem\u00e1s tienen n\u00fameros grabados para poder saber a cual de los objetivos est\u00e1 disparando el enemigo. Este producto viene con bases de metacrilato para ser usadas con las siluetas (las piezas vienen sin montar).<\/p>\n<p>Todas nuestras fichas est\u00e1n dise\u00f1adas en colaboraci\u00f3n con\u00a0<strong><a href=\"http:\/\/www.corvusbelli.com\/\">Corvus Belli<\/a><\/strong>\u00a0para ser totalmente compatibles con\u00a0<strong><a href=\"http:\/\/infinitythegame.com\/\" target=\"_blank\" rel=\"noopener noreferrer\">Infinity the game<\/a>.<\/strong><\/p>\n<p>&nbsp;<\/p>\n<div class=\"moreinfo\">\n<p><strong>Material:<\/strong>\u00a0Metacrilato amarillo fluorescente<\/p>\n<p dir=\"ltr\"><strong>Espesor:<\/strong>\u00a03 mm<\/p>\n<p dir=\"ltr\"><strong>Tama\u00f1o:<\/strong> Dise\u00f1ados para ser aproximadamente del mismo tama\u00f1o que la miniatura que representa.<\/p>\n<p dir=\"ltr\"><strong>Cantidad:<\/strong> 1-3 siluetas<\/p>\n<p><strong>Use:<\/strong> Para representar holoecos (se\u00f1uelos) en tus miniaturas de<strong><a href=\"http:\/\/www.infinitythegame.com\/infinity\/es\">\u00a0Infinity<\/a>.<\/strong><\/p>\n<\/div>\n<p>&nbsp;<\/p>\n<div class=\"infopreorder\"><strong>Nota:<\/strong>\u00a0Los colores de las piezas de metacrilato pueden variar ligeramente de los mostrados en la foto. Miniaturas no incluidas<\/div>\n","protected":false},"excerpt":{"rendered":"<p>Siluetas de Holoecos de la miniatura<strong><a href=\"https:\/\/store.corvusbelli.com\/products\/haqqislam\/280488-0636-hassassin-ayyar-viral-pistols\"> Hassassin Ayyar<\/a>\u00a0<\/strong>para\u00a0<a href=\"http:\/\/www.infinitythegame.com\/infinity\/en\/\"><strong>Infinity the game<\/strong><\/a><\/p>\n","protected":false},"featured_media":29099,"template":"","meta":{"_acf_changed":false},"product_brand":[],"product_cat":[291,347,78,345],"product_tag":[151,306],"class_list":{"0":"post-28996","1":"product","2":"type-product","3":"status-publish","4":"has-post-thumbnail","6":"product_cat-infinity-es-2","7":"product_cat-marcadores-es","8":"product_cat-meeple-2","9":"product_cat-siluetas","10":"product_tag-infinity-es","11":"product_tag-infinity-the-game-es-2","13":"first","14":"instock","15":"taxable","16":"shipping-taxable","17":"purchasable","18":"product-type-variable","19":"has-default-attributes"},"exclude_global_add_ons":[],"addons":[],"acf":[],"_links":{"self":[{"href":"https:\/\/www.customeeple.com\/es\/wp-json\/wp\/v2\/product\/28996","targetHints":{"allow":["GET"]}}],"collection":[{"href":"https:\/\/www.customeeple.com\/es\/wp-json\/wp\/v2\/product"}],"about":[{"href":"https:\/\/www.customeeple.com\/es\/wp-json\/wp\/v2\/types\/product"}],"wp:featuredmedia":[{"embeddable":true,"href":"https:\/\/www.customeeple.com\/es\/wp-json\/wp\/v2\/media\/29099"}],"wp:attachment":[{"href":"https:\/\/www.customeeple.com\/es\/wp-json\/wp\/v2\/media?parent=28996"}],"wp:term":[{"taxonomy":"product_brand","embeddable":true,"href":"https:\/\/www.customeeple.com\/es\/wp-json\/wp\/v2\/product_brand?post=28996"},{"taxonomy":"product_cat","embeddable":true,"href":"https:\/\/www.customeeple.com\/es\/wp-json\/wp\/v2\/product_cat?post=28996"},{"taxonomy":"product_tag","embeddable":true,"href":"https:\/\/www.customeeple.com\/es\/wp-json\/wp\/v2\/product_tag?post=28996"}],"curies":[{"name":"wp","href":"https:\/\/api.w.org\/{rel}","templated":true}]}}