{"id":28795,"date":"2017-07-08T13:22:09","date_gmt":"2017-07-08T11:22:09","guid":{"rendered":"http:\/\/www.customeeple.com\/product\/flick-em-up-tierra-de-forajidos-esp\/"},"modified":"2019-09-06T11:07:07","modified_gmt":"2019-09-06T09:07:07","slug":"flick-em-up-tierra-de-forajidos-esp","status":"publish","type":"product","link":"https:\/\/www.customeeple.com\/es\/producto\/flick-em-up-tierra-de-forajidos-esp\/","title":{"rendered":"Flick em Up! Tierra de Forajidos (ESP)"},"content":{"rendered":"<div class=\"p_collection\">\n<div><\/div>\n<div class=\"add-top p_collection\">Flick em up! Tierra de Forajidos, es un juego de mesa de habilidad, donde las figuras en 3D de vaqueros, cactus, barriles, edificios, \u00a1y mucho m\u00e1s! cobrar\u00e1n vida y convertir\u00e1n tu mesa en un pueblo del lejano oeste. A trav\u00e9s de 10 escenarios diferentes donde se suceder\u00e1n atracos, secuestros, duelos y otros retos, este juego pondr\u00e1 toda la acci\u00f3n de los cl\u00e1sicos Western en la punta de tu dedo.<\/div>\n<\/div>\n<div class=\"product_components double-top add-border\">\n<div>\n<p><strong>Cantidad de jugadores<\/strong>: 2-10<\/p>\n<p><strong>Duraci\u00f3n<\/strong>: 30 minutos<\/p>\n<p><strong>Edad<\/strong>: +7 a\u00f1os<\/p>\n<\/div>\n<div><\/div>\n<\/div>\n<p>&nbsp;<\/p>\n","protected":false},"excerpt":{"rendered":"<p>Boardgame.<\/p>\n","protected":false},"featured_media":28792,"template":"","meta":{"_acf_changed":false},"product_brand":[],"product_cat":[1561,1653,1556,1180],"product_tag":[1264,1280,1288],"class_list":{"0":"post-28795","1":"product","2":"type-product","3":"status-publish","4":"has-post-thumbnail","6":"product_cat-familiar-es","7":"product_cat-boardgames","8":"product_cat-board-games-es","9":"product_cat-retail-products-es","10":"product_tag-boardgame-es","11":"product_tag-juego-de-mesa-es","12":"product_tag-ludonova-es","14":"first","15":"onbackorder","16":"sale","17":"taxable","18":"shipping-taxable","19":"purchasable","20":"product-type-simple"},"exclude_global_add_ons":[],"addons":[],"acf":[],"_links":{"self":[{"href":"https:\/\/www.customeeple.com\/es\/wp-json\/wp\/v2\/product\/28795","targetHints":{"allow":["GET"]}}],"collection":[{"href":"https:\/\/www.customeeple.com\/es\/wp-json\/wp\/v2\/product"}],"about":[{"href":"https:\/\/www.customeeple.com\/es\/wp-json\/wp\/v2\/types\/product"}],"wp:featuredmedia":[{"embeddable":true,"href":"https:\/\/www.customeeple.com\/es\/wp-json\/wp\/v2\/media\/28792"}],"wp:attachment":[{"href":"https:\/\/www.customeeple.com\/es\/wp-json\/wp\/v2\/media?parent=28795"}],"wp:term":[{"taxonomy":"product_brand","embeddable":true,"href":"https:\/\/www.customeeple.com\/es\/wp-json\/wp\/v2\/product_brand?post=28795"},{"taxonomy":"product_cat","embeddable":true,"href":"https:\/\/www.customeeple.com\/es\/wp-json\/wp\/v2\/product_cat?post=28795"},{"taxonomy":"product_tag","embeddable":true,"href":"https:\/\/www.customeeple.com\/es\/wp-json\/wp\/v2\/product_tag?post=28795"}],"curies":[{"name":"wp","href":"https:\/\/api.w.org\/{rel}","templated":true}]}}