{"id":28789,"date":"2017-07-08T13:06:53","date_gmt":"2017-07-08T12:06:53","guid":{"rendered":"http:\/\/www.customeeple.com\/product\/formula-d-esp\/"},"modified":"2017-07-08T13:06:53","modified_gmt":"2017-07-08T11:06:53","slug":"formula-d-esp","status":"publish","type":"product","link":"https:\/\/www.customeeple.com\/es\/producto\/formula-d-esp\/","title":{"rendered":"Formula D (ESP)"},"content":{"rendered":"<div class=\"p_collection\">\n<div>\n<h2 class=\"claim_collection_big\"><span style=\"font-size: 16px;\">\u00a1Un cl\u00e1sico de las carreras de coches!<\/span><\/h2>\n<\/div>\n<div class=\"add-top p_collection\">\n<em>Formula D<\/em>\u00a0es un juego de apuestas, velocidad y riesgo para ti y hasta nueve jugadores m\u00e1s. Cada partida de\u00a0<em>Formula D<\/em>\u00a0es una fren\u00e9tica y alocada carrera entre los jugadores, convertidos en pilotos, y comienza tan pronto como tomas la salida y metes la primera marcha. En cada turno debes elegir la velocidad a la que quieres poner tu coche, mientras sorteas las curvas y chicanes que podr\u00edan enviarte patinando hacia la derrota. Tanto si eliges correr por las playas de M\u00f3naco como si quieres vivir la emoci\u00f3n de una carrera de alta velocidad, vas a necesitar tus cinco sentidos y una dosis de buena suerte para cruzar la l\u00ednea de meta antes que nadie.<\/p>\n<p>Brillantes rayos de sol se reflejan sobre las aguas del Mediterr\u00e1neo recortando la figura de llamativos casinos y suntuosos yates o lanchas r\u00e1pidas.\u00a0<em>Formula D<\/em>\u00a0te transporta al puerto deportivo de M\u00f3naco. Un rugido repentino ensordece las calles, los gritos de miles de espectadores ahogados por el bramido de los motores de alto octanaje. Si\u00e9ntete dentro de un aut\u00e9ntico F\u00f3rmula 1 y compite a m\u00e1s de 200 kil\u00f3metros por hora.<\/p>\n<p>En el mundo del motor, y en\u00a0<em>Formula D<\/em>, ser un conductor habilidoso es solo la mitad de la victoria. Necesitas tener detr\u00e1s a uno de los fabricantes de autom\u00f3viles m\u00e1s prestigiosos del mundo para construir con mimo y tiempo un coche que destaque en velocidad, manejo y durabilidad. Puedes elegir un coche est\u00e1ndar o construir el tuyo propio eligiendo cu\u00e1ntos puntos asignas a neum\u00e1ticos, caja de cambios, frenos, carrocer\u00eda, motor y conducci\u00f3n y as\u00ed hacer que funcione exactamente como quieres. Y si durante la carrera algo falla, nada como una r\u00e1pida parada en boxes para solucionarlo.<\/p>\n<p>Una vez que ya tienes tu coche listo,\u00a0<em>Formula D<\/em>\u00a0te ofrece distintos modos de juego. Puedes elegir tomar parte en una divertida carrera de F\u00f3rmula 1 y sentirte un piloto m\u00e1s quemando asfalto en el m\u00edtico circuito de M\u00f3naco. O quiz\u00e1 buscas una experiencia de carrera m\u00e1s sencilla, una traves\u00eda por el coraz\u00f3n de la ciudad. Las sencillas e intuitivas reglas del juego te permiten esto y mucho m\u00e1s.<\/p>\n<p>La elecci\u00f3n del piloto en\u00a0<em>Formula D<\/em>\u00a0es otro de los aspectos clave para salir victorioso de las carreras, cada uno tiene una personalidad \u00fanica que puedes poner a tu servicio para ganar. Diane Montfort, por ejemplo, es famosa por sus r\u00e1pidos reflejos y por ser infalible en las salidas. Siempre pasa por delante primero si est\u00e1 empatada con otro conductor en una posici\u00f3n. Jack Owens, por su parte, es un experto en apurar la frenada en las curvas y Derek Manson es un conductor agresivo dispuesto a asumir grandes riesgos con tal de adelantar. As\u00ed hasta diez pilotos, por lo que no te ser\u00e1 dif\u00edcil encontrar al que m\u00e1s se ajuste a tu estilo de conducci\u00f3n.<\/p>\n<p>Y si conducir por el circuito de M\u00f3naco ya te parece dif\u00edcil, prep\u00e1rate para los retos en carretera de\u00a0<em>Formula D<\/em>. Algunas zonas del asfalto est\u00e1n en mal estado, lo que puede ocasionar da\u00f1os en tu coche y retrasarte. O incluso dejarte fuera del trazado. En la carretera no hay reglas, tan solo est\u00e1is los pilotos unos contra otros y solo el m\u00e1s r\u00e1pido se alzar\u00e1 con la victoria. As\u00ed es\u00a0<em>Formula D<\/em>, un juego que te coloca en el papel de un experimentado piloto que debe decidir desde c\u00f3mo configura su coche hasta qu\u00e9 riesgo asumir en una loca carrera callejera. Haz rugir tu motor y prep\u00e1rate para la m\u00e1s loca y divertida carrera de tu vida.<\/p>\n<\/div>\n<\/div>\n<p>&nbsp;<\/p>\n<div class=\"product_components double-top add-border\">\n<div>\n<strong>Contenido<\/strong>: 2 circuitos: M\u00f3naco y un circuito urbano, 20 miniaturas de coches pintados, 70 peones de pl\u00e1stico (marcadores y palanca de marchas), 2 manuales de instrucciones, cuadros de mando, dados especiales, 10 fichas de pilotos reversibles.<\/p>\n<p><strong>Cantidad de jugadores<\/strong>: 2-10<\/p>\n<p><strong>Duraci\u00f3n<\/strong>: 60 minutos<\/p>\n<p><strong>Edad<\/strong>: +8 a\u00f1os<\/p>\n<\/div>\n<div><\/div>\n<\/div>\n<p>&nbsp;<\/p>\n","protected":false},"excerpt":{"rendered":"<p>Boardgame.<\/p>\n","protected":false},"featured_media":28786,"template":"","meta":{"_acf_changed":false},"product_brand":[],"product_cat":[1653,1180],"product_tag":[1286,1264,1280],"class_list":{"0":"post-28789","1":"product","2":"type-product","3":"status-publish","4":"has-post-thumbnail","6":"product_cat-boardgames","7":"product_cat-retail-products-es","8":"product_tag-asmodee-es","9":"product_tag-boardgame-es","10":"product_tag-juego-de-mesa-es","12":"first","13":"onbackorder","14":"sale","15":"taxable","16":"shipping-taxable","17":"purchasable","18":"product-type-simple"},"exclude_global_add_ons":[],"addons":[],"acf":[],"_links":{"self":[{"href":"https:\/\/www.customeeple.com\/es\/wp-json\/wp\/v2\/product\/28789","targetHints":{"allow":["GET"]}}],"collection":[{"href":"https:\/\/www.customeeple.com\/es\/wp-json\/wp\/v2\/product"}],"about":[{"href":"https:\/\/www.customeeple.com\/es\/wp-json\/wp\/v2\/types\/product"}],"wp:featuredmedia":[{"embeddable":true,"href":"https:\/\/www.customeeple.com\/es\/wp-json\/wp\/v2\/media\/28786"}],"wp:attachment":[{"href":"https:\/\/www.customeeple.com\/es\/wp-json\/wp\/v2\/media?parent=28789"}],"wp:term":[{"taxonomy":"product_brand","embeddable":true,"href":"https:\/\/www.customeeple.com\/es\/wp-json\/wp\/v2\/product_brand?post=28789"},{"taxonomy":"product_cat","embeddable":true,"href":"https:\/\/www.customeeple.com\/es\/wp-json\/wp\/v2\/product_cat?post=28789"},{"taxonomy":"product_tag","embeddable":true,"href":"https:\/\/www.customeeple.com\/es\/wp-json\/wp\/v2\/product_tag?post=28789"}],"curies":[{"name":"wp","href":"https:\/\/api.w.org\/{rel}","templated":true}]}}