{"id":28772,"date":"2017-07-08T12:46:46","date_gmt":"2017-07-08T11:46:46","guid":{"rendered":"http:\/\/www.customeeple.com\/product\/colt-express-esp\/"},"modified":"2019-09-05T16:30:34","modified_gmt":"2019-09-05T14:30:34","slug":"colt-express-esp","status":"publish","type":"product","link":"https:\/\/www.customeeple.com\/es\/producto\/colt-express-esp\/","title":{"rendered":"Colt Express (ESP)"},"content":{"rendered":"<div class=\"p_collection\">\n<div>\n<h2 class=\"claim_collection_big\"><span style=\"font-size: 16px;\">Convi\u00e9rtete en el bandido m\u00e1s rico del Salvaje Oeste.<\/span><\/h2>\n<\/div>\n<div class=\"add-top p_collection\">\n<em>Colt Express<\/em>\u00a0es un juego de tablero de conspiraci\u00f3n y robo en el que de dos a seis forajidos asaltan un tren de vapor en un tablero de tres dimensiones.<\/p>\n<p><em>11 de julio 1899, 10 A.M. El Union Pacic Express ha dejado Folsom, Nuevo M\u00e9xico, con 47 pasajeros a bordo. Despu\u00e9s de unos minutos, se escucha el sonido de pasos r\u00e1pidos, que vienen del techo y despu\u00e9s, disparos. \u00a1Despiadados bandidos, fuertemente armados, est\u00e1n robando a los honestos ciudadanos sus bolsas y joyas! \u00bfSer\u00e1n capaces de mantener la cabeza fr\u00eda y esquivar las balas? \u00bfPodr\u00e1n hacerse con las n\u00f3minas de la Niza Valley Coal Company, guardadas en maletines y custodiadas por el Marshal Samuel Ford? S\u00f3lo un bandido lograr\u00e1 su objetivo: convertirse en el forajido m\u00e1s rico de la banda.<\/em><\/p>\n<p>Para ganar, debes convertirte en el Bandido m\u00e1s rico del Salvaje Oeste. Para ello, tendr\u00e1s que intentar obtener un bot\u00edn mayor que el de tus oponentes&#8230; \u00a1sin recibir demasiados balazos!<\/p>\n<p>Hay cinco Rondas por partida. Cada Ronda consta de dos fases: planificiaci\u00f3n, donde cada bandido elegir\u00e1 las acciones que va a desarrollar en el turno y el orden de las mismas; y asalto, donde se desarrola la acci\u00f3n por turnos.<\/p>\n<p>La partida termina tras cinco Rondas. Despu\u00e9s, cada jugador suma el valor de las fichas de Bot\u00edn que tenga sobre su carta de Personaje. El premio Pistolero se otorgar\u00e1 al jugador o jugadores que haya disparado la mayor cantidad de balas, es decir, al jugador que tenga menos cartas de Bala de su color. Este jugador dar\u00e1 la vuelta a su carta para obtener su premio, por valor de 1.000$.<\/p>\n<p>El jugador m\u00e1s rico ganar\u00e1 la partida. En caso de empate, el ganador ser\u00e1 el jugador empatado que haya recibido el menor n\u00famero de cartas de Bala de otros jugadores y Eventos durante la partida.<\/p>\n<\/div>\n<\/div>\n<p>&nbsp;<\/p>\n<div class=\"product_components double-top add-border\">\n<div>\n<strong>Contenido<\/strong>: 6 Vagones de tren, 1 Locomotora, 10 Elementos de terreno, 26 Fichas de Bot\u00edn, 17 cartas de Ronda, 1 pe\u00f3n de Marshall, 13 cartas de Bala Neutral, 6 cartas de Personaje, 60 cartas de Acci\u00f3n, 36 cartas de Bala, 6 fichas de Bandido e instrucciones.<\/p>\n<p><strong>Cantidad de jugadores<\/strong>: 2-6<\/p>\n<p><strong>Duraci\u00f3n<\/strong>: 35 minutos<\/p>\n<p><strong>Edad<\/strong>: +10 a\u00f1os<\/p>\n<\/div>\n<div><\/div>\n<\/div>\n<p>&nbsp;<\/p>\n","protected":false},"excerpt":{"rendered":"<p>Boardgame.<\/p>\n","protected":false},"featured_media":28769,"template":"","meta":{"_acf_changed":false},"product_brand":[],"product_cat":[1653,1180],"product_tag":[1286,1264,1280],"class_list":{"0":"post-28772","1":"product","2":"type-product","3":"status-publish","4":"has-post-thumbnail","6":"product_cat-boardgames","7":"product_cat-retail-products-es","8":"product_tag-asmodee-es","9":"product_tag-boardgame-es","10":"product_tag-juego-de-mesa-es","12":"first","13":"onbackorder","14":"sale","15":"taxable","16":"shipping-taxable","17":"purchasable","18":"product-type-simple"},"exclude_global_add_ons":[],"addons":[],"acf":[],"_links":{"self":[{"href":"https:\/\/www.customeeple.com\/es\/wp-json\/wp\/v2\/product\/28772","targetHints":{"allow":["GET"]}}],"collection":[{"href":"https:\/\/www.customeeple.com\/es\/wp-json\/wp\/v2\/product"}],"about":[{"href":"https:\/\/www.customeeple.com\/es\/wp-json\/wp\/v2\/types\/product"}],"wp:featuredmedia":[{"embeddable":true,"href":"https:\/\/www.customeeple.com\/es\/wp-json\/wp\/v2\/media\/28769"}],"wp:attachment":[{"href":"https:\/\/www.customeeple.com\/es\/wp-json\/wp\/v2\/media?parent=28772"}],"wp:term":[{"taxonomy":"product_brand","embeddable":true,"href":"https:\/\/www.customeeple.com\/es\/wp-json\/wp\/v2\/product_brand?post=28772"},{"taxonomy":"product_cat","embeddable":true,"href":"https:\/\/www.customeeple.com\/es\/wp-json\/wp\/v2\/product_cat?post=28772"},{"taxonomy":"product_tag","embeddable":true,"href":"https:\/\/www.customeeple.com\/es\/wp-json\/wp\/v2\/product_tag?post=28772"}],"curies":[{"name":"wp","href":"https:\/\/api.w.org\/{rel}","templated":true}]}}