{"id":28756,"date":"2017-07-08T12:26:19","date_gmt":"2017-07-08T11:26:19","guid":{"rendered":"http:\/\/www.customeeple.com\/product\/loony-quest-exp-the-lost-city-esp\/"},"modified":"2019-04-30T15:11:00","modified_gmt":"2019-04-30T13:11:00","slug":"loony-quest-exp-the-lost-city-esp","status":"publish","type":"product","link":"https:\/\/www.customeeple.com\/es\/producto\/loony-quest-exp-the-lost-city-esp\/","title":{"rendered":"Loony Quest Exp: The Lost City (ESP)"},"content":{"rendered":"<div class=\"p_collection\">\n<div>\n<h2 class=\"claim_collection_big\"><span style=\"font-size: 16px;\">El sorprendente viaje a trav\u00e9s de Arkadia.<\/span><\/h2>\n<\/div>\n<div class=\"add-top p_collection\">\nEn Loony Quest los jugadores intentar\u00e1n ganar tanta experiencia como puedan completando misiones. Cada jugador tiene treinta segundos para dibujar un camino a trav\u00e9s de todos los obst\u00e1culos y las trampas en su propia pantalla transparente. Cuando se acabe el tiempo la pantalla se coloca sobre el tablero y se comprueba lo cerca que cada campe\u00f3n est\u00e1 de conseguir el trono de Fedoor.<\/p>\n<p><em>El torneo de Arkadia apenas hab\u00eda llegado a su fin cuando los concursantes fueron capturados por Vadoor (el malvado hermano exiliado del rey Fedoor), que no se detendr\u00e1 ante nada ni nadie hasta alcanzar el trono. Ayudado por el temible Rhinoboss, Vadoor ha encerrado a los aventureros en la bodega de un barco pirata con rumbo a mar abierto.<\/em><\/p>\n<p><em>\u00a1Comienza una nueva aventura! Nuestros h\u00e9roes tendr\u00e1n que demostrar su valent\u00eda y habilidad para poder salir de esta trampa y huir de sus captores. Su b\u00fasqueda de libertad les llevar\u00e1 a trav\u00e9s de mundos secretos por descubrir. Una de estas regiones inexploradas podr\u00eda ser incluso la legendaria ciudad hundida de Spectra, de la que se rumorea que sus ciudadanos pueden curvar el espacio y el tiempo a su voluntad&#8230; \u00a1La tarea de proteger Arkadia ser\u00e1 m\u00e1s larga y m\u00e1s peligrosa de lo previsto! \u00bfA d\u00f3nde os llevar\u00e1 esta nueva aventura?<\/em><\/p>\n<p>Esta expansi\u00f3n de\u00a0<em>Loony Quest<\/em>\u00a0a\u00f1ade al juego b\u00e1sico nuevas mec\u00e1nicas de juego (como los pasadizos secretos o la nace piramidal), nuevos Bonus y penalizaciones, Duendes y niveles especiales, \u00a1para hacer a\u00fan m\u00e1s divertido este loco juego de habilidad!<\/p>\n<\/div>\n<\/div>\n<p>&nbsp;<\/p>\n<div class=\"product_components double-top add-border\">\n<div>\n<strong>Contenido<\/strong>: 16 hojas de nivel, 1 pir\u00e1mide (requiere montaje), 5 fichas de Bonus Explorador, 5 fichas de Penalizaci\u00f3n e instrucciones.<\/p>\n<p><strong>Cantidad de jugadores<\/strong>: 2-5<\/p>\n<p><strong>Duraci\u00f3n<\/strong>: 25 minutos<\/p>\n<p><strong>Edad<\/strong>: +8 a\u00f1os<\/p>\n<\/div>\n<div><\/div>\n<\/div>\n<p>&nbsp;<\/p>\n","protected":false},"excerpt":{"rendered":"<p>Boardgame.<\/p>\n","protected":false},"featured_media":28753,"template":"","meta":{"_acf_changed":false},"product_brand":[],"product_cat":[1653,1180],"product_tag":[1286,1264,1280],"class_list":{"0":"post-28756","1":"product","2":"type-product","3":"status-publish","4":"has-post-thumbnail","6":"product_cat-boardgames","7":"product_cat-retail-products-es","8":"product_tag-asmodee-es","9":"product_tag-boardgame-es","10":"product_tag-juego-de-mesa-es","12":"first","13":"outofstock","14":"sale","15":"taxable","16":"shipping-taxable","17":"purchasable","18":"product-type-simple"},"exclude_global_add_ons":[],"addons":[],"acf":[],"_links":{"self":[{"href":"https:\/\/www.customeeple.com\/es\/wp-json\/wp\/v2\/product\/28756","targetHints":{"allow":["GET"]}}],"collection":[{"href":"https:\/\/www.customeeple.com\/es\/wp-json\/wp\/v2\/product"}],"about":[{"href":"https:\/\/www.customeeple.com\/es\/wp-json\/wp\/v2\/types\/product"}],"wp:featuredmedia":[{"embeddable":true,"href":"https:\/\/www.customeeple.com\/es\/wp-json\/wp\/v2\/media\/28753"}],"wp:attachment":[{"href":"https:\/\/www.customeeple.com\/es\/wp-json\/wp\/v2\/media?parent=28756"}],"wp:term":[{"taxonomy":"product_brand","embeddable":true,"href":"https:\/\/www.customeeple.com\/es\/wp-json\/wp\/v2\/product_brand?post=28756"},{"taxonomy":"product_cat","embeddable":true,"href":"https:\/\/www.customeeple.com\/es\/wp-json\/wp\/v2\/product_cat?post=28756"},{"taxonomy":"product_tag","embeddable":true,"href":"https:\/\/www.customeeple.com\/es\/wp-json\/wp\/v2\/product_tag?post=28756"}],"curies":[{"name":"wp","href":"https:\/\/api.w.org\/{rel}","templated":true}]}}