{"id":28736,"date":"2017-07-08T11:46:42","date_gmt":"2017-07-08T09:46:42","guid":{"rendered":"http:\/\/www.customeeple.com\/product\/storycubesmax\/"},"modified":"2019-09-06T11:08:49","modified_gmt":"2019-09-06T09:08:49","slug":"storycubesmax","status":"publish","type":"product","link":"https:\/\/www.customeeple.com\/es\/producto\/storycubesmax\/","title":{"rendered":"Story Cubes MAX (ESP)"},"content":{"rendered":"<div class=\"p_collection\">\n\u00a1La versi\u00f3n XXl de Story Cubes Classic!<\/p>\n<p>Story cubes es un juego enormemente divertido, que agudiza tu ingenio y afina tu imaginaci\u00f3n.<\/p>\n<p>Las im\u00e1genes fueron dise\u00f1adas por Rory O&#8217;Connor, un irland\u00e9s especializado en entrenar la creatividad y solucionar problemas creativos. Se pueden utilizar para llegar a respuestas o decisiones de una manera indirecta e ingeniosa. Cada dado tiene 6 im\u00e1genes o iconos, un total de 54 ideas que mezcladas pueden generar m\u00e1s de 10 millones de combinaciones.<\/p>\n<p>Lanza los dados y, comenzando por \u201c\u00c9rase una vez\u2026\u201d, inv\u00e9ntate una historia que involucre los 9 resultados de los dados. Juega con Cube Stories como un juego para uno o m\u00e1s jugadores, o como un party game en el que cada uno tiene que continuar la historia donde el anterior la ha dejado. Otorga puntos como premio por la rapidez de improvisaci\u00f3n, o por la inventiva, o la imaginaci\u00f3n\u2026 Adem\u00e1s, las instrucciones incluyen varias maneras diferentes de utilizar los cubos para resolver problemas como romper el bloqueo del escritor, mejorar su imaginaci\u00f3n y aumentar su capacidad de encontrar temas unificadores entre diversas im\u00e1genes\u2026 \u00a1Es hora de jugar!<\/p>\n<\/div>\n<p>&nbsp;<\/p>\n<div class=\"product_components double-top add-border\">\n<div>\n<strong>Contenido<\/strong>: 9 dados y reglas<\/p>\n<p><strong>Cantidad de jugadores<\/strong>: 1-12<\/p>\n<p><strong>Duraci\u00f3n<\/strong>: 20 minutos<\/p>\n<p><strong>Edad<\/strong>: +8 a\u00f1os<\/p>\n<\/div>\n<div><\/div>\n<\/div>\n<p>&nbsp;<\/p>\n","protected":false},"excerpt":{"rendered":"<p>Boardgame.<\/p>\n","protected":false},"featured_media":28735,"template":"","meta":{"_acf_changed":false},"product_brand":[],"product_cat":[1561,1562,1653,1180],"product_tag":[1286,1264,1280],"class_list":{"0":"post-28736","1":"product","2":"type-product","3":"status-publish","4":"has-post-thumbnail","6":"product_cat-familiar-es","7":"product_cat-dice-games-es","8":"product_cat-boardgames","9":"product_cat-retail-products-es","10":"product_tag-asmodee-es","11":"product_tag-boardgame-es","12":"product_tag-juego-de-mesa-es","14":"first","15":"onbackorder","16":"taxable","17":"shipping-taxable","18":"purchasable","19":"product-type-simple"},"exclude_global_add_ons":[],"addons":[],"acf":[],"_links":{"self":[{"href":"https:\/\/www.customeeple.com\/es\/wp-json\/wp\/v2\/product\/28736","targetHints":{"allow":["GET"]}}],"collection":[{"href":"https:\/\/www.customeeple.com\/es\/wp-json\/wp\/v2\/product"}],"about":[{"href":"https:\/\/www.customeeple.com\/es\/wp-json\/wp\/v2\/types\/product"}],"wp:featuredmedia":[{"embeddable":true,"href":"https:\/\/www.customeeple.com\/es\/wp-json\/wp\/v2\/media\/28735"}],"wp:attachment":[{"href":"https:\/\/www.customeeple.com\/es\/wp-json\/wp\/v2\/media?parent=28736"}],"wp:term":[{"taxonomy":"product_brand","embeddable":true,"href":"https:\/\/www.customeeple.com\/es\/wp-json\/wp\/v2\/product_brand?post=28736"},{"taxonomy":"product_cat","embeddable":true,"href":"https:\/\/www.customeeple.com\/es\/wp-json\/wp\/v2\/product_cat?post=28736"},{"taxonomy":"product_tag","embeddable":true,"href":"https:\/\/www.customeeple.com\/es\/wp-json\/wp\/v2\/product_tag?post=28736"}],"curies":[{"name":"wp","href":"https:\/\/api.w.org\/{rel}","templated":true}]}}