{"id":28680,"date":"2017-07-06T15:10:20","date_gmt":"2017-07-06T13:10:20","guid":{"rendered":"http:\/\/www.customeeple.com\/product\/la-escalera-encantada\/"},"modified":"2021-01-12T11:19:14","modified_gmt":"2021-01-12T10:19:14","slug":"la-escalera-encantada","status":"publish","type":"product","link":"https:\/\/www.customeeple.com\/es\/producto\/la-escalera-encantada\/","title":{"rendered":"La Escalera Encantada (ESP)"},"content":{"rendered":"<p>La escalera encantada es, junto con El laberinto m\u00e1gico, uno de los grandes \u00e9xitos de la prestigiosa editorial Drei Magier. Este t\u00edtulo tambi\u00e9n gan\u00f3 el Spiel of Jahres al mejor juego infantil, lo cual es garant\u00eda de calidad.<\/p>\n<p>&nbsp;<\/p>\n<p>En el juego, los jugadores compiten por ser los primeros en llegar a lo alto de las escaleras y asustar al fantasma que vive all\u00ed, pero el fantasma tambi\u00e9n quiere jugar con ellos y les ir\u00e1 convirtiendo en fantasmas mientras ellos suben las escaleras. los jugadores deber\u00e1n recordar quien es quien, para poder ganar la partida.<\/p>\n<p>&nbsp;<\/p>\n<p>Cantidad de jugadores: 2-4<\/p>\n<p>&nbsp;<\/p>\n<p>Duraci\u00f3n: 15 minutos<\/p>\n<p>&nbsp;<\/p>\n","protected":false},"excerpt":{"rendered":"<p>Boardgame.<\/p>\n","protected":false},"featured_media":28674,"template":"","meta":{"_acf_changed":false},"product_brand":[],"product_cat":[1653,1180],"product_tag":[1264,1284,1280],"class_list":{"0":"post-28680","1":"product","2":"type-product","3":"status-publish","4":"has-post-thumbnail","6":"product_cat-boardgames","7":"product_cat-retail-products-es","8":"product_tag-boardgame-es","9":"product_tag-devir-es","10":"product_tag-juego-de-mesa-es","12":"first","13":"onbackorder","14":"sale","15":"taxable","16":"shipping-taxable","17":"purchasable","18":"product-type-simple"},"exclude_global_add_ons":[],"addons":[],"acf":[],"_links":{"self":[{"href":"https:\/\/www.customeeple.com\/es\/wp-json\/wp\/v2\/product\/28680","targetHints":{"allow":["GET"]}}],"collection":[{"href":"https:\/\/www.customeeple.com\/es\/wp-json\/wp\/v2\/product"}],"about":[{"href":"https:\/\/www.customeeple.com\/es\/wp-json\/wp\/v2\/types\/product"}],"wp:featuredmedia":[{"embeddable":true,"href":"https:\/\/www.customeeple.com\/es\/wp-json\/wp\/v2\/media\/28674"}],"wp:attachment":[{"href":"https:\/\/www.customeeple.com\/es\/wp-json\/wp\/v2\/media?parent=28680"}],"wp:term":[{"taxonomy":"product_brand","embeddable":true,"href":"https:\/\/www.customeeple.com\/es\/wp-json\/wp\/v2\/product_brand?post=28680"},{"taxonomy":"product_cat","embeddable":true,"href":"https:\/\/www.customeeple.com\/es\/wp-json\/wp\/v2\/product_cat?post=28680"},{"taxonomy":"product_tag","embeddable":true,"href":"https:\/\/www.customeeple.com\/es\/wp-json\/wp\/v2\/product_tag?post=28680"}],"curies":[{"name":"wp","href":"https:\/\/api.w.org\/{rel}","templated":true}]}}