{"id":28657,"date":"2017-07-06T12:33:18","date_gmt":"2017-07-06T10:33:18","guid":{"rendered":"http:\/\/www.customeeple.com\/product\/spartacus\/"},"modified":"2017-07-06T12:33:18","modified_gmt":"2017-07-06T10:33:18","slug":"spartacus","status":"publish","type":"product","link":"https:\/\/www.customeeple.com\/es\/producto\/spartacus\/","title":{"rendered":"Spartacus"},"content":{"rendered":"<p>En Spartacus, cada jugador intenta convertir su casa de gladiadores en la m\u00e1s influyente de Capua. Durante la partida, los jugadores sobornar\u00e1n, envenenar\u00e1n, traicionar\u00e1n, robar\u00e1n y se chantajear\u00e1n los unos a otros para conseguir sus objetivos. El oro cambiar\u00e1 de manos una y otra vez para asegurarse apoyos o influir en decisiones.<\/p>\n<p>&nbsp;<\/p>\n<p>\u00bfSer\u00e1s el jugador honorable cuya palabra es ley o el traicionero taimado cuyas alianzas cambian con el viento?<\/p>\n<p>&nbsp;<\/p>\n<p><strong>Cantidad de jugadores<\/strong>: 3-4<\/p>\n<p>&nbsp;<\/p>\n<p><strong>Duraci\u00f3n<\/strong>: 120 minutos<\/p>\n<p>&nbsp;<\/p>\n<p>Las fundas indicadas para las cartas de este juego son de 65x90mm<\/p>\n<p>&nbsp;<\/p>\n","protected":false},"excerpt":{"rendered":"<p>Boardgame.<\/p>\n","protected":false},"featured_media":28656,"template":"","meta":{"_acf_changed":false},"product_brand":[],"product_cat":[1653,1180],"product_tag":[1264,1284,1280],"class_list":{"0":"post-28657","1":"product","2":"type-product","3":"status-publish","4":"has-post-thumbnail","6":"product_cat-boardgames","7":"product_cat-retail-products-es","8":"product_tag-boardgame-es","9":"product_tag-devir-es","10":"product_tag-juego-de-mesa-es","12":"first","13":"outofstock","14":"sale","15":"taxable","16":"shipping-taxable","17":"purchasable","18":"product-type-simple"},"exclude_global_add_ons":[],"addons":[],"acf":[],"_links":{"self":[{"href":"https:\/\/www.customeeple.com\/es\/wp-json\/wp\/v2\/product\/28657","targetHints":{"allow":["GET"]}}],"collection":[{"href":"https:\/\/www.customeeple.com\/es\/wp-json\/wp\/v2\/product"}],"about":[{"href":"https:\/\/www.customeeple.com\/es\/wp-json\/wp\/v2\/types\/product"}],"wp:featuredmedia":[{"embeddable":true,"href":"https:\/\/www.customeeple.com\/es\/wp-json\/wp\/v2\/media\/28656"}],"wp:attachment":[{"href":"https:\/\/www.customeeple.com\/es\/wp-json\/wp\/v2\/media?parent=28657"}],"wp:term":[{"taxonomy":"product_brand","embeddable":true,"href":"https:\/\/www.customeeple.com\/es\/wp-json\/wp\/v2\/product_brand?post=28657"},{"taxonomy":"product_cat","embeddable":true,"href":"https:\/\/www.customeeple.com\/es\/wp-json\/wp\/v2\/product_cat?post=28657"},{"taxonomy":"product_tag","embeddable":true,"href":"https:\/\/www.customeeple.com\/es\/wp-json\/wp\/v2\/product_tag?post=28657"}],"curies":[{"name":"wp","href":"https:\/\/api.w.org\/{rel}","templated":true}]}}