{"id":28650,"date":"2020-12-09T09:18:54","date_gmt":"2020-12-09T08:18:54","guid":{"rendered":"http:\/\/www.customeeple.com\/product\/love-letter-esp\/"},"modified":"2020-12-09T10:22:18","modified_gmt":"2020-12-09T09:22:18","slug":"love-letter-esp","status":"publish","type":"product","link":"https:\/\/www.customeeple.com\/es\/producto\/love-letter-esp\/","title":{"rendered":"Love Letter (ESP)"},"content":{"rendered":"<p>\u00a1Conquista el coraz\u00f3n de la princesa!<\/p>\n<p>&nbsp;<\/p>\n<p>Todos los j\u00f3venes en edad casadera (y algunos no tan j\u00f3venes) tratan de hacerse con el coraz\u00f3n de la princesa.<\/p>\n<p>&nbsp;<\/p>\n<p>Por desgracia, la bella Annette se ha encerrado en palacio y tendr\u00e1s que confiar tu carta de amor a terceras personas para que llegue hasta ella. \u00bfSer\u00e1s el primero en conseguirlo?<\/p>\n<p>Consigue que tu misiva llegue hasta la princesa Annette mientras mantienes alejado al resto de pretendientes.<\/p>\n<p>&nbsp;<\/p>\n<p>Love Letter es un juego de deducci\u00f3n y suerte.<\/p>\n<p>&nbsp;<\/p>\n<p><strong>Cantidad de jugadores<\/strong>: 2-4<\/p>\n<p>&nbsp;<\/p>\n<p><strong>Duraci\u00f3n<\/strong>: 20 minutos<\/p>\n<p>&nbsp;<\/p>\n<p><strong>Edad<\/strong>: +8 a\u00f1os<\/p>\n<p>&nbsp;<\/p>\n<p>Este juego dispone de 20 cartas y le corresponden las \u201cfundas peque\u00f1as transparentes tama\u00f1o Yugioh\u201d<\/p>\n<p>&nbsp;<\/p>\n","protected":false},"excerpt":{"rendered":"<p>Boardgame.<\/p>\n","protected":false},"featured_media":55807,"template":"","meta":{"_acf_changed":false},"product_brand":[],"product_cat":[1653,1180],"product_tag":[1264,1284,1280],"class_list":{"0":"post-28650","1":"product","2":"type-product","3":"status-publish","4":"has-post-thumbnail","6":"product_cat-boardgames","7":"product_cat-retail-products-es","8":"product_tag-boardgame-es","9":"product_tag-devir-es","10":"product_tag-juego-de-mesa-es","12":"first","13":"outofstock","14":"sale","15":"taxable","16":"shipping-taxable","17":"purchasable","18":"product-type-simple"},"exclude_global_add_ons":[],"addons":[],"acf":[],"_links":{"self":[{"href":"https:\/\/www.customeeple.com\/es\/wp-json\/wp\/v2\/product\/28650","targetHints":{"allow":["GET"]}}],"collection":[{"href":"https:\/\/www.customeeple.com\/es\/wp-json\/wp\/v2\/product"}],"about":[{"href":"https:\/\/www.customeeple.com\/es\/wp-json\/wp\/v2\/types\/product"}],"wp:featuredmedia":[{"embeddable":true,"href":"https:\/\/www.customeeple.com\/es\/wp-json\/wp\/v2\/media\/55807"}],"wp:attachment":[{"href":"https:\/\/www.customeeple.com\/es\/wp-json\/wp\/v2\/media?parent=28650"}],"wp:term":[{"taxonomy":"product_brand","embeddable":true,"href":"https:\/\/www.customeeple.com\/es\/wp-json\/wp\/v2\/product_brand?post=28650"},{"taxonomy":"product_cat","embeddable":true,"href":"https:\/\/www.customeeple.com\/es\/wp-json\/wp\/v2\/product_cat?post=28650"},{"taxonomy":"product_tag","embeddable":true,"href":"https:\/\/www.customeeple.com\/es\/wp-json\/wp\/v2\/product_tag?post=28650"}],"curies":[{"name":"wp","href":"https:\/\/api.w.org\/{rel}","templated":true}]}}