{"id":28642,"date":"2017-07-06T12:07:08","date_gmt":"2017-07-06T11:07:08","guid":{"rendered":"http:\/\/www.customeeple.com\/product\/laberinto-magico-esp\/"},"modified":"2021-10-02T16:09:11","modified_gmt":"2021-10-02T15:09:11","slug":"laberinto-magico-esp","status":"publish","type":"product","link":"https:\/\/www.customeeple.com\/es\/producto\/laberinto-magico-esp\/","title":{"rendered":"Laberinto M\u00e1gico (ESP)"},"content":{"rendered":"<p>\u00a1Paf! \u00a1Ay! El peque\u00f1o mago se frota los ojos con sorpresa. \u00bfHay un muro delante de \u00e9l? Los aprendices de mago exploran con curiosidad el laberinto m\u00e1gico. Hoy tienen una tarea importante que cumplir: \u00a1buscar los s\u00edmbolos m\u00e1gicos! Esto resultar\u00eda muy sencillo si no fuera porque los grandes magos siempre les est\u00e1n gastando bromas a los ni\u00f1os. Los caminos se van abriendo y cerrando, como por arte de magia\u2026<\/p>\n<p>&nbsp;<\/p>\n<p>Cada jugador intenta vencer al laberinto con su pe\u00f3n y ser el primero en conseguir cinco s\u00edmbolos m\u00e1gicos.<\/p>\n<p>&nbsp;<\/p>\n<p><strong>Cantidad de jugadores<\/strong>: 2-4<\/p>\n<p>&nbsp;<\/p>\n<p><strong>Duraci\u00f3n<\/strong>: 20-30 minutos<\/p>\n<p>&nbsp;<\/p>\n<p><strong>Edad<\/strong>: +6 a\u00f1os<\/p>\n<p>&nbsp;<\/p>\n","protected":false},"excerpt":{"rendered":"<p>Boardgame.<\/p>\n","protected":false},"featured_media":28638,"template":"","meta":{"_acf_changed":false},"product_brand":[],"product_cat":[1653,1180],"product_tag":[1264,1284,1280],"class_list":{"0":"post-28642","1":"product","2":"type-product","3":"status-publish","4":"has-post-thumbnail","6":"product_cat-boardgames","7":"product_cat-retail-products-es","8":"product_tag-boardgame-es","9":"product_tag-devir-es","10":"product_tag-juego-de-mesa-es","12":"first","13":"instock","14":"sale","15":"taxable","16":"shipping-taxable","17":"purchasable","18":"product-type-simple"},"exclude_global_add_ons":[],"addons":[],"acf":[],"_links":{"self":[{"href":"https:\/\/www.customeeple.com\/es\/wp-json\/wp\/v2\/product\/28642","targetHints":{"allow":["GET"]}}],"collection":[{"href":"https:\/\/www.customeeple.com\/es\/wp-json\/wp\/v2\/product"}],"about":[{"href":"https:\/\/www.customeeple.com\/es\/wp-json\/wp\/v2\/types\/product"}],"wp:featuredmedia":[{"embeddable":true,"href":"https:\/\/www.customeeple.com\/es\/wp-json\/wp\/v2\/media\/28638"}],"wp:attachment":[{"href":"https:\/\/www.customeeple.com\/es\/wp-json\/wp\/v2\/media?parent=28642"}],"wp:term":[{"taxonomy":"product_brand","embeddable":true,"href":"https:\/\/www.customeeple.com\/es\/wp-json\/wp\/v2\/product_brand?post=28642"},{"taxonomy":"product_cat","embeddable":true,"href":"https:\/\/www.customeeple.com\/es\/wp-json\/wp\/v2\/product_cat?post=28642"},{"taxonomy":"product_tag","embeddable":true,"href":"https:\/\/www.customeeple.com\/es\/wp-json\/wp\/v2\/product_tag?post=28642"}],"curies":[{"name":"wp","href":"https:\/\/api.w.org\/{rel}","templated":true}]}}