{"id":2863,"date":"2013-08-21T15:17:18","date_gmt":"2013-08-21T14:17:18","guid":{"rendered":"http:\/\/www.customeeple.com\/?post_type=product&#038;p=2863"},"modified":"2014-02-19T11:47:01","modified_gmt":"2014-02-19T10:47:01","slug":"banjooli-xeet-meeplestruces","status":"publish","type":"product","link":"https:\/\/www.customeeple.com\/es\/producto\/banjooli-xeet-meeplestruces\/","title":{"rendered":"Banjooli Xeet Meeplestruces"},"content":{"rendered":"<p>Da m\u00e1s vida a tus partidas de\u00a0 <a href=\"http:\/\/www.asylumgameseditorial.com\/Producto.aspx?CODIGO=8\"><strong>Banjooli Xeet<\/strong><\/a> con este set oficial de Meeplestruces. Creamos este set en cooperaci\u00f3n con <a href=\"http:\/\/www.asylumgameseditorial.com\/\"><strong>Asylum Games <\/strong>para <\/a>su uso \u00f3ptimo con el juego\u00a0<a href=\"http:\/\/www.asylumgameseditorial.com\/Producto.aspx?CODIGO=8\"><strong>Banjooli Xeet<\/strong><\/a><\/p>\n<p>Cada set contiene 5 bellas avestruces pensadas para remplazar los contadores del juego. Cada set consiste en dos piezas: la avestruz y su base que encajan perfectamente para poder ser montados y desmontados en segundos. Y pueden ser guardados en la caja de juego.<\/p>\n<p>Puedes marcar f\u00e1cilmente las avestruces cuando est\u00e1n hechizadas, simplemente quitando la avestruz de su base o gir\u00e1ndola hacia una direcci\u00f3n err\u00f3nea.<\/p>\n<p>Mejora tu juego y gana tus carreras con estilo.<\/p>\n<div class=\"moreinfo\"><strong>Material:<\/strong> Metacrilato<\/p>\n<p><strong>Espesor:<\/strong>\u00a03mm<\/p>\n<p><strong>Cantidad:<\/strong> 5 Meeplestruces con sus bases en cada uno de los colores del juego: verde, rojo, amarillo, azul y violeta. Las bases son transparentes<\/p>\n<p><strong>Uso:<\/strong> Reemplaza los marcadores de avestruces del juego <a href=\"http:\/\/www.asylumgameseditorial.com\/Producto.aspx?CODIGO=8\"><strong>Banjooli Xeet<\/strong><\/a><\/div>\n<p>Este producto se vende desmontado.<\/p>\n<p>&nbsp;<\/p>\n","protected":false},"excerpt":{"rendered":"<p>Set de 5 meeples con forma de avestruz.<\/p>\n","protected":false},"featured_media":4084,"template":"","meta":{"_acf_changed":false},"product_brand":[],"product_cat":[78],"product_tag":[684],"class_list":{"0":"post-2863","1":"product","2":"type-product","3":"status-publish","4":"has-post-thumbnail","6":"product_cat-meeple-2","7":"product_tag-banjooli-xeet-es-2","9":"first","10":"instock","11":"taxable","12":"shipping-taxable","13":"purchasable","14":"product-type-simple"},"exclude_global_add_ons":[],"addons":[],"acf":[],"_links":{"self":[{"href":"https:\/\/www.customeeple.com\/es\/wp-json\/wp\/v2\/product\/2863","targetHints":{"allow":["GET"]}}],"collection":[{"href":"https:\/\/www.customeeple.com\/es\/wp-json\/wp\/v2\/product"}],"about":[{"href":"https:\/\/www.customeeple.com\/es\/wp-json\/wp\/v2\/types\/product"}],"wp:featuredmedia":[{"embeddable":true,"href":"https:\/\/www.customeeple.com\/es\/wp-json\/wp\/v2\/media\/4084"}],"wp:attachment":[{"href":"https:\/\/www.customeeple.com\/es\/wp-json\/wp\/v2\/media?parent=2863"}],"wp:term":[{"taxonomy":"product_brand","embeddable":true,"href":"https:\/\/www.customeeple.com\/es\/wp-json\/wp\/v2\/product_brand?post=2863"},{"taxonomy":"product_cat","embeddable":true,"href":"https:\/\/www.customeeple.com\/es\/wp-json\/wp\/v2\/product_cat?post=2863"},{"taxonomy":"product_tag","embeddable":true,"href":"https:\/\/www.customeeple.com\/es\/wp-json\/wp\/v2\/product_tag?post=2863"}],"curies":[{"name":"wp","href":"https:\/\/api.w.org\/{rel}","templated":true}]}}