{"id":28622,"date":"2017-07-06T11:33:56","date_gmt":"2017-07-06T09:33:56","guid":{"rendered":"http:\/\/www.customeeple.com\/product\/fila-filo\/"},"modified":"2017-07-06T11:33:56","modified_gmt":"2017-07-06T09:33:56","slug":"fila-filo","status":"publish","type":"product","link":"https:\/\/www.customeeple.com\/es\/producto\/fila-filo\/","title":{"rendered":"Fila Filo (ESP)"},"content":{"rendered":"<p>Si viene de arriba, seguro que es bueno\u2026<\/p>\n<p>La peque\u00f1a Filo y sus hermanos se pasan el d\u00eda colgando de la telara\u00f1a, jugando a su juego preferido: asustar<\/p>\n<p>y atrapar las hormigas del bosque. Aunque estas huyen a todo correr, Filo siempre est\u00e1 al acecho, \u00a1en el lugar<\/p>\n<p>correcto y en el momento justo! Fila Filoes una divertida aventura l\u00fadica en tres dimensiones, para que os lo<\/p>\n<p>pas\u00e9is incre\u00edblemente bien jugando con los animalillos de seis\u2026 \u00a1y ocho patas!<\/p>\n<p>&nbsp;<\/p>\n<p><strong>Cantidad de jugadores<\/strong>: 2-4<\/p>\n<p>&nbsp;<\/p>\n<p><strong>Duraci\u00f3n<\/strong>: 45 minutos<\/p>\n<p>&nbsp;<\/p>\n<p><strong>Edad<\/strong>: +6 a\u00f1os<\/p>\n<p>&nbsp;<\/p>\n","protected":false},"excerpt":{"rendered":"<p>Boardgame.<\/p>\n","protected":false},"featured_media":28618,"template":"","meta":{"_acf_changed":false},"product_brand":[],"product_cat":[1653,1180],"product_tag":[1264,1284,1280],"class_list":{"0":"post-28622","1":"product","2":"type-product","3":"status-publish","4":"has-post-thumbnail","6":"product_cat-boardgames","7":"product_cat-retail-products-es","8":"product_tag-boardgame-es","9":"product_tag-devir-es","10":"product_tag-juego-de-mesa-es","12":"first","13":"outofstock","14":"sale","15":"taxable","16":"shipping-taxable","17":"purchasable","18":"product-type-simple"},"exclude_global_add_ons":[],"addons":[],"acf":[],"_links":{"self":[{"href":"https:\/\/www.customeeple.com\/es\/wp-json\/wp\/v2\/product\/28622","targetHints":{"allow":["GET"]}}],"collection":[{"href":"https:\/\/www.customeeple.com\/es\/wp-json\/wp\/v2\/product"}],"about":[{"href":"https:\/\/www.customeeple.com\/es\/wp-json\/wp\/v2\/types\/product"}],"wp:featuredmedia":[{"embeddable":true,"href":"https:\/\/www.customeeple.com\/es\/wp-json\/wp\/v2\/media\/28618"}],"wp:attachment":[{"href":"https:\/\/www.customeeple.com\/es\/wp-json\/wp\/v2\/media?parent=28622"}],"wp:term":[{"taxonomy":"product_brand","embeddable":true,"href":"https:\/\/www.customeeple.com\/es\/wp-json\/wp\/v2\/product_brand?post=28622"},{"taxonomy":"product_cat","embeddable":true,"href":"https:\/\/www.customeeple.com\/es\/wp-json\/wp\/v2\/product_cat?post=28622"},{"taxonomy":"product_tag","embeddable":true,"href":"https:\/\/www.customeeple.com\/es\/wp-json\/wp\/v2\/product_tag?post=28622"}],"curies":[{"name":"wp","href":"https:\/\/api.w.org\/{rel}","templated":true}]}}