{"id":2858,"date":"2013-08-21T11:11:13","date_gmt":"2013-08-21T10:59:07","guid":{"rendered":"http:\/\/www.customeeple.com\/?post_type=product&#038;p=2858"},"modified":"2025-01-28T15:40:38","modified_gmt":"2025-01-28T14:40:38","slug":"hexagon-arrow-1-unit","status":"publish","type":"product","link":"https:\/\/www.customeeple.com\/es\/producto\/hexagon-arrow-1-unit\/","title":{"rendered":"Marcador flecha hexagonal (1 unidad)"},"content":{"rendered":"<p>Un hex\u00e1gono individual con un s\u00edmbolo de una flecha, puede tener m\u00faltiples usos, como por ejemplo marcador de orden <strong>\u00a0<\/strong>o un marcador de unidad corriendo para<strong>\u00a0<\/strong><strong>Warhammer<\/strong>, <strong>Warhammer 40k<\/strong> u otros juegos de miniaturas.<\/p>\n<div class=\"moreinfo\">\n<p><strong>Material: <\/strong>Metacrilato<\/p>\n<p><strong>Tama\u00f1o:\u00a0<\/strong>25 mm de di\u00e1metro, 12 mm de cada lado<\/p>\n<p><strong>Grosor:<\/strong>\u00a03 mm<\/p>\n<p><strong>Cantidad:<\/strong>\u00a01 hex\u00e1gono.<\/p>\n<p><strong>Colores:<br \/> <\/strong>Verde: flecha recta<br \/> Rojo: flecha curva<br \/> Naranja: flecha ondulada<\/p>\n<p><strong>Uso:<\/strong> Para marcar estados en wargames o como elemento decorativo.<\/p>\n<\/div>\n<p>\u00a0<\/p>\n<p>\u00a0<a href=\"http:\/\/boardgamegeek.com\/boardgame\/4192\/warhammer\" target=\"_blank\"><strong>Warhammer<\/strong><\/a>\u00a0y <a href=\"http:\/\/boardgamegeek.com\/boardgame\/14403\/warhammer-40000-battle-for-macragge\" target=\"_blank\"><strong>Warhammer 40k<\/strong><\/a>\u00a0son productos de\u00a0<strong><a href=\"http:\/\/boardgamegeek.com\/boardgamepublisher\/26\/games-workshop-ltd\" target=\"_blank\">Games Workshop<\/a>.<\/strong><\/p>\n<p><strong>Customeeple <\/strong>no mantiene ninguna relaci\u00f3n con estas compa\u00f1\u00eda y este producto no esta patrocinado por ella de ninguna manera.<\/p>\n","protected":false},"excerpt":{"rendered":"<p>Marcador para m\u00faltiples wargames, como Infinity o Warhammer.<\/p>\n","protected":false},"featured_media":3740,"template":"","meta":{"_acf_changed":false},"product_brand":[],"product_cat":[78],"product_tag":[306,785,786,787],"class_list":{"0":"post-2858","1":"product","2":"type-product","3":"status-publish","4":"has-post-thumbnail","6":"product_cat-meeple-2","7":"product_tag-infinity-the-game-es-2","8":"product_tag-wargame-es-2","9":"product_tag-warhammer-es-2","10":"product_tag-warhammer-40k-es-2","11":"pa_methacrylate-colors-naranja-trans-mtor","12":"pa_methacrylate-colors-rojotrans-mtre","13":"pa_methacrylate-colors-verde-trans-mtgr","15":"first","16":"instock","17":"taxable","18":"shipping-taxable","19":"purchasable","20":"product-type-variable"},"exclude_global_add_ons":[],"addons":[],"acf":[],"_links":{"self":[{"href":"https:\/\/www.customeeple.com\/es\/wp-json\/wp\/v2\/product\/2858","targetHints":{"allow":["GET"]}}],"collection":[{"href":"https:\/\/www.customeeple.com\/es\/wp-json\/wp\/v2\/product"}],"about":[{"href":"https:\/\/www.customeeple.com\/es\/wp-json\/wp\/v2\/types\/product"}],"wp:featuredmedia":[{"embeddable":true,"href":"https:\/\/www.customeeple.com\/es\/wp-json\/wp\/v2\/media\/3740"}],"wp:attachment":[{"href":"https:\/\/www.customeeple.com\/es\/wp-json\/wp\/v2\/media?parent=2858"}],"wp:term":[{"taxonomy":"product_brand","embeddable":true,"href":"https:\/\/www.customeeple.com\/es\/wp-json\/wp\/v2\/product_brand?post=2858"},{"taxonomy":"product_cat","embeddable":true,"href":"https:\/\/www.customeeple.com\/es\/wp-json\/wp\/v2\/product_cat?post=2858"},{"taxonomy":"product_tag","embeddable":true,"href":"https:\/\/www.customeeple.com\/es\/wp-json\/wp\/v2\/product_tag?post=2858"}],"curies":[{"name":"wp","href":"https:\/\/api.w.org\/{rel}","templated":true}]}}