{"id":28173,"date":"2017-06-29T10:38:33","date_gmt":"2017-06-29T08:38:34","guid":{"rendered":"http:\/\/www.customeeple.com\/?post_type=product&#038;p=28173\/"},"modified":"2021-03-03T17:50:37","modified_gmt":"2021-03-03T16:50:37","slug":"battle-hive-baseses","status":"publish","type":"product","link":"https:\/\/www.customeeple.com\/es\/producto\/battle-hive-baseses\/","title":{"rendered":"Cubiertas de base Battle Hive"},"content":{"rendered":"<p>Este pack incluye un set de cubiertas \u00a0de nuestra linea <strong><a href=\"http:\/\/www.customeeple.com\/wp-admin\/edit.php?product_cat=sw&amp;post_type=product\">Battle Hive<\/a>\u00a0<\/strong>con un dise\u00f1o industrial. Pegalas en las bases de plastico adecuadas y pintalas a tu gusto para crear piezas \u00fanicas.Encajan perfectamente en bases de 25, 40 y 55 mm. Las bases plasticas\u00a0<strong>NO\u00a0<\/strong>se incluyen,<\/p>\n<p>Todas las cubiertas est\u00e1n fabricadas en cart\u00f3n de alta densidad:\u00a0Una superficie de cart\u00f3n para modelismo muy resistente, similar al\u00a0<strong>DM (MDF)<\/strong>. Casi no se notar\u00e1 el grosor al pegarlo a la base ya que tiene\u00a00,32mm de espesor.<\/p>\n<p>Este producto se vende en en diferentes variedades para encajar en las bases de cualquier juego<\/p>\n<p>Nuestros productos\u00a0<strong><a href=\"http:\/\/www.customeeple.com\/wp-admin\/edit.php?product_cat=sw&amp;post_type=product\">Battle Hive<\/a>\u00a0<\/strong>son perfectos para cualquier juego de combates en ambiente futurista o industrial. Todos los productos est\u00e1n dise\u00f1ados de forma modular y son compatibles entre si. Combinalos para crear una mesa completa y tem\u00e1tica.<\/p>\n<p><strong style=\"font-size: 14px; line-height: 1.5em;\">Material:\u00a0<\/strong><span style=\"font-size: 14px; line-height: 1.5em;\">DM y cart\u00f3n de alta densidad<\/span><\/p>\n<div class=\"moreinfo\">\n<p dir=\"ltr\"><strong>Espesor:<\/strong>\u00a00,32 mm<\/p>\n<p dir=\"ltr\"><strong>Tama\u00f1o: <\/strong>Varia<strong><br \/>\n<\/strong><\/p>\n<p dir=\"ltr\"><strong>Cantidad:\u00a0<\/strong>1 a 5 bases<\/p>\n<p><strong>Uso:<\/strong> Estructura de\u00a0escenograf\u00eda para\u00a0\u00a0ambientes industriales\u00a0o post apocal\u00edpticos.<\/p>\n<\/div>\n<div class=\"infopreorder\"><strong>Nota:<\/strong> Miniaturas y\u00a0accesorios no incluidos. Este producto se vende sin montar ni pintar. Necesitaras pegamento para ensamblarlo.<\/div>\n","protected":false},"excerpt":{"rendered":"<p>Estructura de\u00a0escenograf\u00eda para\u00a0\u00a0ambientes industriales\u00a0o post apocal\u00edpticos.<\/p>\n","protected":false},"featured_media":28261,"template":"","meta":{"_acf_changed":false},"product_brand":[],"product_cat":[1122,1427,1229],"product_tag":[1787,1677,1114],"class_list":{"0":"post-28173","1":"product","2":"type-product","3":"status-publish","4":"has-post-thumbnail","6":"product_cat-sw-es","7":"product_cat-kill-team-es","8":"product_cat-warhammer-40k-es","9":"product_tag-40k-es","10":"product_tag-necromunda-es-2","11":"product_tag-shadow-war-armageddon-es","12":"pa_bsize-24mm","13":"pa_bsize-31mm-bases-32mm-5-units","14":"pa_bsize-39mm-bases-40mm-5-units","15":"pa_bsize-s59","17":"first","18":"instock","19":"taxable","20":"shipping-taxable","21":"purchasable","22":"product-type-variable"},"exclude_global_add_ons":[],"addons":[],"acf":[],"_links":{"self":[{"href":"https:\/\/www.customeeple.com\/es\/wp-json\/wp\/v2\/product\/28173","targetHints":{"allow":["GET"]}}],"collection":[{"href":"https:\/\/www.customeeple.com\/es\/wp-json\/wp\/v2\/product"}],"about":[{"href":"https:\/\/www.customeeple.com\/es\/wp-json\/wp\/v2\/types\/product"}],"wp:featuredmedia":[{"embeddable":true,"href":"https:\/\/www.customeeple.com\/es\/wp-json\/wp\/v2\/media\/28261"}],"wp:attachment":[{"href":"https:\/\/www.customeeple.com\/es\/wp-json\/wp\/v2\/media?parent=28173"}],"wp:term":[{"taxonomy":"product_brand","embeddable":true,"href":"https:\/\/www.customeeple.com\/es\/wp-json\/wp\/v2\/product_brand?post=28173"},{"taxonomy":"product_cat","embeddable":true,"href":"https:\/\/www.customeeple.com\/es\/wp-json\/wp\/v2\/product_cat?post=28173"},{"taxonomy":"product_tag","embeddable":true,"href":"https:\/\/www.customeeple.com\/es\/wp-json\/wp\/v2\/product_tag?post=28173"}],"curies":[{"name":"wp","href":"https:\/\/api.w.org\/{rel}","templated":true}]}}