{"id":27993,"date":"2017-06-28T13:37:16","date_gmt":"2017-06-28T12:37:16","guid":{"rendered":"http:\/\/www.customeeple.com\/?post_type=product&#038;p=27993\/"},"modified":"2020-11-07T18:27:03","modified_gmt":"2020-11-07T17:27:03","slug":"fenrisian-wolves","status":"publish","type":"product","link":"https:\/\/www.customeeple.com\/es\/producto\/fenrisian-wolves\/","title":{"rendered":"Fenrisian Wolves"},"content":{"rendered":"<p>Los lobos de Fenris son bestias legendarias cuyas vidas est\u00e1n indisolublemente unidas a las de las tribus humanas que comparten su mundo helado. Se considera una gran haza\u00f1a para un hermano de batalla de los Space Wolves cazar una manada de estos lobos armados \u00fanicamente con su ingenio. Si mata al macho alfa de la manada, el resto de los lobos lo tratar\u00e1n instintivamente como su nuevo l\u00edder de la manada. Cuando el hermano de batalla regresa con \u00e9xito al Colmillo, lo hace en compa\u00f1\u00eda de los lobos.<\/p>\n<p>Los Fenrisian Wolves no s\u00f3lo son r\u00e1pidos, sino que tambi\u00e9n son duros, lo que los hace perfectos para deshacerse de objetivos vulnerables y aislados, o actuar como una pantalla para tu avance.<\/p>\n<p>El set incluye 5 Fenrisian Wolves de pl\u00e1stico multicomponente, con cabezas intercambiables para mayor variedad. Cada miniatura se suministra con una peana redonda Citadel de 40 mm.<\/p>\n","protected":false},"excerpt":{"rendered":"<p>Games Workshop\u00a0wolves of Fenris.<\/p>\n","protected":false},"featured_media":84180,"template":"","meta":{"_acf_changed":false},"product_brand":[],"product_cat":[1177,1180,1372,1623,1229],"product_tag":[1179],"class_list":{"0":"post-27993","1":"product","2":"type-product","3":"status-publish","4":"has-post-thumbnail","6":"product_cat-games-workshop-es","7":"product_cat-retail-products-es","8":"product_cat-sci-fi-es","9":"product_cat-wargames-es-2","10":"product_cat-warhammer-40k-es","11":"product_tag-gamesworkshop-es","13":"first","14":"outofstock","15":"sale","16":"taxable","17":"shipping-taxable","18":"purchasable","19":"product-type-simple"},"exclude_global_add_ons":[],"addons":[],"acf":[],"_links":{"self":[{"href":"https:\/\/www.customeeple.com\/es\/wp-json\/wp\/v2\/product\/27993","targetHints":{"allow":["GET"]}}],"collection":[{"href":"https:\/\/www.customeeple.com\/es\/wp-json\/wp\/v2\/product"}],"about":[{"href":"https:\/\/www.customeeple.com\/es\/wp-json\/wp\/v2\/types\/product"}],"wp:featuredmedia":[{"embeddable":true,"href":"https:\/\/www.customeeple.com\/es\/wp-json\/wp\/v2\/media\/84180"}],"wp:attachment":[{"href":"https:\/\/www.customeeple.com\/es\/wp-json\/wp\/v2\/media?parent=27993"}],"wp:term":[{"taxonomy":"product_brand","embeddable":true,"href":"https:\/\/www.customeeple.com\/es\/wp-json\/wp\/v2\/product_brand?post=27993"},{"taxonomy":"product_cat","embeddable":true,"href":"https:\/\/www.customeeple.com\/es\/wp-json\/wp\/v2\/product_cat?post=27993"},{"taxonomy":"product_tag","embeddable":true,"href":"https:\/\/www.customeeple.com\/es\/wp-json\/wp\/v2\/product_tag?post=27993"}],"curies":[{"name":"wp","href":"https:\/\/api.w.org\/{rel}","templated":true}]}}