{"id":27879,"date":"2017-06-29T17:38:20","date_gmt":"2017-06-27T15:38:21","guid":{"rendered":"http:\/\/www.customeeple.com\/?post_type=product&#038;p=27879\/"},"modified":"2017-06-30T16:52:52","modified_gmt":"2017-06-30T14:52:52","slug":"battle-hive-pack-objetivos","status":"publish","type":"product","link":"https:\/\/www.customeeple.com\/es\/producto\/battle-hive-pack-objetivos\/","title":{"rendered":"Battle Hive Pack de Objetivos (8 Uds)"},"content":{"rendered":"<p>Un set de nuestros objetivos de escenografia\u00a0<strong><a href=\"http:\/\/www.customeeple.com\/wp-admin\/edit.php?product_cat=sw&amp;post_type=product\">Battle Hive,<\/a><\/strong><a href=\"http:\/\/www.customeeple.com\/wp-admin\/edit.php?product_cat=sw&amp;post_type=product\">\u00a0<\/a>a un precio muy especial. Esta dise\u00f1ado para ser usado como un pack completo de objetivos para tus necesidades de juego. El pack contiene:<\/p>\n<ul>\n<li><strong><a href=\"http:\/\/www.customeeple.com\/product\/battle-hive-objective-gas-tank\/\">Tanque de gas<\/a> x 1<\/strong><\/li>\n<li><strong><a href=\"http:\/\/www.customeeple.com\/product\/battle-hive-objective-door\/\">Trampilla de acceso<\/a> x 1<\/strong><\/li>\n<li><strong><a href=\"http:\/\/www.customeeple.com\/product\/battle-hive-cache\/\">Bot\u00edn protegido<\/a> x 6<\/strong><\/li>\n<\/ul>\n<p><strong>Nota:<\/strong> Necesitaras una bola de pl\u00e1stico para hacer el compartimento redondo, que <strong>no est\u00e1 incluida<\/strong> en el producto. El di\u00e1metro de las piezas de DM est\u00e1 dise\u00f1ado para que encaje en algo com\u00fan y standarizado como una pelota de ping pong.<\/p>\n<p>Nuestros productos\u00a0<strong><a href=\"http:\/\/www.customeeple.com\/wp-admin\/edit.php?product_cat=sw&amp;post_type=product\">Battle Hive<\/a>\u00a0<\/strong>son perfectos para cualquier juego de combates en ambiente futurista o industrial. Todos los productos est\u00e1n dise\u00f1ados de forma modular y son compatibles entre si. Combinalos para crear una mesa completa y tem\u00e1tica.<\/p>\n<p><strong style=\"font-size: 14px; line-height: 1.5em;\">Material: <\/strong>DM y cart\u00f3n de alta densidad<\/p>\n<div class=\"moreinfo\">\n<p dir=\"ltr\"><strong>Espesor:<\/strong>\u00a02,5 mm<\/p>\n<p dir=\"ltr\"><strong>Tama\u00f1o:<\/strong> varia<strong><br \/>\n<\/strong><\/p>\n<p dir=\"ltr\"><strong>Cantidad:\u00a0<\/strong>8 objetivos de escenograf\u00eda<\/p>\n<p><strong>Uso:\u00a0<\/strong>Objetivo de escenograf\u00eda para\u00a0\u00a0ambientes industriales\u00a0o post apocal\u00edpticos.<\/p>\n<\/div>\n<div class=\"infopreorder\"><strong>Nota:<\/strong> Miniaturas y\u00a0accesorios no incluidos. Este producto se vende sin montar ni pintar. Necesitaras pegamento para ensamblarlo. Bola de pl\u00e1stico <strong>no incluida<\/strong><\/div>\n<div class=\"infopreorder\"><\/div>\n","protected":false},"excerpt":{"rendered":"<p>Pack de objetivos de \u00a0escenograf\u00eda para ambientes industriales\u00a0o post apocal\u00edpticos.<\/p>\n<p>&nbsp;<\/p>\n","protected":false},"featured_media":28094,"template":"","meta":{"_acf_changed":false},"product_brand":[],"product_cat":[1122,1427,1229],"product_tag":[1677,1114],"class_list":{"0":"post-27879","1":"product","2":"type-product","3":"status-publish","4":"has-post-thumbnail","6":"product_cat-sw-es","7":"product_cat-kill-team-es","8":"product_cat-warhammer-40k-es","9":"product_tag-necromunda-es-2","10":"product_tag-shadow-war-armageddon-es","12":"first","13":"instock","14":"taxable","15":"shipping-taxable","16":"purchasable","17":"product-type-simple"},"exclude_global_add_ons":[],"addons":[],"acf":[],"_links":{"self":[{"href":"https:\/\/www.customeeple.com\/es\/wp-json\/wp\/v2\/product\/27879","targetHints":{"allow":["GET"]}}],"collection":[{"href":"https:\/\/www.customeeple.com\/es\/wp-json\/wp\/v2\/product"}],"about":[{"href":"https:\/\/www.customeeple.com\/es\/wp-json\/wp\/v2\/types\/product"}],"wp:featuredmedia":[{"embeddable":true,"href":"https:\/\/www.customeeple.com\/es\/wp-json\/wp\/v2\/media\/28094"}],"wp:attachment":[{"href":"https:\/\/www.customeeple.com\/es\/wp-json\/wp\/v2\/media?parent=27879"}],"wp:term":[{"taxonomy":"product_brand","embeddable":true,"href":"https:\/\/www.customeeple.com\/es\/wp-json\/wp\/v2\/product_brand?post=27879"},{"taxonomy":"product_cat","embeddable":true,"href":"https:\/\/www.customeeple.com\/es\/wp-json\/wp\/v2\/product_cat?post=27879"},{"taxonomy":"product_tag","embeddable":true,"href":"https:\/\/www.customeeple.com\/es\/wp-json\/wp\/v2\/product_tag?post=27879"}],"curies":[{"name":"wp","href":"https:\/\/api.w.org\/{rel}","templated":true}]}}