{"id":27875,"date":"2017-06-29T17:26:58","date_gmt":"2017-06-27T15:26:59","guid":{"rendered":"http:\/\/www.customeeple.com\/?post_type=product&#038;p=27875\/"},"modified":"2017-06-30T16:27:58","modified_gmt":"2017-06-30T14:27:58","slug":"battle-hive-trampilla","status":"publish","type":"product","link":"https:\/\/www.customeeple.com\/es\/producto\/battle-hive-trampilla\/","title":{"rendered":"Objetivo Battle Hive Trampilla de accesso"},"content":{"rendered":"<p>Una pieza de escenograf\u00eda de nuestra linea\u00a0<strong><a href=\"http:\/\/www.customeeple.com\/wp-admin\/edit.php?product_cat=sw&amp;post_type=product\">Battle Hive<\/a>. <\/strong>Una trampilla de accesso que lleva a un nivel oculto. Esta dise\u00f1ado para indicar un objetivo en tus partidas.<\/p>\n<p>Nuestros productos\u00a0<strong><a href=\"http:\/\/www.customeeple.com\/wp-admin\/edit.php?product_cat=sw&amp;post_type=product\">Battle Hive<\/a>\u00a0<\/strong>son perfectos para cualquier juego de combates en ambiente futurista o industrial. Todos los productos est\u00e1n dise\u00f1ados de forma modular y son compatibles entre si. Combinalos para crear una mesa completa y tem\u00e1tica.<\/p>\n<p><strong style=\"font-size: 14px; line-height: 1.5em;\">Material: <\/strong>DM y cart\u00f3n de alta densidad<\/p>\n<div class=\"moreinfo\">\n<p dir=\"ltr\"><strong>Espesor:<\/strong>\u00a02,5 mm<\/p>\n<p dir=\"ltr\"><strong>Tama\u00f1o: <\/strong>5,5 x 4,5 cm<strong><br \/>\n<\/strong><\/p>\n<p dir=\"ltr\"><strong>Cantidad:\u00a0<\/strong>1 objetivo<\/p>\n<p><strong>Uso:<\/strong>Objetivo de escenograf\u00eda para\u00a0\u00a0ambientes industriales\u00a0o post apocal\u00edpticos.<\/p>\n<\/div>\n<div class=\"infopreorder\"><strong>Nota:<\/strong> Miniaturas y\u00a0accesorios no incluidos. Este producto se vende sin montar ni pintar. Necesitaras pegamento para ensamblarlo.<\/div>\n<div class=\"infopreorder\"><\/div>\n","protected":false},"excerpt":{"rendered":"<p>Objetivo de escenograf\u00eda para ambientes industriales\u00a0o post apocal\u00edpticos. <\/p>\n","protected":false},"featured_media":28076,"template":"","meta":{"_acf_changed":false},"product_brand":[],"product_cat":[1122,1427,1229],"product_tag":[1677,1114],"class_list":{"0":"post-27875","1":"product","2":"type-product","3":"status-publish","4":"has-post-thumbnail","6":"product_cat-sw-es","7":"product_cat-kill-team-es","8":"product_cat-warhammer-40k-es","9":"product_tag-necromunda-es-2","10":"product_tag-shadow-war-armageddon-es","12":"first","13":"instock","14":"taxable","15":"shipping-taxable","16":"purchasable","17":"product-type-simple"},"exclude_global_add_ons":[],"addons":[],"acf":[],"_links":{"self":[{"href":"https:\/\/www.customeeple.com\/es\/wp-json\/wp\/v2\/product\/27875","targetHints":{"allow":["GET"]}}],"collection":[{"href":"https:\/\/www.customeeple.com\/es\/wp-json\/wp\/v2\/product"}],"about":[{"href":"https:\/\/www.customeeple.com\/es\/wp-json\/wp\/v2\/types\/product"}],"wp:featuredmedia":[{"embeddable":true,"href":"https:\/\/www.customeeple.com\/es\/wp-json\/wp\/v2\/media\/28076"}],"wp:attachment":[{"href":"https:\/\/www.customeeple.com\/es\/wp-json\/wp\/v2\/media?parent=27875"}],"wp:term":[{"taxonomy":"product_brand","embeddable":true,"href":"https:\/\/www.customeeple.com\/es\/wp-json\/wp\/v2\/product_brand?post=27875"},{"taxonomy":"product_cat","embeddable":true,"href":"https:\/\/www.customeeple.com\/es\/wp-json\/wp\/v2\/product_cat?post=27875"},{"taxonomy":"product_tag","embeddable":true,"href":"https:\/\/www.customeeple.com\/es\/wp-json\/wp\/v2\/product_tag?post=27875"}],"curies":[{"name":"wp","href":"https:\/\/api.w.org\/{rel}","templated":true}]}}