{"id":27873,"date":"2017-06-29T17:15:03","date_gmt":"2017-06-27T15:15:04","guid":{"rendered":"http:\/\/www.customeeple.com\/?post_type=product&#038;p=27873\/"},"modified":"2017-06-30T16:28:25","modified_gmt":"2017-06-30T14:28:25","slug":"battle-hive-tanque","status":"publish","type":"product","link":"https:\/\/www.customeeple.com\/es\/producto\/battle-hive-tanque\/","title":{"rendered":"Objetivo Battle Hive Tanque de gas"},"content":{"rendered":"<p>Una pieza de escenograf\u00eda de nuestra linea\u00a0<strong><a href=\"http:\/\/www.customeeple.com\/wp-admin\/edit.php?product_cat=sw&amp;post_type=product\">Battle Hive<\/a>. <\/strong>Un tanque de alamcenamiento que contiene un gas o liquido extremadamente valioso. Esta dise\u00f1ado para indicar un objetivo en tus partidas.<\/p>\n<p><strong>Nota:<\/strong> Necesitaras una bola de pl\u00e1stico para hacer el compartimento redondo, que <strong>no est\u00e1 incluida<\/strong> en el producto. El diametro de las piezas de DM est\u00e1 dise\u00f1ado para que encaje en algo com\u00fan y standarizado como una pelota de ping pong.<\/p>\n<p>Nuestros productos\u00a0<strong><a href=\"http:\/\/www.customeeple.com\/wp-admin\/edit.php?product_cat=sw&amp;post_type=product\">Battle Hive<\/a>\u00a0<\/strong>son perfectos para cualquier juego de combates en ambiente futurista o industrial. Todos los productos est\u00e1n dise\u00f1ados de forma modular y son compatibles entre si. Combinalos para crear una mesa completa y tem\u00e1tica.<\/p>\n<p><strong style=\"font-size: 14px; line-height: 1.5em;\">Material: <\/strong>DM<\/p>\n<div class=\"moreinfo\">\n<p dir=\"ltr\"><strong>Espesor:<\/strong>\u00a02,5 mm<\/p>\n<p dir=\"ltr\"><strong>Tama\u00f1o:<\/strong> 3,5 x 3,5 x \u00a05,5 cm<strong><br \/>\n<\/strong><\/p>\n<p dir=\"ltr\"><strong>Cantidad:\u00a0<\/strong>1 objetivo<\/p>\n<p><strong>Uso:<\/strong>Objetivo de escenograf\u00eda para\u00a0\u00a0ambientes industriales\u00a0o post apocal\u00edpticos.<\/p>\n<\/div>\n<div class=\"infopreorder\"><strong>Nota:<\/strong> Miniaturas y\u00a0accesorios no incluidos. Este producto se vende sin montar ni pintar. Necesitaras pegamento para ensamblarlo. Bola de pl\u00e1stico <strong>no incluida<\/strong><\/div>\n<div class=\"infopreorder\"><\/div>\n","protected":false},"excerpt":{"rendered":"<p>Estructura para escenograf\u00eda para ambientes industriales\u00a0o post apocal\u00edpticos.<\/p>\n","protected":false},"featured_media":28080,"template":"","meta":{"_acf_changed":false},"product_brand":[],"product_cat":[1122,1427,1229],"product_tag":[1677,1114],"class_list":{"0":"post-27873","1":"product","2":"type-product","3":"status-publish","4":"has-post-thumbnail","6":"product_cat-sw-es","7":"product_cat-kill-team-es","8":"product_cat-warhammer-40k-es","9":"product_tag-necromunda-es-2","10":"product_tag-shadow-war-armageddon-es","12":"first","13":"instock","14":"taxable","15":"shipping-taxable","16":"purchasable","17":"product-type-simple"},"exclude_global_add_ons":[],"addons":[],"acf":[],"_links":{"self":[{"href":"https:\/\/www.customeeple.com\/es\/wp-json\/wp\/v2\/product\/27873","targetHints":{"allow":["GET"]}}],"collection":[{"href":"https:\/\/www.customeeple.com\/es\/wp-json\/wp\/v2\/product"}],"about":[{"href":"https:\/\/www.customeeple.com\/es\/wp-json\/wp\/v2\/types\/product"}],"wp:featuredmedia":[{"embeddable":true,"href":"https:\/\/www.customeeple.com\/es\/wp-json\/wp\/v2\/media\/28080"}],"wp:attachment":[{"href":"https:\/\/www.customeeple.com\/es\/wp-json\/wp\/v2\/media?parent=27873"}],"wp:term":[{"taxonomy":"product_brand","embeddable":true,"href":"https:\/\/www.customeeple.com\/es\/wp-json\/wp\/v2\/product_brand?post=27873"},{"taxonomy":"product_cat","embeddable":true,"href":"https:\/\/www.customeeple.com\/es\/wp-json\/wp\/v2\/product_cat?post=27873"},{"taxonomy":"product_tag","embeddable":true,"href":"https:\/\/www.customeeple.com\/es\/wp-json\/wp\/v2\/product_tag?post=27873"}],"curies":[{"name":"wp","href":"https:\/\/api.w.org\/{rel}","templated":true}]}}