{"id":27557,"date":"2017-06-29T17:15:11","date_gmt":"2017-06-14T15:15:12","guid":{"rendered":"http:\/\/www.customeeple.com\/?post_type=product&#038;p=27557\/"},"modified":"2017-08-30T12:29:22","modified_gmt":"2017-08-30T10:29:22","slug":"estructura-battle-hive-gamma","status":"publish","type":"product","link":"https:\/\/www.customeeple.com\/es\/producto\/estructura-battle-hive-gamma\/","title":{"rendered":"Estructura Battle Hive Gamma"},"content":{"rendered":"<p>Una estructura Gamma de 3 pisos.\u00a0Las patas de la estructura se encajan en los salientes de la superficie, de esa manera puedes usarlos individualmente apilando los 3 pisos o combinarlos en estructuras individuales.<\/p>\n<p>Opcionalmente puedes destroquelar un agujero en el medio para abrir un hueco peligroso o incluso encajar un tubo de cart\u00f3n de 7,6 cm (pulgadas) <strong>No incluido con el producto<\/strong>.\u00a0Puedes emplear cualquier tubo de las mismas dimensiones como los que contienen las patatas de bolsa<strong>\u00a0Pringles\u00a0<\/strong>\u00a9<\/p>\n<p>Son adem\u00e1s compatibles con el resto de estructuras\u00a0<strong><a href=\"http:\/\/www.customeeple.com\/wp-admin\/edit.php?product_cat=sw&amp;post_type=product\">Battle Hive<\/a>.<\/strong><\/p>\n<p>Nuestros productos\u00a0<strong><a href=\"http:\/\/www.customeeple.com\/wp-admin\/edit.php?product_cat=sw&amp;post_type=product\">Battle Hive<\/a>\u00a0<\/strong>son perfectos para cualquier juego de combates en ambiente futurista o industrial. Todos los productos est\u00e1n dise\u00f1ados de forma modular y son compatibles entre si. Combinalos para crear una mesa completa y tem\u00e1tica.<\/p>\n<p><strong style=\"font-size: 14px; line-height: 1.5em;\">Material:\u00a0<\/strong><span style=\"font-size: 14px; line-height: 1.5em;\">DM<\/span><\/p>\n<div class=\"moreinfo\">\n<p dir=\"ltr\"><strong>Espesor:<\/strong>\u00a02,5 mm<\/p>\n<p dir=\"ltr\"><strong>Tama\u00f1o:<\/strong> 6,8\u00a0x 13,5\u00a0x 18,5\u00a0cm<strong><br \/>\n<\/strong><\/p>\n<p dir=\"ltr\"><strong>Cantidad:<\/strong> 2 estructuras<\/p>\n<p><strong>Uso:<\/strong> Estructura de\u00a0escenograf\u00eda para\u00a0\u00a0ambientes industriales\u00a0o post apocal\u00edpticos.<\/p>\n<\/div>\n<div class=\"infopreorder\"><strong>Nota:<\/strong> Miniaturas y\u00a0accesorios no incluidos. Este producto se vende sin montar ni pintar. Necesitaras pegamento para ensamblarlo. El tubo de cart\u00f3n de las fotos no est\u00e1 incluido. Pringles es un producto\u00a0\u00a0<strong>\u00a9 2015\u00a0Pringles International Operations, S.a.r.l.<\/strong> <strong>Customeeple <\/strong>no esta afiliada con esta compa\u00f1ia y este producto no esta apoyado por ellos de ninguna manera.<\/div>\n","protected":false},"excerpt":{"rendered":"<p>Estructura de\u00a0escenograf\u00eda para\u00a0\u00a0ambientes industriales\u00a0o post apocal\u00edpticos.<\/p>\n","protected":false},"featured_media":28275,"template":"","meta":{"_acf_changed":false},"product_brand":[],"product_cat":[1122,1427,1229],"product_tag":[1677,1114],"class_list":{"0":"post-27557","1":"product","2":"type-product","3":"status-publish","4":"has-post-thumbnail","6":"product_cat-sw-es","7":"product_cat-kill-team-es","8":"product_cat-warhammer-40k-es","9":"product_tag-necromunda-es-2","10":"product_tag-shadow-war-armageddon-es","12":"first","13":"instock","14":"taxable","15":"shipping-taxable","16":"purchasable","17":"product-type-simple"},"exclude_global_add_ons":[],"addons":[],"acf":[],"_links":{"self":[{"href":"https:\/\/www.customeeple.com\/es\/wp-json\/wp\/v2\/product\/27557","targetHints":{"allow":["GET"]}}],"collection":[{"href":"https:\/\/www.customeeple.com\/es\/wp-json\/wp\/v2\/product"}],"about":[{"href":"https:\/\/www.customeeple.com\/es\/wp-json\/wp\/v2\/types\/product"}],"wp:featuredmedia":[{"embeddable":true,"href":"https:\/\/www.customeeple.com\/es\/wp-json\/wp\/v2\/media\/28275"}],"wp:attachment":[{"href":"https:\/\/www.customeeple.com\/es\/wp-json\/wp\/v2\/media?parent=27557"}],"wp:term":[{"taxonomy":"product_brand","embeddable":true,"href":"https:\/\/www.customeeple.com\/es\/wp-json\/wp\/v2\/product_brand?post=27557"},{"taxonomy":"product_cat","embeddable":true,"href":"https:\/\/www.customeeple.com\/es\/wp-json\/wp\/v2\/product_cat?post=27557"},{"taxonomy":"product_tag","embeddable":true,"href":"https:\/\/www.customeeple.com\/es\/wp-json\/wp\/v2\/product_tag?post=27557"}],"curies":[{"name":"wp","href":"https:\/\/api.w.org\/{rel}","templated":true}]}}