{"id":27502,"date":"2017-06-30T11:04:52","date_gmt":"2017-06-08T09:04:52","guid":{"rendered":"http:\/\/www.customeeple.com\/?post_type=product&#038;p=27502\/"},"modified":"2017-06-30T16:58:21","modified_gmt":"2017-06-30T14:58:21","slug":"bh-barriers","status":"publish","type":"product","link":"https:\/\/www.customeeple.com\/es\/producto\/bh-barriers\/","title":{"rendered":"Battle Hive Set de Barreras (5 Uds)"},"content":{"rendered":"<p>Un pack de barreras de dise\u00f1o industrial en dos tama\u00f1os diferentes. El producto contiene 3 barreras simples y 2 dobles.<\/p>\n<p>Nuestros productos\u00a0<strong><a href=\"http:\/\/www.customeeple.com\/wp-admin\/edit.php?product_cat=sw&amp;post_type=product\">Battle Hive<\/a>\u00a0<\/strong>son perfectos para cualquier juego de combates en ambiente futurista o industrial. Todos los productos est\u00e1n dise\u00f1ados de forma modular y son compatibles entre si. Combinalos para crear una mesa completa y tem\u00e1tica.<\/p>\n<p><strong style=\"font-size: 14px; line-height: 1.5em;\">Material: <\/strong>DM<\/p>\n<div class=\"moreinfo\">\n<p dir=\"ltr\"><strong>Espesor:<\/strong>\u00a02,5 mm<\/p>\n<p dir=\"ltr\"><strong>Tama\u00f1o: <\/strong>7\u00a0x 2,4 x 2,9\u00a0cm (simple) 13 x 2,4 x 2,9 (Doble)<strong><br \/>\n<\/strong><\/p>\n<p dir=\"ltr\"><strong>Cantidad:\u00a0<\/strong>5 Barreras<\/p>\n<p><strong>Uso:<\/strong> Estructura de\u00a0escenograf\u00eda para\u00a0\u00a0ambientes industriales\u00a0o post apocal\u00edpticos.<\/p>\n<\/div>\n<div class=\"infopreorder\"><strong>Nota:<\/strong> Miniaturas y\u00a0accesorios no incluidos. Este producto se vende sin montar ni pintar. Necesitaras pegamento para ensamblarlo.<\/div>\n<div class=\"infopreorder\"><\/div>\n","protected":false},"excerpt":{"rendered":"<p>Estructura para escenograf\u00eda para ambientes industriales\u00a0o post apocal\u00edpticos.<\/p>\n<p>&nbsp;<\/p>\n","protected":false},"featured_media":28058,"template":"","meta":{"_acf_changed":false},"product_brand":[],"product_cat":[1122,1427,1229],"product_tag":[1677,1114],"class_list":{"0":"post-27502","1":"product","2":"type-product","3":"status-publish","4":"has-post-thumbnail","6":"product_cat-sw-es","7":"product_cat-kill-team-es","8":"product_cat-warhammer-40k-es","9":"product_tag-necromunda-es-2","10":"product_tag-shadow-war-armageddon-es","12":"first","13":"instock","14":"taxable","15":"shipping-taxable","16":"purchasable","17":"product-type-simple"},"exclude_global_add_ons":[],"addons":[],"acf":[],"_links":{"self":[{"href":"https:\/\/www.customeeple.com\/es\/wp-json\/wp\/v2\/product\/27502","targetHints":{"allow":["GET"]}}],"collection":[{"href":"https:\/\/www.customeeple.com\/es\/wp-json\/wp\/v2\/product"}],"about":[{"href":"https:\/\/www.customeeple.com\/es\/wp-json\/wp\/v2\/types\/product"}],"wp:featuredmedia":[{"embeddable":true,"href":"https:\/\/www.customeeple.com\/es\/wp-json\/wp\/v2\/media\/28058"}],"wp:attachment":[{"href":"https:\/\/www.customeeple.com\/es\/wp-json\/wp\/v2\/media?parent=27502"}],"wp:term":[{"taxonomy":"product_brand","embeddable":true,"href":"https:\/\/www.customeeple.com\/es\/wp-json\/wp\/v2\/product_brand?post=27502"},{"taxonomy":"product_cat","embeddable":true,"href":"https:\/\/www.customeeple.com\/es\/wp-json\/wp\/v2\/product_cat?post=27502"},{"taxonomy":"product_tag","embeddable":true,"href":"https:\/\/www.customeeple.com\/es\/wp-json\/wp\/v2\/product_tag?post=27502"}],"curies":[{"name":"wp","href":"https:\/\/api.w.org\/{rel}","templated":true}]}}