{"id":27360,"date":"2017-05-29T15:55:28","date_gmt":"2017-05-29T13:55:39","guid":{"rendered":"http:\/\/www.customeeple.com\/?post_type=product&#038;p=27360\/"},"modified":"2017-11-17T10:26:44","modified_gmt":"2017-11-17T08:26:44","slug":"terraforming-mars-compatible-markers","status":"publish","type":"product","link":"https:\/\/www.customeeple.com\/es\/producto\/terraforming-mars-compatible-markers\/","title":{"rendered":"Marcadores compatibles con Terraforming Mars (3 Uds)"},"content":{"rendered":"<p>Un pack de marcadores de metacrilato que pueden indicar diferentes funciones de juego como: Nivel de Oxigeno, temperatura y poblaci\u00f3n.<\/p>\n<p>Este producto encajar\u00e1\u00a0a la perfecci\u00f3n con el\u00a0\u00a0tablero de \u00a0<a href=\"http:\/\/www.fryxgames.se\/games\/terraforming-mars\/\"><strong>Terraforming Mars<\/strong><\/a><\/p>\n<div class=\"moreinfo\">\n<p><strong>Material:<\/strong>\u00a0Metacrilato\u00a0fluorescente<\/p>\n<p><strong>Espesor:<\/strong>\u00a03mm<\/p>\n<p><strong>Cantidad: <\/strong>3\u00a0unidades<\/p>\n<\/div>\n<p><strong><a href=\"http:\/\/www.fryxgames.se\/games\/terraforming-mars\/\">Terraforming Mars<\/a> <\/strong>es un juego dise\u00f1ado por\u00a0<strong>Jacob Fryxelius<\/strong>\u00a0publicado por\u00a0<strong><a href=\"http:\/\/www.fryxgames.se\/games\/terraforming-mars\/\">Fryx Games<\/a>.<\/strong>\u00a0<strong>Customeeple<\/strong> no mantiene ninguna relaci\u00f3n con esa compa\u00f1\u00eda y este producto no est\u00e1 de ninguna manera patrocinado por ellos.<\/p>\n<p>&nbsp;<\/p>\n","protected":false},"excerpt":{"rendered":"<p>Pack de 3 fichas en metacrilato compatibles con\u00a0\u00a0<a href=\"http:\/\/www.fryxgames.se\/games\/terraforming-mars\/\"><strong>Terraforming Mars<\/strong><\/a><\/p>\n","protected":false},"featured_media":27393,"template":"","meta":{"_acf_changed":false},"product_brand":[],"product_cat":[191],"product_tag":[1099],"class_list":{"0":"post-27360","1":"product","2":"type-product","3":"status-publish","4":"has-post-thumbnail","6":"product_cat-accesorios","7":"product_tag-terraforming-mars-es","9":"first","10":"instock","11":"taxable","12":"shipping-taxable","13":"purchasable","14":"product-type-simple"},"exclude_global_add_ons":[],"addons":[],"acf":[],"_links":{"self":[{"href":"https:\/\/www.customeeple.com\/es\/wp-json\/wp\/v2\/product\/27360","targetHints":{"allow":["GET"]}}],"collection":[{"href":"https:\/\/www.customeeple.com\/es\/wp-json\/wp\/v2\/product"}],"about":[{"href":"https:\/\/www.customeeple.com\/es\/wp-json\/wp\/v2\/types\/product"}],"wp:featuredmedia":[{"embeddable":true,"href":"https:\/\/www.customeeple.com\/es\/wp-json\/wp\/v2\/media\/27393"}],"wp:attachment":[{"href":"https:\/\/www.customeeple.com\/es\/wp-json\/wp\/v2\/media?parent=27360"}],"wp:term":[{"taxonomy":"product_brand","embeddable":true,"href":"https:\/\/www.customeeple.com\/es\/wp-json\/wp\/v2\/product_brand?post=27360"},{"taxonomy":"product_cat","embeddable":true,"href":"https:\/\/www.customeeple.com\/es\/wp-json\/wp\/v2\/product_cat?post=27360"},{"taxonomy":"product_tag","embeddable":true,"href":"https:\/\/www.customeeple.com\/es\/wp-json\/wp\/v2\/product_tag?post=27360"}],"curies":[{"name":"wp","href":"https:\/\/api.w.org\/{rel}","templated":true}]}}