{"id":27335,"date":"2017-05-29T15:57:12","date_gmt":"2017-05-29T13:57:25","guid":{"rendered":"http:\/\/www.customeeple.com\/?post_type=product&#038;p=27335\/"},"modified":"2019-07-24T15:52:48","modified_gmt":"2019-07-24T13:52:48","slug":"terraformingfull","status":"publish","type":"product","link":"https:\/\/www.customeeple.com\/es\/producto\/terraformingfull\/","title":{"rendered":"Organizador compatible con Terraforming Mars  (5 Uds)"},"content":{"rendered":"<p>Un set de bandejas de metacrilato transparente para tener ordenadas las piezas de tus juegos.\u00a0\u00a1Mant\u00e9n tus cubos a salvo de los ocasionales golpes en la mesa!<\/p>\n<p>Con este lote tendras suficientes organizadores para todos tableros de una partida a 5 jugadores. Dale un tratamiento deluxe a tus juegos.<\/p>\n<p>Puedes comprar este producto con dos opciones<\/p>\n<ul>\n<li>Estandar: 5 bandejas organizadoras de metacrilato<\/li>\n<li>Set completo: Bandejas organizadoras y adem\u00e1s 5 bases de DM<\/li>\n<\/ul>\n<p>Este producto encajar\u00e1\u00a0a la perfecci\u00f3n con los tableros de jugador de \u00a0<a href=\"http:\/\/www.fryxgames.se\/games\/terraforming-mars\/\"><strong>Terraforming Mars<\/strong><\/a><\/p>\n<div class=\"moreinfo\">\n<p><strong>Material:<\/strong>\u00a0Metacrilato transparente\/DM<\/p>\n<p><strong>Espesor:<\/strong>\u00a03mm<\/p>\n<p><strong>Cantidad:\u00a0<\/strong>5\u00a0unidades<\/p>\n<\/div>\n<p><strong><a href=\"http:\/\/www.fryxgames.se\/games\/terraforming-mars\/\">Terraforming Mars<\/a> <\/strong>es un juego dise\u00f1ado por\u00a0<strong>Jacob Fryxelius<\/strong>\u00a0publicado por\u00a0<strong><a href=\"http:\/\/www.fryxgames.se\/games\/terraforming-mars\/\">Fryx Games<\/a>.<\/strong>\u00a0<strong>Customeeple<\/strong> no mantiene ninguna relaci\u00f3n con esa compa\u00f1\u00eda y este producto no est\u00e1 de ninguna manera patrocinado por ellos.<\/p>\n<p>&nbsp;<\/p>\n","protected":false},"excerpt":{"rendered":"<p>Un set completo de 5 bandejas para\u00a0<a href=\"http:\/\/www.fryxgames.se\/games\/terraforming-mars\/\"><strong>Terraforming Mars<\/strong><\/a><\/p>\n","protected":false},"featured_media":27381,"template":"","meta":{"_acf_changed":false},"product_brand":[],"product_cat":[1370,1397],"product_tag":[1442,1099],"class_list":{"0":"post-27335","1":"product","2":"type-product","3":"status-publish","4":"has-post-thumbnail","6":"product_cat-customeeple-es","7":"product_cat-overlay-es","8":"product_tag-overlay-es","9":"product_tag-terraforming-mars-es","11":"first","12":"instock","13":"taxable","14":"shipping-taxable","15":"purchasable","16":"product-type-variable"},"exclude_global_add_ons":[],"addons":[],"acf":[],"_links":{"self":[{"href":"https:\/\/www.customeeple.com\/es\/wp-json\/wp\/v2\/product\/27335","targetHints":{"allow":["GET"]}}],"collection":[{"href":"https:\/\/www.customeeple.com\/es\/wp-json\/wp\/v2\/product"}],"about":[{"href":"https:\/\/www.customeeple.com\/es\/wp-json\/wp\/v2\/types\/product"}],"wp:featuredmedia":[{"embeddable":true,"href":"https:\/\/www.customeeple.com\/es\/wp-json\/wp\/v2\/media\/27381"}],"wp:attachment":[{"href":"https:\/\/www.customeeple.com\/es\/wp-json\/wp\/v2\/media?parent=27335"}],"wp:term":[{"taxonomy":"product_brand","embeddable":true,"href":"https:\/\/www.customeeple.com\/es\/wp-json\/wp\/v2\/product_brand?post=27335"},{"taxonomy":"product_cat","embeddable":true,"href":"https:\/\/www.customeeple.com\/es\/wp-json\/wp\/v2\/product_cat?post=27335"},{"taxonomy":"product_tag","embeddable":true,"href":"https:\/\/www.customeeple.com\/es\/wp-json\/wp\/v2\/product_tag?post=27335"}],"curies":[{"name":"wp","href":"https:\/\/api.w.org\/{rel}","templated":true}]}}