{"id":27334,"date":"2017-05-29T15:59:45","date_gmt":"2017-05-29T13:59:59","guid":{"rendered":"http:\/\/www.customeeple.com\/?post_type=product&#038;p=27334\/"},"modified":"2017-08-09T20:50:47","modified_gmt":"2017-08-09T18:50:47","slug":"terraforming-mars-compatible-vegetation-tile","status":"publish","type":"product","link":"https:\/\/www.customeeple.com\/es\/producto\/terraforming-mars-compatible-vegetation-tile\/","title":{"rendered":"Loseta de vegetaci\u00f3n compatible con Terraforming Mars (10 Uds)"},"content":{"rendered":"<p>Losetas hexagonales fabricadas en metacrilato \u00a0verde. Tienen grabado un s\u00edmbolo de arbol para representar un bosque . Adem\u00e1s tienen un peque\u00f1o hueco para colocar un cubo y destacar a que jugador pertenecen.<\/p>\n<p>Puedes comprar este producto en dos versiones diferentes fluorescente y opaco.<\/p>\n<p>Este producto encajar\u00e1\u00a0a la perfecci\u00f3n con el\u00a0\u00a0tablero de \u00a0<a href=\"http:\/\/www.fryxgames.se\/games\/terraforming-mars\/\"><strong>Terraforming Mars<\/strong><\/a><\/p>\n<div class=\"moreinfo\">\n<p><strong>Material:<\/strong>\u00a0Metacrilato transparente<\/p>\n<p><strong>Espesor:<\/strong>\u00a03mm<\/p>\n<p><strong>Cantidad:\u00a0<\/strong>10 unidades<\/p>\n<\/div>\n<p><strong><a href=\"http:\/\/www.fryxgames.se\/games\/terraforming-mars\/\">Terraforming Mars<\/a> <\/strong>es un juego dise\u00f1ado por\u00a0<strong>Jacob Fryxelius<\/strong>\u00a0publicado por\u00a0<strong><a href=\"http:\/\/www.fryxgames.se\/games\/terraforming-mars\/\">Fryx Games<\/a>.<\/strong>\u00a0<strong>Customeeple<\/strong> no mantiene ninguna relaci\u00f3n con esa compa\u00f1\u00eda y este producto no est\u00e1 de ninguna manera patrocinado por ellos.<\/p>\n<p>&nbsp;<\/p>\n","protected":false},"excerpt":{"rendered":"<p>Hex\u00e1gono de Vegetaci\u00f3n compatible con el juego\u00a0<a href=\"http:\/\/www.fryxgames.se\/games\/terraforming-mars\/\"><strong>Terraforming Mars<\/strong><\/a><\/p>\n","protected":false},"featured_media":27375,"template":"","meta":{"_acf_changed":false},"product_brand":[],"product_cat":[1370,78],"product_tag":[1099],"class_list":{"0":"post-27334","1":"product","2":"type-product","3":"status-publish","4":"has-post-thumbnail","6":"product_cat-customeeple-es","7":"product_cat-meeple-2","8":"product_tag-terraforming-mars-es","10":"first","11":"instock","12":"taxable","13":"shipping-taxable","14":"purchasable","15":"product-type-variable"},"exclude_global_add_ons":[],"addons":[],"acf":[],"_links":{"self":[{"href":"https:\/\/www.customeeple.com\/es\/wp-json\/wp\/v2\/product\/27334","targetHints":{"allow":["GET"]}}],"collection":[{"href":"https:\/\/www.customeeple.com\/es\/wp-json\/wp\/v2\/product"}],"about":[{"href":"https:\/\/www.customeeple.com\/es\/wp-json\/wp\/v2\/types\/product"}],"wp:featuredmedia":[{"embeddable":true,"href":"https:\/\/www.customeeple.com\/es\/wp-json\/wp\/v2\/media\/27375"}],"wp:attachment":[{"href":"https:\/\/www.customeeple.com\/es\/wp-json\/wp\/v2\/media?parent=27334"}],"wp:term":[{"taxonomy":"product_brand","embeddable":true,"href":"https:\/\/www.customeeple.com\/es\/wp-json\/wp\/v2\/product_brand?post=27334"},{"taxonomy":"product_cat","embeddable":true,"href":"https:\/\/www.customeeple.com\/es\/wp-json\/wp\/v2\/product_cat?post=27334"},{"taxonomy":"product_tag","embeddable":true,"href":"https:\/\/www.customeeple.com\/es\/wp-json\/wp\/v2\/product_tag?post=27334"}],"curies":[{"name":"wp","href":"https:\/\/api.w.org\/{rel}","templated":true}]}}